{"id":47472,"date":"2019-07-16T15:44:24","date_gmt":"2019-07-16T15:44:24","guid":{"rendered":"https:\/\/shop.metal-badge.ch\/?product=sac-a-boisson-pour-systeme-a-boisson-20-l"},"modified":"2020-09-29T17:45:35","modified_gmt":"2020-09-29T15:45:35","slug":"sac-a-boisson-pour-systeme-a-boisson-20-l-2","status":"publish","type":"product","link":"https:\/\/metal-badge.ch\/fr\/product\/47472\/sac-a-boisson-pour-systeme-a-boisson-20-l-2\/","title":{"rendered":"Sac \u00e0 boisson pour syst\u00e8me \u00e0 boisson 2,0 L"},"content":{"rendered":"<p>Syst\u00e8me de boisson pour sacs \u00e0 dos de v\u00e9lo en polyur\u00e9thane hygi\u00e9nique approuv\u00e9 FDA. Le syst\u00e8me de boisson super plat se glisse dans chaque sac \u00e0 dos ou poche. Il conserve sa forme \u00e0 n&rsquo;importe quel niveau gr\u00e2ce \u00e0 la paroi stabilisatrice du d\u00e9flecteur. Gr\u00e2ce \u00e0 son grand bouchon \u00e0 vis, la poche de boisson est facile \u00e0 remplir. Tube de boisson extra long, sans saveur, avec valve d&rsquo;occlusion \u00e0 90 degr\u00e9s. Il est dans un mat\u00e9riau multicouche qui r\u00e9siste parfaitement \u00e0 l&rsquo;entortillement. Fonctionne \u00e9galement pour d&rsquo;autres sacs \u00e0 dos. Avec notre sac \u00e0 dos, il suffit d&rsquo;ins\u00e9rer la poche de boisson dans le compartiment int\u00e9rieur.<\/p>\n<p><strong>Informations du produit :<\/strong><br \/>\nType : Poche de boisson \/ syst\u00e8me de boisson<br \/>\nDimensions : hauteur 30 cm x largeur 17 cm<br \/>\nVolume : 2 litres<br \/>\nMati\u00e8re : polyur\u00e9thane tr\u00e8s durable<br \/>\nFacile \u00e0 remplir<br \/>\nAvec fermeture viss\u00e9e<br \/>\nTuyau de boisson 100 cm<br \/>\nEmbout pour la bouche \u00e0 mordre<br \/>\nConvient \u00e0 tous les sacs et sacs \u00e0 dos<\/p>\n","protected":false},"excerpt":{"rendered":"<p>Syst\u00e8me de boisson pour sacs \u00e0 dos de v\u00e9lo en polyur\u00e9thane hygi\u00e9nique approuv\u00e9 FDA. Le syst\u00e8me de boisson super plat se glisse dans chaque sac \u00e0 dos ou poche. Il conserve sa forme \u00e0 n&rsquo;importe quel niveau gr\u00e2ce \u00e0 la paroi stabilisatrice du d\u00e9flecteur. Gr\u00e2ce \u00e0 son grand bouchon \u00e0 vis, la poche de boisson [&hellip;]<\/p>\n","protected":false},"featured_media":47469,"comment_status":"open","ping_status":"closed","template":"","meta":{"inline_featured_image":false},"product_brand":[],"product_cat":[1255],"product_tag":[1769,1777,1773,1765],"class_list":{"0":"post-47472","1":"product","2":"type-product","3":"status-publish","4":"has-post-thumbnail","6":"product_cat-sacs-a-dos-et-systemes-de-boisson","7":"product_tag-army-survival-fr","8":"product_tag-camping-voyage","9":"product_tag-chasse-peche","10":"product_tag-sport-outdoor-fr","12":"first","13":"instock","14":"taxable","15":"shipping-taxable","16":"purchasable","17":"product-type-simple"},"_links":{"self":[{"href":"https:\/\/metal-badge.ch\/fr\/wp-json\/wp\/v2\/product\/47472","targetHints":{"allow":["GET"]}}],"collection":[{"href":"https:\/\/metal-badge.ch\/fr\/wp-json\/wp\/v2\/product"}],"about":[{"href":"https:\/\/metal-badge.ch\/fr\/wp-json\/wp\/v2\/types\/product"}],"replies":[{"embeddable":true,"href":"https:\/\/metal-badge.ch\/fr\/wp-json\/wp\/v2\/comments?post=47472"}],"wp:featuredmedia":[{"embeddable":true,"href":"https:\/\/metal-badge.ch\/fr\/wp-json\/wp\/v2\/media\/47469"}],"wp:attachment":[{"href":"https:\/\/metal-badge.ch\/fr\/wp-json\/wp\/v2\/media?parent=47472"}],"wp:term":[{"taxonomy":"product_brand","embeddable":true,"href":"https:\/\/metal-badge.ch\/fr\/wp-json\/wp\/v2\/product_brand?post=47472"},{"taxonomy":"product_cat","embeddable":true,"href":"https:\/\/metal-badge.ch\/fr\/wp-json\/wp\/v2\/product_cat?post=47472"},{"taxonomy":"product_tag","embeddable":true,"href":"https:\/\/metal-badge.ch\/fr\/wp-json\/wp\/v2\/product_tag?post=47472"}],"curies":[{"name":"wp","href":"https:\/\/api.w.org\/{rel}","templated":true}]}}