{"id":47446,"date":"2019-07-16T14:38:04","date_gmt":"2019-07-16T14:38:04","guid":{"rendered":"https:\/\/shop.metal-badge.ch\/?product=camelbak-sac-a-dos-de-boisson-gris-noir"},"modified":"2019-07-16T14:42:32","modified_gmt":"2019-07-16T14:42:32","slug":"camelbak-sac-a-dos-de-boisson-gris-noir","status":"publish","type":"product","link":"https:\/\/metal-badge.ch\/fr\/product\/47446\/camelbak-sac-a-dos-de-boisson-gris-noir\/","title":{"rendered":"Camelbak \/ Sac \u00e0 dos de boisson gris noir"},"content":{"rendered":"<p>Ce sac \u00e0 dos de boisson a tout ce qu&rsquo;on peut attendre d&rsquo;un sac \u00e0 dos. Il est l\u00e9ger, robuste, a un design fin et offre encore assez d&rsquo;espace pour une poche de boisson de 2,5 litres, des collations, des outils et des v\u00eatements l\u00e9gers. Ce sac \u00e0 dos de boisson est \u00e9quip\u00e9 d&rsquo;un grand compartiment ext\u00e9rieur avec fermeture \u00e9clair. Le grand compartiment ext\u00e9rieur est \u00e9quip\u00e9 de diverses poches et d&rsquo;une poche en filet avec fermeture \u00e9clair \u00e0 l&rsquo;int\u00e9rieur. A l&rsquo;ext\u00e9rieur se trouve un autre compartiment \u00e0 fermeture \u00e9clair. Le sac \u00e0 dos est \u00e9quip\u00e9 d&rsquo;un Air Channel et d&rsquo;un cordon dorsal Air Mesh respirant pour un ajustement parfait et confortable. Les sangles des hanches et des \u00e9paules sont r\u00e9glables. Une poche de boisson de 2,5 litres est \u00e9galement comprise. Id\u00e9al pour le jogging, la randonn\u00e9e, le v\u00e9lo et toutes les activit\u00e9s de plein air.<\/p>\n<p>\n<strong>Informations du produit :<\/strong><br \/>\nCat\u00e9gorie : Sac \u00e0 dos avec syst\u00e8me de boisson<br \/>\nSupports pour tube de boisson des deux c\u00f4t\u00e9s<br \/>\nCompartiments pour outils, cl\u00e9s ou t\u00e9l\u00e9phone portable<br \/>\nDimensions : hauteur 46 cm x largeur 23 cm<br \/>\nVolumes totaux : 8 litres<br \/>\nPoche de boisson : contenu de 2,5 litres<br \/>\nPoign\u00e9e de transport<br \/>\nMati\u00e8re : nylon<br \/>\nCouleur : gris \/ noir<br \/>\nPoids : 390 g<br \/>\nAvec poche et tuyau de boisson avec valve de morsure<\/p>\n","protected":false},"excerpt":{"rendered":"<p>Ce sac \u00e0 dos de boisson a tout ce qu&rsquo;on peut attendre d&rsquo;un sac \u00e0 dos. Il est l\u00e9ger, robuste, a un design fin et offre encore assez d&rsquo;espace pour une poche de boisson de 2,5 litres, des collations, des outils et des v\u00eatements l\u00e9gers. Ce sac \u00e0 dos de boisson est \u00e9quip\u00e9 d&rsquo;un grand [&hellip;]<\/p>\n","protected":false},"featured_media":88121,"comment_status":"open","ping_status":"closed","template":"","meta":{"inline_featured_image":false},"product_brand":[],"product_cat":[1255],"product_tag":[1769,1777,1773,1765],"class_list":{"0":"post-47446","1":"product","2":"type-product","3":"status-publish","4":"has-post-thumbnail","6":"product_cat-sacs-a-dos-et-systemes-de-boisson","7":"product_tag-army-survival-fr","8":"product_tag-camping-voyage","9":"product_tag-chasse-peche","10":"product_tag-sport-outdoor-fr","12":"first","13":"instock","14":"taxable","15":"shipping-taxable","16":"purchasable","17":"product-type-simple"},"_links":{"self":[{"href":"https:\/\/metal-badge.ch\/fr\/wp-json\/wp\/v2\/product\/47446","targetHints":{"allow":["GET"]}}],"collection":[{"href":"https:\/\/metal-badge.ch\/fr\/wp-json\/wp\/v2\/product"}],"about":[{"href":"https:\/\/metal-badge.ch\/fr\/wp-json\/wp\/v2\/types\/product"}],"replies":[{"embeddable":true,"href":"https:\/\/metal-badge.ch\/fr\/wp-json\/wp\/v2\/comments?post=47446"}],"wp:featuredmedia":[{"embeddable":true,"href":"https:\/\/metal-badge.ch\/fr\/wp-json\/wp\/v2\/media\/88121"}],"wp:attachment":[{"href":"https:\/\/metal-badge.ch\/fr\/wp-json\/wp\/v2\/media?parent=47446"}],"wp:term":[{"taxonomy":"product_brand","embeddable":true,"href":"https:\/\/metal-badge.ch\/fr\/wp-json\/wp\/v2\/product_brand?post=47446"},{"taxonomy":"product_cat","embeddable":true,"href":"https:\/\/metal-badge.ch\/fr\/wp-json\/wp\/v2\/product_cat?post=47446"},{"taxonomy":"product_tag","embeddable":true,"href":"https:\/\/metal-badge.ch\/fr\/wp-json\/wp\/v2\/product_tag?post=47446"}],"curies":[{"name":"wp","href":"https:\/\/api.w.org\/{rel}","templated":true}]}}