{"id":47415,"date":"2019-07-09T16:43:43","date_gmt":"2019-07-09T16:43:43","guid":{"rendered":"https:\/\/shop.metal-badge.ch\/?product=etui-a-cheville-neoprene-elast"},"modified":"2019-07-18T17:23:38","modified_gmt":"2019-07-18T17:23:38","slug":"etui-a-cheville-neoprene-elast","status":"publish","type":"product","link":"https:\/\/metal-badge.ch\/fr\/product\/47415\/etui-a-cheville-neoprene-elast\/","title":{"rendered":"\u00c9tui \u00e0 cheville N\u00e9opr\u00e8ne Elast"},"content":{"rendered":"<p>L&rsquo;\u00e9tui de cheville en n\u00e9opr\u00e8ne et nylon peut \u00eatre port\u00e9 comme \u00e9tui int\u00e9rieur sous le pantalon sur le tibia, ou directement sur le pantalon. Tr\u00e8s confortable \u00e0 porter, l\u00e9g\u00e8rement rembourr\u00e9 \u00e0 l&rsquo;int\u00e9rieur et respirant. \u00c9quip\u00e9 d&rsquo;une poche \u00e0 munition de 5 cm x 9,5 cm de l&rsquo;\u00e9tui d&rsquo;arme\u00ab \u00e9lastique \u00bb de 7 cm de largeur en bas, 8 cm de largeur en haut et 9 cm de hauteur. L&rsquo;\u00e9tui est ferm\u00e9 par un solide velcro en haut et en bas. Cet \u00e9tui est pour le c\u00f4t\u00e9 droit. Nous offrons \u00e9galement un \u00e9tui pour le c\u00f4t\u00e9 gauche.<\/p>\n<p><strong>Informations du produit :<\/strong><br \/>\nMod\u00e8le : \u00c9tui pour cheville ou tibia<br \/>\n\u00c9tui respirant en n\u00e9opr\u00e8ne thermoactif et en nylon PD017<br \/>\nCouleur : noir<br \/>\n\u00c9lastique avec velcro r\u00e9sistant<\/p>\n","protected":false},"excerpt":{"rendered":"<p>L&rsquo;\u00e9tui de cheville en n\u00e9opr\u00e8ne et nylon peut \u00eatre port\u00e9 comme \u00e9tui int\u00e9rieur sous le pantalon sur le tibia, ou directement sur le pantalon. Tr\u00e8s confortable \u00e0 porter, l\u00e9g\u00e8rement rembourr\u00e9 \u00e0 l&rsquo;int\u00e9rieur et respirant. \u00c9quip\u00e9 d&rsquo;une poche \u00e0 munition de 5 cm x 9,5 cm de l&rsquo;\u00e9tui d&rsquo;arme\u00ab \u00e9lastique \u00bb de 7 cm de largeur [&hellip;]<\/p>\n","protected":false},"featured_media":88127,"comment_status":"open","ping_status":"closed","template":"","meta":{"inline_featured_image":false},"product_brand":[],"product_cat":[1347,1479],"product_tag":[1769,1773,1781],"class_list":{"0":"post-47415","1":"product","2":"type-product","3":"status-publish","4":"has-post-thumbnail","6":"product_cat-accessoires-militaires-de-chasse","7":"product_cat-etuis-de-revolver","8":"product_tag-army-survival-fr","9":"product_tag-chasse-peche","10":"product_tag-police-securite","12":"first","13":"instock","14":"taxable","15":"shipping-taxable","16":"purchasable","17":"product-type-simple"},"_links":{"self":[{"href":"https:\/\/metal-badge.ch\/fr\/wp-json\/wp\/v2\/product\/47415","targetHints":{"allow":["GET"]}}],"collection":[{"href":"https:\/\/metal-badge.ch\/fr\/wp-json\/wp\/v2\/product"}],"about":[{"href":"https:\/\/metal-badge.ch\/fr\/wp-json\/wp\/v2\/types\/product"}],"replies":[{"embeddable":true,"href":"https:\/\/metal-badge.ch\/fr\/wp-json\/wp\/v2\/comments?post=47415"}],"wp:featuredmedia":[{"embeddable":true,"href":"https:\/\/metal-badge.ch\/fr\/wp-json\/wp\/v2\/media\/88127"}],"wp:attachment":[{"href":"https:\/\/metal-badge.ch\/fr\/wp-json\/wp\/v2\/media?parent=47415"}],"wp:term":[{"taxonomy":"product_brand","embeddable":true,"href":"https:\/\/metal-badge.ch\/fr\/wp-json\/wp\/v2\/product_brand?post=47415"},{"taxonomy":"product_cat","embeddable":true,"href":"https:\/\/metal-badge.ch\/fr\/wp-json\/wp\/v2\/product_cat?post=47415"},{"taxonomy":"product_tag","embeddable":true,"href":"https:\/\/metal-badge.ch\/fr\/wp-json\/wp\/v2\/product_tag?post=47415"}],"curies":[{"name":"wp","href":"https:\/\/api.w.org\/{rel}","templated":true}]}}