{"id":47406,"date":"2019-07-09T16:28:44","date_gmt":"2019-07-09T16:28:44","guid":{"rendered":"https:\/\/shop.metal-badge.ch\/?product=etui-a-cheville-en-nylon"},"modified":"2019-07-18T17:25:27","modified_gmt":"2019-07-18T17:25:27","slug":"etui-a-cheville-en-nylon","status":"publish","type":"product","link":"https:\/\/metal-badge.ch\/fr\/product\/47406\/etui-a-cheville-en-nylon\/","title":{"rendered":"\u00c9tui \u00e0 cheville en nylon"},"content":{"rendered":"<p>L&rsquo;\u00e9tui de cheville en nylon \u00e9lastique peut \u00eatre port\u00e9 comme \u00e9tui int\u00e9rieur sous le pantalon sur le tibia, ou directement sur le pantalon. Confortable \u00e0 porter. L\u2019\u00e9tui d\u2019arme est \u00e9galement \u00e9lastique et mesure 9 cm de large pour 10 cm de haut. L\u2019\u00e9tui peut \u00eatre ferm\u00e9 par velcro. Cet \u00e9tui peut \u00eatre utilis\u00e9 du c\u00f4t\u00e9 droit ou gauche. Convient \u00e0 tous les pistolets courants Glock, Sig Sauer etc.<\/p>\n<p><strong>Informations du produit :<\/strong><br \/>\nMod\u00e8le : \u00c9tui \u00e0 chevilles PD016<br \/>\nCouleur : noir<br \/>\nDimensions : hauteur 13 cm x 42 cm, \u00e9lastique<br \/>\n\u00c9tui pour pistolet : 9 cm de large x 10 cm de haut, fermable avec velcro<br \/>\n\u00c9lastique avec velcro r\u00e9sistant<\/p>\n","protected":false},"excerpt":{"rendered":"<p>L&rsquo;\u00e9tui de cheville en nylon \u00e9lastique peut \u00eatre port\u00e9 comme \u00e9tui int\u00e9rieur sous le pantalon sur le tibia, ou directement sur le pantalon. Confortable \u00e0 porter. L\u2019\u00e9tui d\u2019arme est \u00e9galement \u00e9lastique et mesure 9 cm de large pour 10 cm de haut. L\u2019\u00e9tui peut \u00eatre ferm\u00e9 par velcro. Cet \u00e9tui peut \u00eatre utilis\u00e9 du c\u00f4t\u00e9 [&hellip;]<\/p>\n","protected":false},"featured_media":88129,"comment_status":"open","ping_status":"closed","template":"","meta":{"inline_featured_image":false},"product_brand":[],"product_cat":[1347,1479],"product_tag":[1769,1773,1781],"class_list":{"0":"post-47406","1":"product","2":"type-product","3":"status-publish","4":"has-post-thumbnail","6":"product_cat-accessoires-militaires-de-chasse","7":"product_cat-etuis-de-revolver","8":"product_tag-army-survival-fr","9":"product_tag-chasse-peche","10":"product_tag-police-securite","12":"first","13":"instock","14":"taxable","15":"shipping-taxable","16":"purchasable","17":"product-type-simple"},"_links":{"self":[{"href":"https:\/\/metal-badge.ch\/fr\/wp-json\/wp\/v2\/product\/47406","targetHints":{"allow":["GET"]}}],"collection":[{"href":"https:\/\/metal-badge.ch\/fr\/wp-json\/wp\/v2\/product"}],"about":[{"href":"https:\/\/metal-badge.ch\/fr\/wp-json\/wp\/v2\/types\/product"}],"replies":[{"embeddable":true,"href":"https:\/\/metal-badge.ch\/fr\/wp-json\/wp\/v2\/comments?post=47406"}],"wp:featuredmedia":[{"embeddable":true,"href":"https:\/\/metal-badge.ch\/fr\/wp-json\/wp\/v2\/media\/88129"}],"wp:attachment":[{"href":"https:\/\/metal-badge.ch\/fr\/wp-json\/wp\/v2\/media?parent=47406"}],"wp:term":[{"taxonomy":"product_brand","embeddable":true,"href":"https:\/\/metal-badge.ch\/fr\/wp-json\/wp\/v2\/product_brand?post=47406"},{"taxonomy":"product_cat","embeddable":true,"href":"https:\/\/metal-badge.ch\/fr\/wp-json\/wp\/v2\/product_cat?post=47406"},{"taxonomy":"product_tag","embeddable":true,"href":"https:\/\/metal-badge.ch\/fr\/wp-json\/wp\/v2\/product_tag?post=47406"}],"curies":[{"name":"wp","href":"https:\/\/api.w.org\/{rel}","templated":true}]}}