{"id":47397,"date":"2019-07-09T16:18:07","date_gmt":"2019-07-09T16:18:07","guid":{"rendered":"https:\/\/shop.metal-badge.ch\/?product=etui-de-hanche-pour-pistolet-version-droite-et-gauche"},"modified":"2019-07-18T17:21:16","modified_gmt":"2019-07-18T17:21:16","slug":"etui-de-hanche-pour-pistolet-version-droite-et-gauche","status":"publish","type":"product","link":"https:\/\/metal-badge.ch\/fr\/product\/47397\/etui-de-hanche-pour-pistolet-version-droite-et-gauche\/","title":{"rendered":"\u00c9tui de hanche pour pistolet, version droite et gauche"},"content":{"rendered":"<p>Cet \u00e9tui de hanche peut \u00eatre port\u00e9 cach\u00e9 par-dessus ou sous une veste ou directement sur la peau. La ceinture pour hanche est en n\u00e9opr\u00e8ne \u00e9lastique et respirant. Agr\u00e9able \u00e0 porter, int\u00e9rieur l\u00e9g\u00e8rement rembourr\u00e9. Cet \u00e9tui de hanche contient l&rsquo;\u00e9tui \u00e9lastique pour pistolet et l&rsquo;\u00e9tui pour chargeur. Versions droite et gauche disponibles, cf. proc\u00e9dure de commande. Convient \u00e0 tous les pistolets courants.<\/p>\n<p><strong>Informations du produit :<\/strong><br \/>\nMod\u00e8le : \u00c9tui pour hanche PD013<br \/>\n\u00c9tui respirant en n\u00e9opr\u00e8ne thermoactif et en nylon<br \/>\nCouleur : noir<br \/>\nDimensions : hauteur 13 cm x 113 cm \u00e9lastique, longueur \u00e9tir\u00e9e 125 cm<br \/>\nAvec \u00e9tui de pistolet refermable avec \u00e9lastique<br \/>\nBonne tenue de l&rsquo;arme<br \/>\nSac pour le chargeur<br \/>\n\u00c9lastique avec velcro r\u00e9sistant<\/p>\n","protected":false},"excerpt":{"rendered":"<p>Cet \u00e9tui de hanche peut \u00eatre port\u00e9 cach\u00e9 par-dessus ou sous une veste ou directement sur la peau. La ceinture pour hanche est en n\u00e9opr\u00e8ne \u00e9lastique et respirant. Agr\u00e9able \u00e0 porter, int\u00e9rieur l\u00e9g\u00e8rement rembourr\u00e9. Cet \u00e9tui de hanche contient l&rsquo;\u00e9tui \u00e9lastique pour pistolet et l&rsquo;\u00e9tui pour chargeur. Versions droite et gauche disponibles, cf. proc\u00e9dure de [&hellip;]<\/p>\n","protected":false},"featured_media":88131,"comment_status":"open","ping_status":"closed","template":"","meta":{"inline_featured_image":false},"product_brand":[],"product_cat":[1347,1479],"product_tag":[1769,1773,1781],"class_list":{"0":"post-47397","1":"product","2":"type-product","3":"status-publish","4":"has-post-thumbnail","6":"product_cat-accessoires-militaires-de-chasse","7":"product_cat-etuis-de-revolver","8":"product_tag-army-survival-fr","9":"product_tag-chasse-peche","10":"product_tag-police-securite","12":"first","13":"instock","14":"taxable","15":"shipping-taxable","16":"purchasable","17":"product-type-simple"},"_links":{"self":[{"href":"https:\/\/metal-badge.ch\/fr\/wp-json\/wp\/v2\/product\/47397","targetHints":{"allow":["GET"]}}],"collection":[{"href":"https:\/\/metal-badge.ch\/fr\/wp-json\/wp\/v2\/product"}],"about":[{"href":"https:\/\/metal-badge.ch\/fr\/wp-json\/wp\/v2\/types\/product"}],"replies":[{"embeddable":true,"href":"https:\/\/metal-badge.ch\/fr\/wp-json\/wp\/v2\/comments?post=47397"}],"wp:featuredmedia":[{"embeddable":true,"href":"https:\/\/metal-badge.ch\/fr\/wp-json\/wp\/v2\/media\/88131"}],"wp:attachment":[{"href":"https:\/\/metal-badge.ch\/fr\/wp-json\/wp\/v2\/media?parent=47397"}],"wp:term":[{"taxonomy":"product_brand","embeddable":true,"href":"https:\/\/metal-badge.ch\/fr\/wp-json\/wp\/v2\/product_brand?post=47397"},{"taxonomy":"product_cat","embeddable":true,"href":"https:\/\/metal-badge.ch\/fr\/wp-json\/wp\/v2\/product_cat?post=47397"},{"taxonomy":"product_tag","embeddable":true,"href":"https:\/\/metal-badge.ch\/fr\/wp-json\/wp\/v2\/product_tag?post=47397"}],"curies":[{"name":"wp","href":"https:\/\/api.w.org\/{rel}","templated":true}]}}