{"id":47387,"date":"2019-07-09T15:50:12","date_gmt":"2019-07-09T15:50:12","guid":{"rendered":"https:\/\/shop.metal-badge.ch\/?product=pistolet-pour-etui-de-hanche-avec-compartiment-zippe"},"modified":"2019-07-18T17:19:46","modified_gmt":"2019-07-18T17:19:46","slug":"pistolet-pour-etui-de-hanche-avec-compartiment-zippe","status":"publish","type":"product","link":"https:\/\/metal-badge.ch\/fr\/product\/47387\/pistolet-pour-etui-de-hanche-avec-compartiment-zippe\/","title":{"rendered":"Pistolet pour \u00e9tui de hanche avec compartiment zipp\u00e9"},"content":{"rendered":"<p>Cet \u00e9tui de hanche peut \u00eatre port\u00e9 cach\u00e9 par-dessus ou sous une veste ou directement sur la peau. Ceinture pour hanche en n\u00e9opr\u00e8ne \u00e9lastique et respirant. Agr\u00e9able \u00e0 porter, int\u00e9rieur l\u00e9g\u00e8rement rembourr\u00e9. L&rsquo;\u00e9tui \u00e0 pistolet \u00e9lastique de dimensions de 9 cm de hauteur pour 10 cm de large peut \u00eatre ferm\u00e9 avec un \u00e9lastique. Le porte-chargeur offre de la place pour 1 \u00e0 2 chargeurs ou lampes. L&rsquo;\u00e9tui de hanche est en outre \u00e9quip\u00e9 d&rsquo;une poche zipp\u00e9e, qui est fix\u00e9e \u00e0 la ceinture \u00e0 l&rsquo;aide d&rsquo;un velcro. Le compartiment \u00e0 fermeture \u00e9clair mesure 12 cm x 9 cm et offre de la place pour les pi\u00e8ces de monnaie, les billets et les cl\u00e9s. Cet \u00e9tui pour la hanche peut \u00eatre utilis\u00e9 du c\u00f4t\u00e9 droit ou gauche. Convient \u00e0 tous les pistolets courants Glock, Sig Sauer etc.<\/p>\n<p><strong>Informations du produit :<\/strong><br \/>\nMod\u00e8le : \u00c9tui pour hanche PD015<br \/>\n\u00c9tui respirant en n\u00e9opr\u00e8ne thermoactif et en nylon<br \/>\nCouleur : noir<br \/>\nDimensions : hauteur 13 cm x longueur 120 cm, \u00e9lastique<br \/>\n\u00c9tui pour pistolet : 9 cm de large x 10 cm de haut, fermable avec \u00e9lastique<br \/>\n\u00c9lastique avec velcro r\u00e9sistant<\/p>\n","protected":false},"excerpt":{"rendered":"<p>Cet \u00e9tui de hanche peut \u00eatre port\u00e9 cach\u00e9 par-dessus ou sous une veste ou directement sur la peau. Ceinture pour hanche en n\u00e9opr\u00e8ne \u00e9lastique et respirant. Agr\u00e9able \u00e0 porter, int\u00e9rieur l\u00e9g\u00e8rement rembourr\u00e9. L&rsquo;\u00e9tui \u00e0 pistolet \u00e9lastique de dimensions de 9 cm de hauteur pour 10 cm de large peut \u00eatre ferm\u00e9 avec un \u00e9lastique. Le [&hellip;]<\/p>\n","protected":false},"featured_media":88133,"comment_status":"open","ping_status":"closed","template":"","meta":{"inline_featured_image":false},"product_brand":[],"product_cat":[1347,1479],"product_tag":[1781],"class_list":{"0":"post-47387","1":"product","2":"type-product","3":"status-publish","4":"has-post-thumbnail","6":"product_cat-accessoires-militaires-de-chasse","7":"product_cat-etuis-de-revolver","8":"product_tag-police-securite","10":"first","11":"instock","12":"taxable","13":"shipping-taxable","14":"purchasable","15":"product-type-simple"},"_links":{"self":[{"href":"https:\/\/metal-badge.ch\/fr\/wp-json\/wp\/v2\/product\/47387","targetHints":{"allow":["GET"]}}],"collection":[{"href":"https:\/\/metal-badge.ch\/fr\/wp-json\/wp\/v2\/product"}],"about":[{"href":"https:\/\/metal-badge.ch\/fr\/wp-json\/wp\/v2\/types\/product"}],"replies":[{"embeddable":true,"href":"https:\/\/metal-badge.ch\/fr\/wp-json\/wp\/v2\/comments?post=47387"}],"wp:featuredmedia":[{"embeddable":true,"href":"https:\/\/metal-badge.ch\/fr\/wp-json\/wp\/v2\/media\/88133"}],"wp:attachment":[{"href":"https:\/\/metal-badge.ch\/fr\/wp-json\/wp\/v2\/media?parent=47387"}],"wp:term":[{"taxonomy":"product_brand","embeddable":true,"href":"https:\/\/metal-badge.ch\/fr\/wp-json\/wp\/v2\/product_brand?post=47387"},{"taxonomy":"product_cat","embeddable":true,"href":"https:\/\/metal-badge.ch\/fr\/wp-json\/wp\/v2\/product_cat?post=47387"},{"taxonomy":"product_tag","embeddable":true,"href":"https:\/\/metal-badge.ch\/fr\/wp-json\/wp\/v2\/product_tag?post=47387"}],"curies":[{"name":"wp","href":"https:\/\/api.w.org\/{rel}","templated":true}]}}