{"id":47356,"date":"2019-07-09T14:58:16","date_gmt":"2019-07-09T14:58:16","guid":{"rendered":"https:\/\/shop.metal-badge.ch\/?product=etui-pour-jambe-de-pistolet-noir-reglable-droite"},"modified":"2019-07-09T14:59:23","modified_gmt":"2019-07-09T14:59:23","slug":"etui-pour-jambe-de-pistolet-noir-reglable-droite","status":"publish","type":"product","link":"https:\/\/metal-badge.ch\/fr\/product\/47356\/etui-pour-jambe-de-pistolet-noir-reglable-droite\/","title":{"rendered":"\u00c9tui pour jambe de pistolet, noir, r\u00e9glable, droite"},"content":{"rendered":"<p>\u00c9tui profond pour toutes les armes courtes courantes. Sangles de hanche, de cuisse et fixation de ceinture toutes r\u00e9glables et amovibles \u00e0 l&rsquo;aide d&rsquo;une fermeture \u00e0 cliquet. \u00c9tui \u00e0 passant de ceinture avec velcro (pour ceintures jusqu&rsquo;\u00e0 env. 5 cm) adaptable individuellement par sangle de s\u00e9curit\u00e9 \u00e0 fermeture velcro, avec velcro et bouton pression. Une poche pour lampe-torche ou chargeur se trouve \u00e0 l&rsquo;avant.<\/p>\n<p>Nous fabriquons le m\u00eame \u00e9tui pour gauchers.<\/p>\n<p><strong>Description du produit :<\/strong><br \/>\nMati\u00e8re : 100 % polyester<br \/>\nPoids : 310 g<br \/>\nCouleur : noir<\/p>\n","protected":false},"excerpt":{"rendered":"<p>\u00c9tui profond pour toutes les armes courtes courantes. Sangles de hanche, de cuisse et fixation de ceinture toutes r\u00e9glables et amovibles \u00e0 l&rsquo;aide d&rsquo;une fermeture \u00e0 cliquet. \u00c9tui \u00e0 passant de ceinture avec velcro (pour ceintures jusqu&rsquo;\u00e0 env. 5 cm) adaptable individuellement par sangle de s\u00e9curit\u00e9 \u00e0 fermeture velcro, avec velcro et bouton pression. Une [&hellip;]<\/p>\n","protected":false},"featured_media":74470,"comment_status":"open","ping_status":"closed","template":"","meta":{"inline_featured_image":false},"product_brand":[],"product_cat":[1347,1479],"product_tag":[1769,1773,1781],"class_list":{"0":"post-47356","1":"product","2":"type-product","3":"status-publish","4":"has-post-thumbnail","6":"product_cat-accessoires-militaires-de-chasse","7":"product_cat-etuis-de-revolver","8":"product_tag-army-survival-fr","9":"product_tag-chasse-peche","10":"product_tag-police-securite","12":"first","13":"instock","14":"taxable","15":"shipping-taxable","16":"purchasable","17":"product-type-simple"},"_links":{"self":[{"href":"https:\/\/metal-badge.ch\/fr\/wp-json\/wp\/v2\/product\/47356","targetHints":{"allow":["GET"]}}],"collection":[{"href":"https:\/\/metal-badge.ch\/fr\/wp-json\/wp\/v2\/product"}],"about":[{"href":"https:\/\/metal-badge.ch\/fr\/wp-json\/wp\/v2\/types\/product"}],"replies":[{"embeddable":true,"href":"https:\/\/metal-badge.ch\/fr\/wp-json\/wp\/v2\/comments?post=47356"}],"wp:featuredmedia":[{"embeddable":true,"href":"https:\/\/metal-badge.ch\/fr\/wp-json\/wp\/v2\/media\/74470"}],"wp:attachment":[{"href":"https:\/\/metal-badge.ch\/fr\/wp-json\/wp\/v2\/media?parent=47356"}],"wp:term":[{"taxonomy":"product_brand","embeddable":true,"href":"https:\/\/metal-badge.ch\/fr\/wp-json\/wp\/v2\/product_brand?post=47356"},{"taxonomy":"product_cat","embeddable":true,"href":"https:\/\/metal-badge.ch\/fr\/wp-json\/wp\/v2\/product_cat?post=47356"},{"taxonomy":"product_tag","embeddable":true,"href":"https:\/\/metal-badge.ch\/fr\/wp-json\/wp\/v2\/product_tag?post=47356"}],"curies":[{"name":"wp","href":"https:\/\/api.w.org\/{rel}","templated":true}]}}