{"id":47336,"date":"2019-07-09T12:09:38","date_gmt":"2019-07-09T12:09:38","guid":{"rendered":"https:\/\/shop.metal-badge.ch\/?product=ruban-camouflage-adhesif-45-m-x-5-cm"},"modified":"2019-07-09T13:44:40","modified_gmt":"2019-07-09T13:44:40","slug":"ruban-camouflage-adhesif-45-m-x-5-cm","status":"publish","type":"product","link":"https:\/\/metal-badge.ch\/fr\/product\/47336\/ruban-camouflage-adhesif-45-m-x-5-cm\/","title":{"rendered":"Ruban camouflage adh\u00e9sif 4,5 m x 5 cm"},"content":{"rendered":"<p>Le ruban camouflage Camo Form d&rsquo;une longueur de 4,5 m et d&rsquo;une largeur de 5 cm est un ruban de protection et de camouflage en mat\u00e9riau extensible et r\u00e9sistant aux intemp\u00e9ries. Le ruban adh\u00e9sif et r\u00e9utilisable est id\u00e9al pour prot\u00e9ger et camoufler armes, couteaux, jumelles, cam\u00e9ras, etc. Ruban de marquage et de camouflage avec de nombreuses possibilit\u00e9s d&rsquo;application comme le softair, le paintball, la chasse, l&rsquo;observation des animaux, le marquage des sentiers, etc.<\/p>\n<p>Informations sur le produit :<br \/>\nDisponible dans 3 couleurs diff\u00e9rentes (Desert, Wood, Real Tree )<br \/>\nLongueur 4,5m<br \/>\nLargeur : 5 cm<br \/>\nAdh\u00e9sif<br \/>\nR\u00e9sistant aux intemp\u00e9ries<\/p>\n","protected":false},"excerpt":{"rendered":"<p>Le ruban camouflage Camo Form d&rsquo;une longueur de 4,5 m et d&rsquo;une largeur de 5 cm est un ruban de protection et de camouflage en mat\u00e9riau extensible et r\u00e9sistant aux intemp\u00e9ries. Le ruban adh\u00e9sif et r\u00e9utilisable est id\u00e9al pour prot\u00e9ger et camoufler armes, couteaux, jumelles, cam\u00e9ras, etc. Ruban de marquage et de camouflage avec de [&hellip;]<\/p>\n","protected":false},"featured_media":88141,"comment_status":"open","ping_status":"closed","template":"","meta":{"inline_featured_image":false},"product_brand":[],"product_cat":[1347,1722],"product_tag":[1769,1773],"class_list":{"0":"post-47336","1":"product","2":"type-product","3":"status-publish","4":"has-post-thumbnail","6":"product_cat-accessoires-militaires-de-chasse","7":"product_cat-rubans-barriere-camouflage-adhesifs","8":"product_tag-army-survival-fr","9":"product_tag-chasse-peche","11":"first","12":"instock","13":"taxable","14":"shipping-taxable","15":"purchasable","16":"product-type-simple"},"_links":{"self":[{"href":"https:\/\/metal-badge.ch\/fr\/wp-json\/wp\/v2\/product\/47336","targetHints":{"allow":["GET"]}}],"collection":[{"href":"https:\/\/metal-badge.ch\/fr\/wp-json\/wp\/v2\/product"}],"about":[{"href":"https:\/\/metal-badge.ch\/fr\/wp-json\/wp\/v2\/types\/product"}],"replies":[{"embeddable":true,"href":"https:\/\/metal-badge.ch\/fr\/wp-json\/wp\/v2\/comments?post=47336"}],"wp:featuredmedia":[{"embeddable":true,"href":"https:\/\/metal-badge.ch\/fr\/wp-json\/wp\/v2\/media\/88141"}],"wp:attachment":[{"href":"https:\/\/metal-badge.ch\/fr\/wp-json\/wp\/v2\/media?parent=47336"}],"wp:term":[{"taxonomy":"product_brand","embeddable":true,"href":"https:\/\/metal-badge.ch\/fr\/wp-json\/wp\/v2\/product_brand?post=47336"},{"taxonomy":"product_cat","embeddable":true,"href":"https:\/\/metal-badge.ch\/fr\/wp-json\/wp\/v2\/product_cat?post=47336"},{"taxonomy":"product_tag","embeddable":true,"href":"https:\/\/metal-badge.ch\/fr\/wp-json\/wp\/v2\/product_tag?post=47336"}],"curies":[{"name":"wp","href":"https:\/\/api.w.org\/{rel}","templated":true}]}}