{"id":47314,"date":"2019-07-09T11:07:06","date_gmt":"2019-07-09T11:07:06","guid":{"rendered":"https:\/\/shop.metal-badge.ch\/?product=lampe-frontale-et-pour-velo-power-led-1x-cree-xm-l-t6-led2-cree-xp-e-q5led"},"modified":"2019-07-09T11:08:24","modified_gmt":"2019-07-09T11:08:24","slug":"lampe-frontale-et-pour-velo-power-led-1x-cree-xm-l-t6-led2-cree-xp-e-q5led","status":"publish","type":"product","link":"https:\/\/metal-badge.ch\/fr\/product\/47314\/lampe-frontale-et-pour-velo-power-led-1x-cree-xm-l-t6-led2-cree-xp-e-q5led\/","title":{"rendered":"Lampe frontale et pour v\u00e9lo Power LED 1x Cree XM-L T6 LED+2 Cree XP-E Q5LED"},"content":{"rendered":"<p>Lampe frontale et de v\u00e9lo \u00e0 la fois avec une LED Cree XM-L T6 LED+2 Cree XP-E Q5LED, r\u00e9glable en 4 niveaux \u00e0 partir de l&rsquo;intensit\u00e9 inf\u00e9rieure de 300 lumens avec un temps de fonctionnement de 12 heures maximum, le deuxi\u00e8me niveau d&rsquo;intensit\u00e9 de 600 lumens avec un temps de fonctionnement de 6 heures maximum et l&rsquo;intensit\u00e9 forte avec 2000 lumens et jusqu&rsquo;\u00e0 5 heures de fonctionnement. Le dernier mode est clignotant. Le r\u00e9flecteur en aluminium \u00e0 3 lampes offre un espace \u00e9clair\u00e9 tr\u00e8s large et long, jusqu&rsquo;\u00e0 100 m\u00e8tres. Les lampes lat\u00e9rales peuvent \u00eatre pivot\u00e9es vers le bas et vers le haut jusqu&rsquo;\u00e0 un angle de 180\u00b0. La lampe peut \u00eatre activ\u00e9e facilement en appuyant sur un bouton en haut. La lampe et la batterie sont prot\u00e9g\u00e9es contre les projections d&rsquo;eau et insensibles \u00e0 la pluie et \u00e0 la boue. La lampe peut \u00eatre facilement retir\u00e9e du bandeau de t\u00eate fourni, et pour introduite pour la fixation au guidon sur l&rsquo;anneau en plastique fourni. Voir les photos. La batterie se compose d&rsquo;une batterie lithium\/ion (1 batterie Li-ion 8,4 V \/ 3000 mAh). La batterie est prot\u00e9g\u00e9e contre l&rsquo;humidit\u00e9 par un \u00e9tui en silicone. La lampe frontale offre un grand confort d&rsquo;utilisation et peut \u00eatre adapt\u00e9e \u00e0 toutes les formes de t\u00eate gr\u00e2ce aux sangles \u00e9lastiques.<\/p>\n<p><strong>Donn\u00e9es techniques :<\/strong><br \/>\nMod\u00e8le : HT2R-2<br \/>\nMati\u00e8re : aluminium et plastique ABS<br \/>\nPoids de la lampe : 174 g.<br \/>\nFlux lumineux : max. 2 000 lumens (1 Cree XM-L T6 LED+ 2 Cree XP-E Q5LED)<br \/>\nBatterie : Lithium\/Ions 8,4 V Li-ion 18650 \/ 3000 mAh<br \/>\n4 modes d\u2019\u00e9clairage sont disponibles<\/p>\n<p><strong>Contenu :<\/strong><br \/>\nBatterie au lithium 2 pi\u00e8ces<br \/>\nAnneau de fixation pour guidon du v\u00e9lo<br \/>\nChargeur avec pris CH (100-240 V)<br \/>\nPrise de charge pour voiture<br \/>\nSangle r\u00e9glable pour fixation sur la t\u00eate ou au casque<\/p>\n<p>Attention : L&rsquo;\u00e9clairage du v\u00e9lo est tr\u00e8s lumineux. Veuillez \u00e9viter de l&rsquo;orienter vers les yeux d&rsquo;humains et d&rsquo;animaux.<\/p>\n","protected":false},"excerpt":{"rendered":"<p>Lampe frontale et de v\u00e9lo \u00e0 la fois avec une LED Cree XM-L T6 LED+2 Cree XP-E Q5LED, r\u00e9glable en 4 niveaux \u00e0 partir de l&rsquo;intensit\u00e9 inf\u00e9rieure de 300 lumens avec un temps de fonctionnement de 12 heures maximum, le deuxi\u00e8me niveau d&rsquo;intensit\u00e9 de 600 lumens avec un temps de fonctionnement de 6 heures maximum [&hellip;]<\/p>\n","protected":false},"featured_media":88145,"comment_status":"open","ping_status":"closed","template":"","meta":{"inline_featured_image":false},"product_brand":[],"product_cat":[1343],"product_tag":[1769,1777,1863,1765],"class_list":{"0":"post-47314","1":"product","2":"type-product","3":"status-publish","4":"has-post-thumbnail","6":"product_cat-lampes-lampes-de-poche","7":"product_tag-army-survival-fr","8":"product_tag-camping-voyage","9":"product_tag-lampes-frontale","10":"product_tag-sport-outdoor-fr","12":"first","13":"instock","14":"taxable","15":"shipping-taxable","16":"purchasable","17":"product-type-simple"},"_links":{"self":[{"href":"https:\/\/metal-badge.ch\/fr\/wp-json\/wp\/v2\/product\/47314","targetHints":{"allow":["GET"]}}],"collection":[{"href":"https:\/\/metal-badge.ch\/fr\/wp-json\/wp\/v2\/product"}],"about":[{"href":"https:\/\/metal-badge.ch\/fr\/wp-json\/wp\/v2\/types\/product"}],"replies":[{"embeddable":true,"href":"https:\/\/metal-badge.ch\/fr\/wp-json\/wp\/v2\/comments?post=47314"}],"wp:featuredmedia":[{"embeddable":true,"href":"https:\/\/metal-badge.ch\/fr\/wp-json\/wp\/v2\/media\/88145"}],"wp:attachment":[{"href":"https:\/\/metal-badge.ch\/fr\/wp-json\/wp\/v2\/media?parent=47314"}],"wp:term":[{"taxonomy":"product_brand","embeddable":true,"href":"https:\/\/metal-badge.ch\/fr\/wp-json\/wp\/v2\/product_brand?post=47314"},{"taxonomy":"product_cat","embeddable":true,"href":"https:\/\/metal-badge.ch\/fr\/wp-json\/wp\/v2\/product_cat?post=47314"},{"taxonomy":"product_tag","embeddable":true,"href":"https:\/\/metal-badge.ch\/fr\/wp-json\/wp\/v2\/product_tag?post=47314"}],"curies":[{"name":"wp","href":"https:\/\/api.w.org\/{rel}","templated":true}]}}