{"id":47303,"date":"2019-07-09T08:50:34","date_gmt":"2019-07-09T08:50:34","guid":{"rendered":"https:\/\/shop.metal-badge.ch\/?product=lampe-de-velo-et-frontale-a-2-led-cree-xm-lt6-led-bleue"},"modified":"2019-07-09T09:04:35","modified_gmt":"2019-07-09T09:04:35","slug":"lampe-de-velo-et-frontale-a-2-led-cree-xm-lt6-led-bleue","status":"publish","type":"product","link":"https:\/\/metal-badge.ch\/fr\/product\/47303\/lampe-de-velo-et-frontale-a-2-led-cree-xm-lt6-led-bleue\/","title":{"rendered":"Lampe de v\u00e9lo et frontale \u00e0 2 LED Cree XM-LT6 + LED bleue"},"content":{"rendered":"<p>Lampe de v\u00e9lo et frontale \u00e0 la fois, avec 2 LED Cree XM-LT6 + LED bleue. Pour cette lampe, un total de 9 niveaux d&rsquo;\u00e9clairage diff\u00e9rents peuvent \u00eatre r\u00e9gl\u00e9s \u00e0 l&rsquo;aide des boutons de commande situ\u00e9s en haut. Les deux lampes sont au niveau le plus \u00e9lev\u00e9 de l&rsquo;ordre de 1200 lumens. La lampe gauche est \u00e9quip\u00e9e d&rsquo;une lumi\u00e8re bleue, LED, et peut \u00eatre utilis\u00e9e \u00e0 3 niveaux avec 800 lumens au niveau 1, 1200 lumens au niveau 2 et mode stroboscope au niveau 3. Il en va de m\u00eame pour le c\u00f4t\u00e9 droit avec la lumi\u00e8re blanche. En outre, les deux lampes peuvent \u00e9galement \u00eatre utilis\u00e9es simultan\u00e9ment avec ces 3 fonctions. Les deux lampes peuvent \u00eatre regroup\u00e9es et allum\u00e9es en mode \u00ab zoom avant et arri\u00e8re focalis\u00e9 \u00bb du faisceau lumineux via les deux interrupteurs \u00e0 clapet sur le c\u00f4t\u00e9. En outre, la lampe peut \u00eatre inclin\u00e9e \u00e0 90\u00b0 via la grille dans l&rsquo;angle et peut \u00eatre utilis\u00e9e pour \u00e9clairer jusqu&rsquo;\u00e0 100 m\u00e8tres. La lampe et la batterie sont prot\u00e9g\u00e9es contre les projections d&rsquo;eau et insensibles \u00e0 la pluie et \u00e0 la boue. La lampe peut \u00eatre facilement retir\u00e9e du bandeau de t\u00eate fourni, et pour la fixation au guidon sur l&rsquo;anneau en plastique fourni, l&rsquo;anneau en caoutchouc peut \u00eatre r\u00e9tract\u00e9. Voir les photos. La batterie se compose d&rsquo;une batterie lithium\/ion (1 batterie Li-ion 8,4 V \/ 3000 mAh). La batterie est prot\u00e9g\u00e9e contre l&rsquo;humidit\u00e9 par un bo\u00eetier en plastique. La lampe frontale offre un grand confort d&rsquo;utilisation et peut \u00eatre adapt\u00e9e \u00e0 toutes les formes de t\u00eate gr\u00e2ce aux sangles \u00e9lastiques. La batterie peut \u00eatre recharg\u00e9e \u00e0 tout moment via la prise USB, directement par l&rsquo;ouverture sous le rev\u00eatement en caoutchouc. Cela permet aux batteries de rester dans le bo\u00eetier prot\u00e9g\u00e9 pendant la charge.<\/p>\n<p><strong>Donn\u00e9es techniques :<\/strong><br \/>\nMod\u00e8le : HT2D-B<br \/>\nMati\u00e8re : aluminium et plastique ABS<br \/>\nPoids de la lampe : 280 g.<br \/>\nFlux lumineux : max. 1200 lumens (2x Cree XM-LT6 + LED bleue)<br \/>\nBatterie : Lithium\/Ions Li-ion 18650 \/ 3000 mAh<br \/>\n4 modes d\u2019\u00e9clairage sont disponibles<\/p>\n<p><strong>Contenu :<\/strong><br \/>\nBatterie au lithium 2 pi\u00e8ces et sac en nylon<br \/>\nAnneau de fixation pour guidon du v\u00e9lo<br \/>\nChargeur avec pris CH (100-240 V)<br \/>\nSangle r\u00e9glable pour fixation sur la t\u00eate ou au casque<\/p>\n<p>Attention : L&rsquo;\u00e9clairage du v\u00e9lo est tr\u00e8s lumineux. Veuillez \u00e9viter de l&rsquo;orienter vers les yeux d&rsquo;humains et d&rsquo;animaux.<\/p>\n","protected":false},"excerpt":{"rendered":"<p>Lampe de v\u00e9lo et frontale \u00e0 la fois, avec 2 LED Cree XM-LT6 + LED bleue. Pour cette lampe, un total de 9 niveaux d&rsquo;\u00e9clairage diff\u00e9rents peuvent \u00eatre r\u00e9gl\u00e9s \u00e0 l&rsquo;aide des boutons de commande situ\u00e9s en haut. Les deux lampes sont au niveau le plus \u00e9lev\u00e9 de l&rsquo;ordre de 1200 lumens. La lampe gauche [&hellip;]<\/p>\n","protected":false},"featured_media":88147,"comment_status":"open","ping_status":"closed","template":"","meta":{"inline_featured_image":false},"product_brand":[],"product_cat":[1343],"product_tag":[1769,1777,1863,1765],"class_list":{"0":"post-47303","1":"product","2":"type-product","3":"status-publish","4":"has-post-thumbnail","6":"product_cat-lampes-lampes-de-poche","7":"product_tag-army-survival-fr","8":"product_tag-camping-voyage","9":"product_tag-lampes-frontale","10":"product_tag-sport-outdoor-fr","12":"first","13":"instock","14":"taxable","15":"shipping-taxable","16":"purchasable","17":"product-type-simple"},"_links":{"self":[{"href":"https:\/\/metal-badge.ch\/fr\/wp-json\/wp\/v2\/product\/47303","targetHints":{"allow":["GET"]}}],"collection":[{"href":"https:\/\/metal-badge.ch\/fr\/wp-json\/wp\/v2\/product"}],"about":[{"href":"https:\/\/metal-badge.ch\/fr\/wp-json\/wp\/v2\/types\/product"}],"replies":[{"embeddable":true,"href":"https:\/\/metal-badge.ch\/fr\/wp-json\/wp\/v2\/comments?post=47303"}],"wp:featuredmedia":[{"embeddable":true,"href":"https:\/\/metal-badge.ch\/fr\/wp-json\/wp\/v2\/media\/88147"}],"wp:attachment":[{"href":"https:\/\/metal-badge.ch\/fr\/wp-json\/wp\/v2\/media?parent=47303"}],"wp:term":[{"taxonomy":"product_brand","embeddable":true,"href":"https:\/\/metal-badge.ch\/fr\/wp-json\/wp\/v2\/product_brand?post=47303"},{"taxonomy":"product_cat","embeddable":true,"href":"https:\/\/metal-badge.ch\/fr\/wp-json\/wp\/v2\/product_cat?post=47303"},{"taxonomy":"product_tag","embeddable":true,"href":"https:\/\/metal-badge.ch\/fr\/wp-json\/wp\/v2\/product_tag?post=47303"}],"curies":[{"name":"wp","href":"https:\/\/api.w.org\/{rel}","templated":true}]}}