{"id":47281,"date":"2019-07-08T16:52:30","date_gmt":"2019-07-08T16:52:30","guid":{"rendered":"https:\/\/shop.metal-badge.ch\/?product=del-de-puissance-6000-lumens-pour-lampe-de-velo-ou-frontale-6x-cree-xm-l-t6"},"modified":"2019-07-08T16:54:22","modified_gmt":"2019-07-08T16:54:22","slug":"del-de-puissance-6000-lumens-pour-lampe-de-velo-ou-frontale-6x-cree-xm-l-t6","status":"publish","type":"product","link":"https:\/\/metal-badge.ch\/fr\/product\/47281\/del-de-puissance-6000-lumens-pour-lampe-de-velo-ou-frontale-6x-cree-xm-l-t6\/","title":{"rendered":"DEL de puissance 6000 lumens pour lampe de v\u00e9lo ou frontale 6x CREE XM-L T6"},"content":{"rendered":"<p>La nouvelle version simple avec la LED type 6x CREE CREE XM-L T6 a un rendement plus \u00e9lev\u00e9 et une consommation d&rsquo;\u00e9nergie plus faible en m\u00eame temps. La lampe a 3 niveaux d&rsquo;\u00e9clairage diff\u00e9rents (\u00e9lev\u00e9 6000 lm, moyen 500 lm &#038; torche). La lampe r\u00e9glable \u00e0 3 niveaux, de 500 \u00e0 6000 lumens avec un temps de fonctionnement \u00e0 capacit\u00e9 maximale de 6000 lumens d&rsquo;env. 2 heures et un \u00e0 faible capacit\u00e9 de 500 lumens allant jusqu&rsquo;\u00e0 6 heures. Le r\u00e9flecteur en aluminium offre une plage d&rsquo;\u00e9clairement tr\u00e8s large et \u00e9tendue. Le bo\u00eetier en aluminium frais\u00e9 CNC est anodis\u00e9 noir. Les ailettes de refroidissement g\u00e9n\u00e9reuses garantissent une dissipation efficace de la chaleur. L&rsquo;\u00e9lectronique prend en charge le contr\u00f4le de la temp\u00e9rature et s&rsquo;assombrit automatiquement si n\u00e9cessaire (par ex. pendant les temps morts). On \u00e9vite ainsi la surchauffe des composants. La lampe et la batterie sont prot\u00e9g\u00e9es contre les projections d&rsquo;eau et insensibles \u00e0 la pluie et \u00e0 la boue. 2 anneaux en caoutchouc diff\u00e9rents sont inclus dans l&#8217;emballage pour la fixation au guidon ou au bandeau de t\u00eate. La batterie se compose d&rsquo;une batterie lithium\/ion (1 batterie 8,4 V 4400 mAh). La connexion \u00e0 la lampe et au chargeur s&rsquo;effectue par une simple connexion enfichable. Dur\u00e9e de fonctionnement : env. 2 \u00e0 6 heures en fonction de la luminosit\u00e9. La mise en marche s&rsquo;effectue par l&rsquo;interm\u00e9diaire d&rsquo;un interrupteur central et \u00e9clair\u00e9 avec fonction de contr\u00f4le de l&rsquo;\u00e9tat de la batterie. La batterie est prot\u00e9g\u00e9e contre l&rsquo;humidit\u00e9 par un couvercle en silicone et est livr\u00e9e avec un sac en nylon pratique qui peut \u00eatre fix\u00e9 au cadre ou au guidon du v\u00e9lo avec une bande en velcro. Lors du port en tant que lampe frontale, la batterie peut \u00eatre transport\u00e9e dans un sac \u00e0 dos ou une poche de veste car la longueur de c\u00e2ble est suffisante.<\/p>\n<p>Les modes d\u2019\u00e9clairage suivant sont possibles :<br \/>\nPuissance totale<br \/>\nPuissance minimale<br \/>\nMode clignotant<\/p>\n<p><strong>Donn\u00e9es techniques :<\/strong><br \/>\nMod\u00e8le : BT06<br \/>\nPoids de la lampe : 150 g.<br \/>\nPoids total avec batterie et sac 340 g<br \/>\nFlux lumineux : max. 6000 lumens (6x CREE XM-L T6)<br \/>\nBatterie : Lithium\/Ions 8,4 v 4400 mAh<br \/>\nLongueur de c\u00e2ble d&rsquo;env. 120 cm<\/p>\n<p><strong>Contenu :<\/strong><br \/>\nLampe haute puissance avec 1 LED CREE XM-L T6 max. 6000 Lm<br \/>\nBatterie au lithium dans un sac en nylon (190 g)<br \/>\nChargeur avec pris CH (100-240 V)<br \/>\nSangle r\u00e9glable pour fixation sur la t\u00eate ou au casque<br \/>\n2 anneaux en caoutchouc pour fixation au guidon ou au bandeau de t\u00eate<\/p>\n<p>Attention : L&rsquo;\u00e9clairage du v\u00e9lo est tr\u00e8s lumineux. Veuillez \u00e9viter de l&rsquo;orienter vers les yeux d&rsquo;humains et d&rsquo;animaux.<\/p>\n","protected":false},"excerpt":{"rendered":"<p>La nouvelle version simple avec la LED type 6x CREE CREE XM-L T6 a un rendement plus \u00e9lev\u00e9 et une consommation d&rsquo;\u00e9nergie plus faible en m\u00eame temps. La lampe a 3 niveaux d&rsquo;\u00e9clairage diff\u00e9rents (\u00e9lev\u00e9 6000 lm, moyen 500 lm &#038; torche). La lampe r\u00e9glable \u00e0 3 niveaux, de 500 \u00e0 6000 lumens avec un [&hellip;]<\/p>\n","protected":false},"featured_media":88151,"comment_status":"open","ping_status":"closed","template":"","meta":{"inline_featured_image":false},"product_brand":[],"product_cat":[1343],"product_tag":[1769,1777,1863,1765],"class_list":{"0":"post-47281","1":"product","2":"type-product","3":"status-publish","4":"has-post-thumbnail","6":"product_cat-lampes-lampes-de-poche","7":"product_tag-army-survival-fr","8":"product_tag-camping-voyage","9":"product_tag-lampes-frontale","10":"product_tag-sport-outdoor-fr","12":"first","13":"instock","14":"taxable","15":"shipping-taxable","16":"purchasable","17":"product-type-simple"},"_links":{"self":[{"href":"https:\/\/metal-badge.ch\/fr\/wp-json\/wp\/v2\/product\/47281","targetHints":{"allow":["GET"]}}],"collection":[{"href":"https:\/\/metal-badge.ch\/fr\/wp-json\/wp\/v2\/product"}],"about":[{"href":"https:\/\/metal-badge.ch\/fr\/wp-json\/wp\/v2\/types\/product"}],"replies":[{"embeddable":true,"href":"https:\/\/metal-badge.ch\/fr\/wp-json\/wp\/v2\/comments?post=47281"}],"wp:featuredmedia":[{"embeddable":true,"href":"https:\/\/metal-badge.ch\/fr\/wp-json\/wp\/v2\/media\/88151"}],"wp:attachment":[{"href":"https:\/\/metal-badge.ch\/fr\/wp-json\/wp\/v2\/media?parent=47281"}],"wp:term":[{"taxonomy":"product_brand","embeddable":true,"href":"https:\/\/metal-badge.ch\/fr\/wp-json\/wp\/v2\/product_brand?post=47281"},{"taxonomy":"product_cat","embeddable":true,"href":"https:\/\/metal-badge.ch\/fr\/wp-json\/wp\/v2\/product_cat?post=47281"},{"taxonomy":"product_tag","embeddable":true,"href":"https:\/\/metal-badge.ch\/fr\/wp-json\/wp\/v2\/product_tag?post=47281"}],"curies":[{"name":"wp","href":"https:\/\/api.w.org\/{rel}","templated":true}]}}