{"id":47270,"date":"2019-07-08T15:55:11","date_gmt":"2019-07-08T15:55:11","guid":{"rendered":"https:\/\/shop.metal-badge.ch\/?product=del-de-puissance-3000-lumens-pour-lampe-de-velo-ou-frontale-3x-cree-xm-l-t6"},"modified":"2019-07-08T15:55:59","modified_gmt":"2019-07-08T15:55:59","slug":"del-de-puissance-3000-lumens-pour-lampe-de-velo-ou-frontale-3x-cree-xm-l-t6","status":"publish","type":"product","link":"https:\/\/metal-badge.ch\/fr\/product\/47270\/del-de-puissance-3000-lumens-pour-lampe-de-velo-ou-frontale-3x-cree-xm-l-t6\/","title":{"rendered":"DEL de puissance 3000 lumens pour lampe de v\u00e9lo ou frontale 3x CREE XM-L T6"},"content":{"rendered":"<p>\u00c9clairage frontal et de v\u00e9lo \u00e0 la fois, avec LED type 3x CREE XM-L T6 a un rendement plus \u00e9lev\u00e9 et une consommation d&rsquo;\u00e9nergie plus faible en m\u00eame temps. R\u00e9glable en 4 niveaux \u00e0 partir de l&rsquo;intensit\u00e9 inf\u00e9rieure de 160 lumens avec un temps de fonctionnement de 8 heures maximum, le deuxi\u00e8me niveau d&rsquo;intensit\u00e9 de 1800 lumens avec un temps de fonctionnement de 4 heures maximum et l&rsquo;intensit\u00e9 forte avec 3000 lumens et jusqu&rsquo;\u00e0 2 heures de fonctionnement. Le dernier mode est clignotant. Le r\u00e9flecteur en aluminium \u00e0 2 lampes offre un espace \u00e9clair\u00e9 tr\u00e8s large et long, jusqu&rsquo;\u00e0 100 m\u00e8tres. Le bouton on \/ off se trouve \u00e0 l&rsquo;arri\u00e8re de la lampe. Les trois LED vertes indiquent l\u2019\u00e9tat de charge de la batterie 3 LED 100 %, 2 LED 50 % 1 LED 25 %. Le bo\u00eetier en aluminium frais\u00e9 CNC est anodis\u00e9 noir. La lampe et la batterie sont prot\u00e9g\u00e9es contre les projections d&rsquo;eau et insensibles \u00e0 la pluie et \u00e0 la boue. 2 anneaux en caoutchouc diff\u00e9rents sont inclus dans l&#8217;emballage pour la fixation au guidon ou au bandeau de t\u00eate. La batterie se compose d&rsquo;une batterie lithium\/ion (1 batterie 8,4 V 4400 mAh). La connexion \u00e0 la lampe et au chargeur s&rsquo;effectue par une simple connexion enfichable. Dur\u00e9e de fonctionnement : env. 2 \u00e0 8 heures en fonction de la luminosit\u00e9. La batterie est prot\u00e9g\u00e9e contre l&rsquo;humidit\u00e9 par un couvercle en silicone et est livr\u00e9e avec un sac en nylon pratique qui peut \u00eatre fix\u00e9 au cadre ou au guidon du v\u00e9lo avec une bande en velcro. Lors du port en tant que lampe frontale, la batterie peut \u00eatre transport\u00e9e dans un sac \u00e0 dos ou une poche de veste car la longueur de c\u00e2ble est suffisante.<\/p>\n<p><strong>Donn\u00e9es techniques :<\/strong><br \/>\nMod\u00e8le : BT3C<br \/>\nPoids de la lampe : 145 g<br \/>\nPoids total avec batterie et sac 340 g<br \/>\nFlux lumineux : max. 3000 lumens (3x CREE XM-L2 T6)<br \/>\nBatterie : Lithium\/Ions 8,4 v 4400 mAh<br \/>\nLongueur de c\u00e2ble d&rsquo;env. 120 cm<br \/>\n4 modes d\u2019\u00e9clairage sont disponibles<br \/>\nAffichage de l\u2019\u00e9tat de la batterie<\/p>\n<p><strong>Contenu :<\/strong><br \/>\nLampe haute puissance avec triple LED CREE XM-L T6 max. 3000 Lm<br \/>\nBatterie au lithium dans un sac en nylon (190 g)<br \/>\nChargeur avec pris CH (100-240 V)<br \/>\nSangle r\u00e9glable pour fixation sur la t\u00eate ou au casque<br \/>\n2 anneaux en caoutchouc pour fixation au guidon ou au bandeau de t\u00eate<\/p>\n<p>Attention : L&rsquo;\u00e9clairage du v\u00e9lo est tr\u00e8s lumineux. Veuillez \u00e9viter de l&rsquo;orienter vers les yeux d&rsquo;humains et d&rsquo;animaux.<\/p>\n","protected":false},"excerpt":{"rendered":"<p>\u00c9clairage frontal et de v\u00e9lo \u00e0 la fois, avec LED type 3x CREE XM-L T6 a un rendement plus \u00e9lev\u00e9 et une consommation d&rsquo;\u00e9nergie plus faible en m\u00eame temps. R\u00e9glable en 4 niveaux \u00e0 partir de l&rsquo;intensit\u00e9 inf\u00e9rieure de 160 lumens avec un temps de fonctionnement de 8 heures maximum, le deuxi\u00e8me niveau d&rsquo;intensit\u00e9 de [&hellip;]<\/p>\n","protected":false},"featured_media":84135,"comment_status":"open","ping_status":"closed","template":"","meta":{"inline_featured_image":false},"product_brand":[],"product_cat":[1343],"product_tag":[1769,1777,1863,1765],"class_list":{"0":"post-47270","1":"product","2":"type-product","3":"status-publish","4":"has-post-thumbnail","6":"product_cat-lampes-lampes-de-poche","7":"product_tag-army-survival-fr","8":"product_tag-camping-voyage","9":"product_tag-lampes-frontale","10":"product_tag-sport-outdoor-fr","12":"first","13":"instock","14":"taxable","15":"shipping-taxable","16":"purchasable","17":"product-type-simple"},"_links":{"self":[{"href":"https:\/\/metal-badge.ch\/fr\/wp-json\/wp\/v2\/product\/47270","targetHints":{"allow":["GET"]}}],"collection":[{"href":"https:\/\/metal-badge.ch\/fr\/wp-json\/wp\/v2\/product"}],"about":[{"href":"https:\/\/metal-badge.ch\/fr\/wp-json\/wp\/v2\/types\/product"}],"replies":[{"embeddable":true,"href":"https:\/\/metal-badge.ch\/fr\/wp-json\/wp\/v2\/comments?post=47270"}],"wp:featuredmedia":[{"embeddable":true,"href":"https:\/\/metal-badge.ch\/fr\/wp-json\/wp\/v2\/media\/84135"}],"wp:attachment":[{"href":"https:\/\/metal-badge.ch\/fr\/wp-json\/wp\/v2\/media?parent=47270"}],"wp:term":[{"taxonomy":"product_brand","embeddable":true,"href":"https:\/\/metal-badge.ch\/fr\/wp-json\/wp\/v2\/product_brand?post=47270"},{"taxonomy":"product_cat","embeddable":true,"href":"https:\/\/metal-badge.ch\/fr\/wp-json\/wp\/v2\/product_cat?post=47270"},{"taxonomy":"product_tag","embeddable":true,"href":"https:\/\/metal-badge.ch\/fr\/wp-json\/wp\/v2\/product_tag?post=47270"}],"curies":[{"name":"wp","href":"https:\/\/api.w.org\/{rel}","templated":true}]}}