{"id":47251,"date":"2019-07-08T11:52:06","date_gmt":"2019-07-08T11:52:06","guid":{"rendered":"https:\/\/shop.metal-badge.ch\/?product=camo-ix7-pull-tactique-pantalon-et-casquette"},"modified":"2019-07-08T13:59:36","modified_gmt":"2019-07-08T13:59:36","slug":"camo-ix7-pull-tactique-pantalon-et-casquette","status":"publish","type":"product","link":"https:\/\/metal-badge.ch\/fr\/product\/47251\/camo-ix7-pull-tactique-pantalon-et-casquette\/","title":{"rendered":"Camo IX7 Pull Tactique, pantalon et casquette"},"content":{"rendered":"<p>Pull camouflage avec fermeture \u00e9clair et col montant Hauteur du col de 9 cm. Le pull est confortable \u00e0 porter et peut \u00eatre ajust\u00e9 aux manches \u00e0 l&rsquo;aide de velcros. Des poches de 17 cm de hauteur sur 15 cm de largeur se trouve sur les manches droite et gauche. Les deux poches ext\u00e9rieures peuvent \u00eatre ferm\u00e9es par velcro. De plus, 2 velcros pour les patchs sont attach\u00e9s \u00e0 l&rsquo;ext\u00e9rieur de chaque poche. Le pull est muni aux coudes d&rsquo;un rev\u00eatement de protection ins\u00e9rable.<\/p>\n<p><strong>Informations du produit : Pull-over<\/strong><br \/>\nMod\u00e8le : Tactical Frog Suit 010 A-TAC-FG<br \/>\nMati\u00e8re : 65 % nylon, ripstop, 35 % coton<br \/>\nCouleur : camouflage avec partie centrale beige<br \/>\n2 poches sur les manches de 17 cm de hauteur x 15 cm de largeur<br \/>\n2 velcro par poche de manche de 10 x 6 et 10 x 9 cm<br \/>\nCol montant de 9 cm avec fermeture \u00e9clair<br \/>\nConfortable \u00e0 porter la partie centrale en coton<br \/>\nExtr\u00e9mit\u00e9s des manches avec velcro r\u00e9glable<br \/>\nLe prot\u00e8ge-coude en coque en plastique avec de la mousse peut \u00e9galement \u00eatre enlev\u00e9e.<br \/>\nTailles : S, M, L, XL, XXL<\/p>\n<p><strong>Informations du produit : Pantalon<\/strong><br \/>\nPantalon de camouflage en nylon \/ coton et mat\u00e9riel ripstop. Le pantalon est tr\u00e8s robuste et durable, et offre un grand confort de port. Le pantalon a deux poches avant et deux poches arri\u00e8re avec fermeture velcro. Deux autres poches pour les jambes avec velcro sont attach\u00e9es \u00e0 l&rsquo;avant et deux grandes poches avec velcro sur le c\u00f4t\u00e9. Deux poches suppl\u00e9mentaires pour les jambes sont attach\u00e9es au-dessus de l&rsquo;ourlet. Le pantalon peut encore \u00eatre ajust\u00e9 \u00e0 l&rsquo;aide de velcro \u00e0 l&rsquo;ourlet et \u00e0 l&rsquo;arri\u00e8re du genou. Ce pantalon tactique est \u00e9quip\u00e9 de genouill\u00e8res ins\u00e9rables.<\/p>\n<p>Mod\u00e8le : Tactical Frog suit 010-A-TAC-FG<br \/>\nMati\u00e8re : 65 % nylon, ripstop, 35 % coton<br \/>\nCouleur : camouflage<br \/>\n2 poches d\u2019insertion avant<br \/>\n2 poches revolver avec fermeture velcro<br \/>\n2 poches sur les jambes avec velcro \u00e0 l\u2019avant<br \/>\n2 grandes poches sur le c\u00f4t\u00e9 des jambes avec fermeture velcro<br \/>\n2 poches sur les jambes au-dessus de la couture avec velcro<br \/>\nLe prot\u00e8ge-genoux \u00e0 coque en plastique avec de la mousse peut \u00e9galement \u00eatre enlev\u00e9.<\/p>\n<p>Velcro \u00e0 l&rsquo;ourlet et \u00e0 l&rsquo;arri\u00e8re du genou pour que le pantalon puisse \u00eatre ajust\u00e9.<br \/>\nTailles : S, M, L, XL XXL<\/p>\n<p><img decoding=\"async\" alt=\"\" src=\"https:\/\/metal-badge.ch\/wp-content\/uploads\/content\/Size-Table_2nd.jpg\" style=\"height:auto; width:100%\"><br \/>\nPrix : 115.- Casque, pull, pantalon avec prot\u00e8ge-genoux et prot\u00e8ge-coudes sans ceinture<br \/>\nPrix : 55.- Pullover uniquement avec prot\u00e8ge-coudes<br \/>\nPrix : 65.- Pantalon seul avec prot\u00e8ge-genoux<\/p>\n<p>\u00a0<\/p>\n","protected":false},"excerpt":{"rendered":"<p>Pull camouflage avec fermeture \u00e9clair et col montant Hauteur du col de 9 cm. Le pull est confortable \u00e0 porter et peut \u00eatre ajust\u00e9 aux manches \u00e0 l&rsquo;aide de velcros. Des poches de 17 cm de hauteur sur 15 cm de largeur se trouve sur les manches droite et gauche. Les deux poches ext\u00e9rieures peuvent [&hellip;]<\/p>\n","protected":false},"featured_media":86913,"comment_status":"open","ping_status":"closed","template":"","meta":{"inline_featured_image":false},"product_brand":[],"product_cat":[1347,1614,1574],"product_tag":[1769,1773,1781,1765],"class_list":{"0":"post-47251","1":"product","2":"type-product","3":"status-publish","4":"has-post-thumbnail","6":"product_cat-accessoires-militaires-de-chasse","7":"product_cat-pantalons-et-shorts","8":"product_cat-pull","9":"product_tag-army-survival-fr","10":"product_tag-chasse-peche","11":"product_tag-police-securite","12":"product_tag-sport-outdoor-fr","14":"first","15":"instock","16":"taxable","17":"shipping-taxable","18":"purchasable","19":"product-type-simple"},"_links":{"self":[{"href":"https:\/\/metal-badge.ch\/fr\/wp-json\/wp\/v2\/product\/47251","targetHints":{"allow":["GET"]}}],"collection":[{"href":"https:\/\/metal-badge.ch\/fr\/wp-json\/wp\/v2\/product"}],"about":[{"href":"https:\/\/metal-badge.ch\/fr\/wp-json\/wp\/v2\/types\/product"}],"replies":[{"embeddable":true,"href":"https:\/\/metal-badge.ch\/fr\/wp-json\/wp\/v2\/comments?post=47251"}],"wp:featuredmedia":[{"embeddable":true,"href":"https:\/\/metal-badge.ch\/fr\/wp-json\/wp\/v2\/media\/86913"}],"wp:attachment":[{"href":"https:\/\/metal-badge.ch\/fr\/wp-json\/wp\/v2\/media?parent=47251"}],"wp:term":[{"taxonomy":"product_brand","embeddable":true,"href":"https:\/\/metal-badge.ch\/fr\/wp-json\/wp\/v2\/product_brand?post=47251"},{"taxonomy":"product_cat","embeddable":true,"href":"https:\/\/metal-badge.ch\/fr\/wp-json\/wp\/v2\/product_cat?post=47251"},{"taxonomy":"product_tag","embeddable":true,"href":"https:\/\/metal-badge.ch\/fr\/wp-json\/wp\/v2\/product_tag?post=47251"}],"curies":[{"name":"wp","href":"https:\/\/api.w.org\/{rel}","templated":true}]}}