{"id":47233,"date":"2019-07-04T16:25:35","date_gmt":"2019-07-04T16:25:35","guid":{"rendered":"https:\/\/shop.metal-badge.ch\/?product=ecouteurs-sans-fil-i7s-tws-noir"},"modified":"2019-07-04T16:42:23","modified_gmt":"2019-07-04T16:42:23","slug":"ecouteurs-sans-fil-i7s-tws-noir","status":"publish","type":"product","link":"https:\/\/metal-badge.ch\/fr\/product\/47233\/ecouteurs-sans-fil-i7s-tws-noir\/","title":{"rendered":"\u00c9couteurs sans fil i7s TWS noir"},"content":{"rendered":"<p><strong>Simple et sans fil<\/strong><br \/>\nLes i7 de HBQ sont des \u00e9couteurs sans fil Bluetooth similaires aux AirPods d&rsquo;Apple. Les \u00e9couteurs sont compatibles avec tous les appareils Bluetooth. Pour une fonctionnalit\u00e9 compl\u00e8te, les appareils aliment\u00e9s par Apple ou Android sont avantageux. En appuyant simplement sur un bouton d&rsquo;un \u00e9couteur, la musique peut \u00eatre arr\u00eat\u00e9e ou reprise, le syst\u00e8me peut \u00eatre \u00e9teint ou la chanson suivante peut \u00eatre jou\u00e9e, le tout sans avoir \u00e0 utiliser un appareil mobile. Celui-ci peut \u00eatre cach\u00e9 dans un sac ou sur l&rsquo;\u00e9tag\u00e8re suivante \u00e0 10 m de distance. Les \u00e9couteurs i7S TWS ont un poids tr\u00e8s l\u00e9ger qui leur permet de tr\u00e8s bien tenir dans les oreilles, m\u00eame avec des mouvements saccad\u00e9s. Ces \u00e9couteurs ont \u00e9t\u00e9 test\u00e9s plusieurs fois par des athl\u00e8tes et sont tr\u00e8s populaires en raison de leur libert\u00e9 de mouvement sans c\u00e2bles. Le bo\u00eetier de chargement au design tendance sert \u00e0 la fois de dispositif de chargement et de transport : Les \u00e9couteurs sont recharg\u00e9s en les branchant. Ainsi, le casque peut \u00e9galement \u00eatre recharg\u00e9 en d\u00e9placement. Le bo\u00eetier de charge lui-m\u00eame a une batterie qui est plus de 10 fois plus puissante que les \u00e9couteurs eux-m\u00eames. Le bo\u00eetier de charge peut \u00eatre charg\u00e9 avec le c\u00e2ble USB fourni.<br \/>\n\u00c9l\u00e9ments fournis :<br \/>\n2 \u00e9couteurs dans les couleurs blanc ou noir<br \/>\n1 \u00e9tui de chargement dans la couleur blanc, ou noir si \u00e9couteurs noirs<br \/>\n1 c\u00e2ble de chargement USB pour le bo\u00eetier de chargement<br \/>\n1 manuel<br \/>\nPort\u00e9e Bluetooth : 12 m\u00e8tres (*)<br \/>\nDur\u00e9e de vie de la batterie des \u00e9couteurs en fonctionnement : 4-5 heures (*)<br \/>\nDur\u00e9e de vie de la batterie des \u00e9couteurs en veille : 60 heures<br \/>\nVersion Bluetooth : V4.2+EDR (deux \u00e9couteurs)<br \/>\nFr\u00e9quence Bluetooth : 2,4 GHZ<br \/>\nPoids d\u2019un \u00e9couteur : 4 g<br \/>\nPoids du bo\u00eetier de chargement : 35 g<\/p>\n<p><strong>Fonctions et instructions<\/strong><br \/>\nAllumer les \u00e9couteurs : Appuyez simultan\u00e9ment sur la touche multifonctions des deux \u00e9couteurs jusqu&rsquo;\u00e0 ce que la LED clignote alternativement en rouge et en bleu. La sortie vocale \u00ab Power on \u00bb sonne. Si la connexion Bluetooth n&rsquo;a pas encore \u00e9t\u00e9 \u00e9tablie automatiquement, \u00e9tablissez une connexion Bluetooth avec \u00ab tws-i7 \u00bb sur le p\u00e9riph\u00e9rique mobile. \u00c9teindre les \u00e9couteurs : Appuyez simultan\u00e9ment sur la touche multifonctions des deux \u00e9couteurs jusqu&rsquo;\u00e0 ce que la LED s&rsquo;\u00e9teigne. La sortie vocale \u00ab Power off \u00bb sonne. Allumer \/ mettre sur pause la musique : Cliquez sur le bouton multifonction de n&rsquo;importe quel \u00e9couteur une seule fois. Pas de sortie vocale. Reproduire la piste suivante : Cliquez sur le bouton multifonction de n&rsquo;importe quel \u00e9couteur de mani\u00e8re prolong\u00e9e. Pas de sortie vocale. Rappeler le dernier num\u00e9ro : Double-cliquez bri\u00e8vement sur le bouton multifonction de n&rsquo;importe quel \u00e9couteur. Lorsque la batterie des \u00e9couteurs i7S TWS est faible, le syst\u00e8me vous avertit trois fois par le message \u00ab Battery low \u00bb avant de mettre le syst\u00e8me hors tension la quatri\u00e8me fois. La sortie vocale \u00ab Disconnected, power off \u00bb sonne. Le bas du bo\u00eetier de chargement clignote en rouge : le bo\u00eetier est en train de charger. Le bas du bo\u00eetier de chargement pr\u00e9sente une lumi\u00e8re fixe : le bo\u00eetier de chargement est charg\u00e9. Le bas du bo\u00eetier de chargement est allum\u00e9 en bleu : le bo\u00eetier de chargement charge les \u00e9couteurs. La lumi\u00e8re bleue du bas du bo\u00eetier de chargement s&rsquo;\u00e9teint : les \u00e9couteurs sont charg\u00e9s. Lorsque vous t\u00e9l\u00e9phonez, le microphone et le haut-parleur ne fonctionnent que pour UN SEUL \u00e9couteur. Le deuxi\u00e8me \u00e9couteur est d\u00e9sactiv\u00e9 lors d&rsquo;un appel. Tant que les \u00e9couteurs sont connect\u00e9s \u00e0 l&rsquo;appareil mobile via Bluetooth, tous les appels sont redirig\u00e9s vers les \u00e9couteurs. Id\u00e9al pour une utilisation en tant que casque de sport pendant le sport. Le microphone est plac\u00e9 sur un \u00e9couteur, l&rsquo;intelligibilit\u00e9 pendant les conversations n&rsquo;est pas id\u00e9ale en raison de la distance entre la bouche et le microphone et de la position du microphone. L&rsquo;application principale des \u00e9couteurs est de jouer de la musique. Lorsque les \u00e9couteurs sont correctement branch\u00e9s et utilis\u00e9s, cet \u00e9tat est indiqu\u00e9 par un voyant lumineux bleu clignotant tr\u00e8s lentement toutes les cinq secondes.<\/p>\n","protected":false},"excerpt":{"rendered":"<p>Simple et sans fil Les i7 de HBQ sont des \u00e9couteurs sans fil Bluetooth similaires aux AirPods d&rsquo;Apple. Les \u00e9couteurs sont compatibles avec tous les appareils Bluetooth. Pour une fonctionnalit\u00e9 compl\u00e8te, les appareils aliment\u00e9s par Apple ou Android sont avantageux. En appuyant simplement sur un bouton d&rsquo;un \u00e9couteur, la musique peut \u00eatre arr\u00eat\u00e9e ou reprise, [&hellip;]<\/p>\n","protected":false},"featured_media":88155,"comment_status":"open","ping_status":"closed","template":"","meta":{"inline_featured_image":false},"product_brand":[],"product_cat":[1435],"product_tag":[1777,1773],"class_list":{"0":"post-47233","1":"product","2":"type-product","3":"status-publish","4":"has-post-thumbnail","6":"product_cat-camping-voyage","7":"product_tag-camping-voyage","8":"product_tag-chasse-peche","10":"first","11":"instock","12":"taxable","13":"shipping-taxable","14":"purchasable","15":"product-type-simple"},"_links":{"self":[{"href":"https:\/\/metal-badge.ch\/fr\/wp-json\/wp\/v2\/product\/47233","targetHints":{"allow":["GET"]}}],"collection":[{"href":"https:\/\/metal-badge.ch\/fr\/wp-json\/wp\/v2\/product"}],"about":[{"href":"https:\/\/metal-badge.ch\/fr\/wp-json\/wp\/v2\/types\/product"}],"replies":[{"embeddable":true,"href":"https:\/\/metal-badge.ch\/fr\/wp-json\/wp\/v2\/comments?post=47233"}],"wp:featuredmedia":[{"embeddable":true,"href":"https:\/\/metal-badge.ch\/fr\/wp-json\/wp\/v2\/media\/88155"}],"wp:attachment":[{"href":"https:\/\/metal-badge.ch\/fr\/wp-json\/wp\/v2\/media?parent=47233"}],"wp:term":[{"taxonomy":"product_brand","embeddable":true,"href":"https:\/\/metal-badge.ch\/fr\/wp-json\/wp\/v2\/product_brand?post=47233"},{"taxonomy":"product_cat","embeddable":true,"href":"https:\/\/metal-badge.ch\/fr\/wp-json\/wp\/v2\/product_cat?post=47233"},{"taxonomy":"product_tag","embeddable":true,"href":"https:\/\/metal-badge.ch\/fr\/wp-json\/wp\/v2\/product_tag?post=47233"}],"curies":[{"name":"wp","href":"https:\/\/api.w.org\/{rel}","templated":true}]}}