{"id":47225,"date":"2019-07-04T13:06:19","date_gmt":"2019-07-04T13:06:19","guid":{"rendered":"https:\/\/shop.metal-badge.ch\/?product=elingue-tactique-bungee-avec-epaulettes"},"modified":"2019-07-04T13:09:08","modified_gmt":"2019-07-04T13:09:08","slug":"elingue-tactique-bungee-avec-epaulettes","status":"publish","type":"product","link":"https:\/\/metal-badge.ch\/fr\/product\/47225\/elingue-tactique-bungee-avec-epaulettes\/","title":{"rendered":"\u00c9lingue tactique bungee avec \u00e9paulettes"},"content":{"rendered":"<p>Cette sangle \u00e9lastique en nylon robuste est fix\u00e9e \u00e0 l&rsquo;arme par un mousqueton amovible avec clip. L&rsquo;\u00e9l\u00e9ment \u00e9lastique de la sangle amortit le poids de l&rsquo;arme en course \u00e0 pied ou en comp\u00e9tition, ce qui la rend confortable \u00e0 porter. La longueur de la sangle est r\u00e9glable de 110 cm \u00e0 165 cm (non tendue). La sangle est \u00e9galement \u00e9quip\u00e9e d&rsquo;une \u00e9paulette en velcro. Passage rapide de la configuration \u00e0 un seul point \u00e0 la configuration \u00e0 deux points. Taille unique pour la plupart des fusils. Les deux mousquetons sont recouverts d&rsquo;un \u00e9lastique de protection, mais peuvent \u00eatre facilement actionn\u00e9s en tirant l&rsquo;\u00e9lastique vers le bas.<\/p>\n<p><strong>Informations du produit :<\/strong><br \/>\nCouleur : vert olive<br \/>\nPoids : 280 g.<br \/>\nMati\u00e8re : nylon avec deux mousquetons en m\u00e9tal<br \/>\nLes sangles sont r\u00e9glables en longueur de 120 \u00e0 165 cm<br \/>\nLargeur : 5 cm<br \/>\nSyst\u00e8me Bungee avec deux parties \u00e9lastiques \u00e9quip\u00e9es des deux c\u00f4t\u00e9s<br \/>\n2 mousquetons<br \/>\n2 anneaux en D<br \/>\n2 fermetures rapides \u00e0 clic pour ouvrir<br \/>\nParfait pour la chasse<\/p>\n","protected":false},"excerpt":{"rendered":"<p>Cette sangle \u00e9lastique en nylon robuste est fix\u00e9e \u00e0 l&rsquo;arme par un mousqueton amovible avec clip. L&rsquo;\u00e9l\u00e9ment \u00e9lastique de la sangle amortit le poids de l&rsquo;arme en course \u00e0 pied ou en comp\u00e9tition, ce qui la rend confortable \u00e0 porter. La longueur de la sangle est r\u00e9glable de 110 cm \u00e0 165 cm (non tendue). [&hellip;]<\/p>\n","protected":false},"featured_media":88157,"comment_status":"open","ping_status":"closed","template":"","meta":{"inline_featured_image":false},"product_brand":[],"product_cat":[1347,1646],"product_tag":[1769,1773,1781,1765],"class_list":{"0":"post-47225","1":"product","2":"type-product","3":"status-publish","4":"has-post-thumbnail","6":"product_cat-accessoires-militaires-de-chasse","7":"product_cat-ceintures-a-inserer","8":"product_tag-army-survival-fr","9":"product_tag-chasse-peche","10":"product_tag-police-securite","11":"product_tag-sport-outdoor-fr","13":"first","14":"instock","15":"taxable","16":"shipping-taxable","17":"purchasable","18":"product-type-simple"},"_links":{"self":[{"href":"https:\/\/metal-badge.ch\/fr\/wp-json\/wp\/v2\/product\/47225","targetHints":{"allow":["GET"]}}],"collection":[{"href":"https:\/\/metal-badge.ch\/fr\/wp-json\/wp\/v2\/product"}],"about":[{"href":"https:\/\/metal-badge.ch\/fr\/wp-json\/wp\/v2\/types\/product"}],"replies":[{"embeddable":true,"href":"https:\/\/metal-badge.ch\/fr\/wp-json\/wp\/v2\/comments?post=47225"}],"wp:featuredmedia":[{"embeddable":true,"href":"https:\/\/metal-badge.ch\/fr\/wp-json\/wp\/v2\/media\/88157"}],"wp:attachment":[{"href":"https:\/\/metal-badge.ch\/fr\/wp-json\/wp\/v2\/media?parent=47225"}],"wp:term":[{"taxonomy":"product_brand","embeddable":true,"href":"https:\/\/metal-badge.ch\/fr\/wp-json\/wp\/v2\/product_brand?post=47225"},{"taxonomy":"product_cat","embeddable":true,"href":"https:\/\/metal-badge.ch\/fr\/wp-json\/wp\/v2\/product_cat?post=47225"},{"taxonomy":"product_tag","embeddable":true,"href":"https:\/\/metal-badge.ch\/fr\/wp-json\/wp\/v2\/product_tag?post=47225"}],"curies":[{"name":"wp","href":"https:\/\/api.w.org\/{rel}","templated":true}]}}