{"id":47208,"date":"2019-06-29T09:50:37","date_gmt":"2019-06-29T09:50:37","guid":{"rendered":"https:\/\/shop.metal-badge.ch\/?product=bracelet-de-securite"},"modified":"2020-08-02T04:01:16","modified_gmt":"2020-08-02T04:01:16","slug":"bracelet-de-securite","status":"publish","type":"product","link":"https:\/\/metal-badge.ch\/fr\/product\/47208\/bracelet-de-securite\/","title":{"rendered":"Bracelet de s\u00e9curit\u00e9"},"content":{"rendered":"<p>Ce bracelet LED est id\u00e9al pour les activit\u00e9s de plein air comme le jogging, le v\u00e9lo, l&rsquo;\u00e9quitation, ou dans l&rsquo;obscurit\u00e9 ou les intemp\u00e9ries, pour votre s\u00e9curit\u00e9. La lumi\u00e8re LED est per\u00e7ue de loin. Deux fonctions peuvent \u00eatre r\u00e9gl\u00e9es par simple pression sur un bouton. Mode clignotant ou lumi\u00e8re continue. Les piles bouton CR 2016 (1 unit\u00e9) sont interchangeables. La dur\u00e9e d&rsquo;utilisation de la lampe est tr\u00e8s longue : environ 60 heures. Le bracelet s&rsquo;adapte parfaitement \u00e0 une l\u00e9g\u00e8re pression sur le bras ou la jambe, etc. Appliquer simplement \u00e0 l&rsquo;endroit d\u00e9sir\u00e9 et avec une l\u00e9g\u00e8re pression, le ruban se place au bon endroit. La bande LED est disponible en 3 couleurs.Jaune, orange et rouge. Jaune, orange et rouge.<\/p>\n<p><strong>Informations du produit :<\/strong><br \/>\nRuban LED avec dur\u00e9e de la batterie de 60 heures<br \/>\nTaille d\u2019unit\u00e9<br \/>\nMati\u00e8re : plastique \/ nylon<br \/>\n\u00c9tanche<br \/>\nPile bouton : CR 2016<br \/>\nCouleurs : rouge, orange, jaune<br \/>\nFonctions : mode clignotant ou durable. Par pression de bouton<br \/>\nPoids : 34 g<br \/>\nLongueur : 34 cm<br \/>\nLargeur : 3.5 cm<\/p>\n","protected":false},"excerpt":{"rendered":"<p>Ce bracelet LED est id\u00e9al pour les activit\u00e9s de plein air comme le jogging, le v\u00e9lo, l&rsquo;\u00e9quitation, ou dans l&rsquo;obscurit\u00e9 ou les intemp\u00e9ries, pour votre s\u00e9curit\u00e9. La lumi\u00e8re LED est per\u00e7ue de loin. Deux fonctions peuvent \u00eatre r\u00e9gl\u00e9es par simple pression sur un bouton. Mode clignotant ou lumi\u00e8re continue. Les piles bouton CR 2016 (1 [&hellip;]<\/p>\n","protected":false},"featured_media":88159,"comment_status":"open","ping_status":"closed","template":"","meta":{"inline_featured_image":false},"product_brand":[],"product_cat":[1347,887,1343,1606],"product_tag":[1769,1773,1781,1765],"class_list":{"0":"post-47208","1":"product","2":"type-product","3":"status-publish","4":"has-post-thumbnail","6":"product_cat-accessoires-militaires-de-chasse","7":"product_cat-accessoires","8":"product_cat-lampes-lampes-de-poche","9":"product_cat-vetements-haute-visibilite-et-lumineux","10":"product_tag-army-survival-fr","11":"product_tag-chasse-peche","12":"product_tag-police-securite","13":"product_tag-sport-outdoor-fr","15":"first","16":"instock","17":"taxable","18":"shipping-taxable","19":"purchasable","20":"product-type-simple"},"_links":{"self":[{"href":"https:\/\/metal-badge.ch\/fr\/wp-json\/wp\/v2\/product\/47208","targetHints":{"allow":["GET"]}}],"collection":[{"href":"https:\/\/metal-badge.ch\/fr\/wp-json\/wp\/v2\/product"}],"about":[{"href":"https:\/\/metal-badge.ch\/fr\/wp-json\/wp\/v2\/types\/product"}],"replies":[{"embeddable":true,"href":"https:\/\/metal-badge.ch\/fr\/wp-json\/wp\/v2\/comments?post=47208"}],"wp:featuredmedia":[{"embeddable":true,"href":"https:\/\/metal-badge.ch\/fr\/wp-json\/wp\/v2\/media\/88159"}],"wp:attachment":[{"href":"https:\/\/metal-badge.ch\/fr\/wp-json\/wp\/v2\/media?parent=47208"}],"wp:term":[{"taxonomy":"product_brand","embeddable":true,"href":"https:\/\/metal-badge.ch\/fr\/wp-json\/wp\/v2\/product_brand?post=47208"},{"taxonomy":"product_cat","embeddable":true,"href":"https:\/\/metal-badge.ch\/fr\/wp-json\/wp\/v2\/product_cat?post=47208"},{"taxonomy":"product_tag","embeddable":true,"href":"https:\/\/metal-badge.ch\/fr\/wp-json\/wp\/v2\/product_tag?post=47208"}],"curies":[{"name":"wp","href":"https:\/\/api.w.org\/{rel}","templated":true}]}}