{"id":47178,"date":"2019-06-27T18:23:32","date_gmt":"2019-06-27T18:23:32","guid":{"rendered":"https:\/\/shop.metal-badge.ch\/?product=clip-ceinture-avec-cadre-metallique"},"modified":"2020-09-09T15:04:18","modified_gmt":"2020-09-09T13:04:18","slug":"clip-ceinture-avec-cadre-metallique-2","status":"publish","type":"product","link":"https:\/\/metal-badge.ch\/fr\/product\/47178\/clip-ceinture-avec-cadre-metallique-2\/","title":{"rendered":"Clip ceinture avec cadre m\u00e9tallique"},"content":{"rendered":"<p>Couleur : Argent\u00e9 chrom\u00e9<br \/>\nDiam\u00e8tre : 3 cm<br \/>\nLongueur de cordon : 60 cm<br \/>\nPoids : 18 g<\/p>\n<p>Clip de ceinture chrom\u00e9 fourni avec un cordon m\u00e9tallique extractible. Petit, \u00e9l\u00e9gant et moderne : porte-cl\u00e9s, porte-badges avec porte-cl\u00e9s extensible avec clip arri\u00e8re \u00e0 fixer simplement \u00e0 la ceinture ou au sac !<\/p>\n<p>4.- pi\u00e8ce \u00e0 partir de 100 pi\u00e8ces<\/p>\n","protected":false},"excerpt":{"rendered":"<p>Couleur : Argent\u00e9 chrom\u00e9 Diam\u00e8tre : 3 cm Longueur de cordon : 60 cm Poids : 18 g Clip de ceinture chrom\u00e9 fourni avec un cordon m\u00e9tallique extractible. Petit, \u00e9l\u00e9gant et moderne : porte-cl\u00e9s, porte-badges avec porte-cl\u00e9s extensible avec clip arri\u00e8re \u00e0 fixer simplement \u00e0 la ceinture ou au sac ! 4.- pi\u00e8ce \u00e0 partir [&hellip;]<\/p>\n","protected":false},"featured_media":55063,"comment_status":"open","ping_status":"closed","template":"","meta":{"inline_featured_image":false},"product_brand":[],"product_cat":[947],"product_tag":[1777,1773],"class_list":{"0":"post-47178","1":"product","2":"type-product","3":"status-publish","4":"has-post-thumbnail","6":"product_cat-portemonnaies-etuis-en-cuir","7":"product_tag-camping-voyage","8":"product_tag-chasse-peche","10":"first","11":"instock","12":"taxable","13":"shipping-taxable","14":"purchasable","15":"product-type-simple"},"_links":{"self":[{"href":"https:\/\/metal-badge.ch\/fr\/wp-json\/wp\/v2\/product\/47178","targetHints":{"allow":["GET"]}}],"collection":[{"href":"https:\/\/metal-badge.ch\/fr\/wp-json\/wp\/v2\/product"}],"about":[{"href":"https:\/\/metal-badge.ch\/fr\/wp-json\/wp\/v2\/types\/product"}],"replies":[{"embeddable":true,"href":"https:\/\/metal-badge.ch\/fr\/wp-json\/wp\/v2\/comments?post=47178"}],"wp:featuredmedia":[{"embeddable":true,"href":"https:\/\/metal-badge.ch\/fr\/wp-json\/wp\/v2\/media\/55063"}],"wp:attachment":[{"href":"https:\/\/metal-badge.ch\/fr\/wp-json\/wp\/v2\/media?parent=47178"}],"wp:term":[{"taxonomy":"product_brand","embeddable":true,"href":"https:\/\/metal-badge.ch\/fr\/wp-json\/wp\/v2\/product_brand?post=47178"},{"taxonomy":"product_cat","embeddable":true,"href":"https:\/\/metal-badge.ch\/fr\/wp-json\/wp\/v2\/product_cat?post=47178"},{"taxonomy":"product_tag","embeddable":true,"href":"https:\/\/metal-badge.ch\/fr\/wp-json\/wp\/v2\/product_tag?post=47178"}],"curies":[{"name":"wp","href":"https:\/\/api.w.org\/{rel}","templated":true}]}}