{"id":47168,"date":"2019-06-27T16:40:40","date_gmt":"2019-06-27T16:40:40","guid":{"rendered":"https:\/\/shop.metal-badge.ch\/?product=porte-cartes-et-clip-ceinture"},"modified":"2019-10-17T16:41:09","modified_gmt":"2019-10-17T16:41:09","slug":"porte-cartes-et-clip-ceinture","status":"publish","type":"product","link":"https:\/\/metal-badge.ch\/fr\/product\/47168\/porte-cartes-et-clip-ceinture\/","title":{"rendered":"Porte-cartes et Clip ceinture"},"content":{"rendered":"<p>Porte-cartes robuste en format portrait et paysage, fen\u00eatre des deux c\u00f4t\u00e9s. Mat\u00e9riau du cadre : m\u00e9tal aluminium, avec fen\u00eatre en plastique transparent. Vous recevez \u00e9galement cette carte d\u2019adresse en tant qu\u2019\u00e9tiquette de valise. Ce porte-\u00e9tiquette d&rsquo;identification et d&rsquo;\u00e9tui est livr\u00e9 avec un clip ceinture chrom\u00e9 avec un cordon m\u00e9tallique extractible. Petit, \u00e9l\u00e9gant et moderne : porte-cl\u00e9s, porte-badges avec porte-cl\u00e9s extensible avec clip arri\u00e8re \u00e0 fixer simplement \u00e0 la ceinture ou au sac !<\/p>\n<p><strong>Description du produit :<\/strong><br \/>\nPorte-cartes et Clip ceinture<br \/>\nCouleur : argent\u00e9<br \/>\nFormat : format vertical et horizontal<br \/>\nDimensions : largeur 9,8 cm x hauteur 5,8 cm<br \/>\nDimensions : Fen\u00eatre transparente pour identifiant longueur 8,4 cm x 5,5 cm<br \/>\nAdresse comprise dans la livraison<br \/>\nPoids : 16 g.<\/p>\n<p>Clip ceinture<br \/>\nCouleur : noir<br \/>\nDiam\u00e8tre : 3 cm<br \/>\nLongueur de cordon : 60 cm<br \/>\nPoids : 18 g.<\/p>\n<p>Nous avons \u00e9galement des clips de ceinture plus grands et d&rsquo;autres fixations, demandez-nous.<\/p>\n","protected":false},"excerpt":{"rendered":"<p>Porte-cartes robuste en format portrait et paysage, fen\u00eatre des deux c\u00f4t\u00e9s. Mat\u00e9riau du cadre : m\u00e9tal aluminium, avec fen\u00eatre en plastique transparent. Vous recevez \u00e9galement cette carte d\u2019adresse en tant qu\u2019\u00e9tiquette de valise. Ce porte-\u00e9tiquette d&rsquo;identification et d&rsquo;\u00e9tui est livr\u00e9 avec un clip ceinture chrom\u00e9 avec un cordon m\u00e9tallique extractible. Petit, \u00e9l\u00e9gant et moderne : [&hellip;]<\/p>\n","protected":false},"featured_media":88167,"comment_status":"open","ping_status":"closed","template":"","meta":{"inline_featured_image":false},"product_brand":[],"product_cat":[947],"product_tag":[1777,1773],"class_list":{"0":"post-47168","1":"product","2":"type-product","3":"status-publish","4":"has-post-thumbnail","6":"product_cat-portemonnaies-etuis-en-cuir","7":"product_tag-camping-voyage","8":"product_tag-chasse-peche","10":"first","11":"instock","12":"taxable","13":"shipping-taxable","14":"purchasable","15":"product-type-simple"},"_links":{"self":[{"href":"https:\/\/metal-badge.ch\/fr\/wp-json\/wp\/v2\/product\/47168","targetHints":{"allow":["GET"]}}],"collection":[{"href":"https:\/\/metal-badge.ch\/fr\/wp-json\/wp\/v2\/product"}],"about":[{"href":"https:\/\/metal-badge.ch\/fr\/wp-json\/wp\/v2\/types\/product"}],"replies":[{"embeddable":true,"href":"https:\/\/metal-badge.ch\/fr\/wp-json\/wp\/v2\/comments?post=47168"}],"wp:featuredmedia":[{"embeddable":true,"href":"https:\/\/metal-badge.ch\/fr\/wp-json\/wp\/v2\/media\/88167"}],"wp:attachment":[{"href":"https:\/\/metal-badge.ch\/fr\/wp-json\/wp\/v2\/media?parent=47168"}],"wp:term":[{"taxonomy":"product_brand","embeddable":true,"href":"https:\/\/metal-badge.ch\/fr\/wp-json\/wp\/v2\/product_brand?post=47168"},{"taxonomy":"product_cat","embeddable":true,"href":"https:\/\/metal-badge.ch\/fr\/wp-json\/wp\/v2\/product_cat?post=47168"},{"taxonomy":"product_tag","embeddable":true,"href":"https:\/\/metal-badge.ch\/fr\/wp-json\/wp\/v2\/product_tag?post=47168"}],"curies":[{"name":"wp","href":"https:\/\/api.w.org\/{rel}","templated":true}]}}