{"id":47130,"date":"2019-06-27T15:42:05","date_gmt":"2019-06-27T15:42:05","guid":{"rendered":"https:\/\/shop.metal-badge.ch\/?product=porte-cartes-et-etiquette-pour-valise"},"modified":"2020-09-29T13:39:18","modified_gmt":"2020-09-29T11:39:18","slug":"porte-cartes-et-etiquette-pour-valise-4","status":"publish","type":"product","link":"https:\/\/metal-badge.ch\/fr\/product\/47130\/porte-cartes-et-etiquette-pour-valise-4\/","title":{"rendered":"Porte-cartes et \u00e9tiquette pour valise"},"content":{"rendered":"<p>Porte-cartes d&rsquo;identit\u00e9 en format portrait et paysage, fen\u00eatre des deux c\u00f4t\u00e9s. Vous recevrez \u00e9galement une carte d&rsquo;adresse pr\u00e9-imprim\u00e9e comme \u00e9tiquette de valise. Ce porte-\u00e9tiquette d&rsquo;identification et d&rsquo;\u00e9tui est livr\u00e9 avec un clip ceinture chrom\u00e9 avec un cordon m\u00e9tallique extractible. Petit, \u00e9l\u00e9gant et moderne : porte-cl\u00e9s, porte-badges avec porte-cl\u00e9s extensible avec clip arri\u00e8re \u00e0 fixer simplement \u00e0 la ceinture ou au sac !<\/p>\n<p><strong>Description du produit :<\/strong><br \/>\nPorte-cartes et \u00e9tiquette pour valise<br \/>\nCouleur : brun<br \/>\nMati\u00e8re : similicuir<br \/>\nFormat : format vertical et horizontal<br \/>\nDimensions format vertical : hauteur 10 cm x largeur 7,0 cm<br \/>\nDimensions format horizontal : largeur 10 cm x hauteur 7,0 cm<br \/>\nDimensions : Fen\u00eatre ID transparente de la taille d&rsquo;une carte de cr\u00e9dit<br \/>\nAdresse comprise dans la livraison<br \/>\nPoids : 10 g.<\/p>\n<p>Clip ceinture<br \/>\nCouleur : Argent\u00e9 chrom\u00e9<br \/>\nDiam\u00e8tre : 3 cm<br \/>\nLongueur de cordon : 60 cm<br \/>\nPoids : 18 g.<\/p>\n<p><strong>Prix r\u00e9duit pour une commande de plus de 50 pi\u00e8ces, 6.- chaque<\/strong><br \/>\nNous avons \u00e9galement des clips de ceinture plus grands et d&rsquo;autres fixations, demandez-nous.<\/p>\n","protected":false},"excerpt":{"rendered":"<p>Porte-cartes d&rsquo;identit\u00e9 en format portrait et paysage, fen\u00eatre des deux c\u00f4t\u00e9s. Vous recevrez \u00e9galement une carte d&rsquo;adresse pr\u00e9-imprim\u00e9e comme \u00e9tiquette de valise. Ce porte-\u00e9tiquette d&rsquo;identification et d&rsquo;\u00e9tui est livr\u00e9 avec un clip ceinture chrom\u00e9 avec un cordon m\u00e9tallique extractible. Petit, \u00e9l\u00e9gant et moderne : porte-cl\u00e9s, porte-badges avec porte-cl\u00e9s extensible avec clip arri\u00e8re \u00e0 fixer simplement [&hellip;]<\/p>\n","protected":false},"featured_media":47122,"comment_status":"open","ping_status":"closed","template":"","meta":{"inline_featured_image":false},"product_brand":[],"product_cat":[947],"product_tag":[1777,1773],"class_list":{"0":"post-47130","1":"product","2":"type-product","3":"status-publish","4":"has-post-thumbnail","6":"product_cat-portemonnaies-etuis-en-cuir","7":"product_tag-camping-voyage","8":"product_tag-chasse-peche","10":"first","11":"instock","12":"taxable","13":"shipping-taxable","14":"purchasable","15":"product-type-simple"},"_links":{"self":[{"href":"https:\/\/metal-badge.ch\/fr\/wp-json\/wp\/v2\/product\/47130","targetHints":{"allow":["GET"]}}],"collection":[{"href":"https:\/\/metal-badge.ch\/fr\/wp-json\/wp\/v2\/product"}],"about":[{"href":"https:\/\/metal-badge.ch\/fr\/wp-json\/wp\/v2\/types\/product"}],"replies":[{"embeddable":true,"href":"https:\/\/metal-badge.ch\/fr\/wp-json\/wp\/v2\/comments?post=47130"}],"wp:featuredmedia":[{"embeddable":true,"href":"https:\/\/metal-badge.ch\/fr\/wp-json\/wp\/v2\/media\/47122"}],"wp:attachment":[{"href":"https:\/\/metal-badge.ch\/fr\/wp-json\/wp\/v2\/media?parent=47130"}],"wp:term":[{"taxonomy":"product_brand","embeddable":true,"href":"https:\/\/metal-badge.ch\/fr\/wp-json\/wp\/v2\/product_brand?post=47130"},{"taxonomy":"product_cat","embeddable":true,"href":"https:\/\/metal-badge.ch\/fr\/wp-json\/wp\/v2\/product_cat?post=47130"},{"taxonomy":"product_tag","embeddable":true,"href":"https:\/\/metal-badge.ch\/fr\/wp-json\/wp\/v2\/product_tag?post=47130"}],"curies":[{"name":"wp","href":"https:\/\/api.w.org\/{rel}","templated":true}]}}