{"id":47103,"date":"2019-06-22T15:11:04","date_gmt":"2019-06-22T15:11:04","guid":{"rendered":"https:\/\/shop.metal-badge.ch\/?product=barrage-routier-ruban-a-pointes-quickstop"},"modified":"2019-06-22T15:22:25","modified_gmt":"2019-06-22T15:22:25","slug":"barrage-routier-ruban-a-pointes-quickstop","status":"publish","type":"product","link":"https:\/\/metal-badge.ch\/fr\/product\/47103\/barrage-routier-ruban-a-pointes-quickstop\/","title":{"rendered":"Barrage routier &#8211; Ruban \u00e0 pointes quickstop"},"content":{"rendered":"<p>Quickstop coupe tous les chemins ; il est brevet\u00e9 avec des pointes creuses en acier rempla\u00e7ables et inviolables &#8211; soutient rapidement et efficacement la police, l&rsquo;arm\u00e9e, les services de s\u00e9curit\u00e9 dans la recherche, le contr\u00f4le et la s\u00e9curit\u00e9 des objets. Facile \u00e0 utiliser et \u00e0 manipuler. Si la barri\u00e8re est franchie, les pneus sont \u00e0 plat en quelques secondes. Quickstop est utilis\u00e9 dans de nombreux pays europ\u00e9ens ainsi qu&rsquo;\u00e0 l&rsquo;\u00e9tranger. Le contr\u00f4le policier et douanier s&rsquo;appuie sur un syst\u00e8me de s\u00e9curit\u00e9 efficace. Livr\u00e9 dans un coffret pratique en plastique ABS avec poign\u00e9e de transport, contient 1 bande de 5 m avec une sangle en nylon PA88 extra solide de 8 m de long et des pointes en acier inoxydable, plus des pi\u00e8ces de rechange. La bande est \u00e9quip\u00e9e de 115 pointes en acier inoxydable d&rsquo;une longueur de 4,5 cm. Ces pointes sont interchangeables. Si la barri\u00e8re est franchie, les pointes p\u00e9n\u00e8trent imm\u00e9diatement dans les pneus du v\u00e9hicule. Les pointes restent coinc\u00e9es dans le pneu, l&rsquo;air s&rsquo;\u00e9chappe par la cavit\u00e9 des pics et le pneu est compl\u00e8tement \u00e0 plat en 15 secondes. Toutes les pointes sont prot\u00e9g\u00e9es par un capuchon de protection \u00e0 la livraison.<\/p>\n<p><strong>Donn\u00e9es techniques :<\/strong><br \/>\nMod\u00e8le : LZJ-A5<br \/>\nMarque : Golddeer Spike Road block<br \/>\nPoids : 3,8 kg sans coffret, avec coffret 6,8 kg<br \/>\nCouleur : gris<br \/>\nDimensions : Longueur de sangle de 500 cm d\u00e9ploy\u00e9e<br \/>\nDimensions : Largeur de sangle 30 cm \/ Hauteur 6 cm<br \/>\nMati\u00e8re : Pointes \/ Clous en acier inoxydable 304<br \/>\nDimensions pointes : 4,5 cm de long et 0,3 cm de diam\u00e8tre, \u00e0 espace creux<br \/>\nNombre de pointes \/ clous 115 pi\u00e8ces<br \/>\nLong ruban en nylon 800 cm<br \/>\nCoffret ABS inclus, noir<br \/>\nAvec instructions d\u2019utilisation<br \/>\nAvec clous de rechange, avec manchons \u00e0 pression et capuchon de protection<\/p>\n<p>Des pi\u00e8ces de rechange suppl\u00e9mentaires peuvent \u00eatre command\u00e9es ou achet\u00e9es \u00e0 tout moment.<\/p>\n","protected":false},"excerpt":{"rendered":"<p>Quickstop coupe tous les chemins ; il est brevet\u00e9 avec des pointes creuses en acier rempla\u00e7ables et inviolables &#8211; soutient rapidement et efficacement la police, l&rsquo;arm\u00e9e, les services de s\u00e9curit\u00e9 dans la recherche, le contr\u00f4le et la s\u00e9curit\u00e9 des objets. Facile \u00e0 utiliser et \u00e0 manipuler. Si la barri\u00e8re est franchie, les pneus sont \u00e0 [&hellip;]<\/p>\n","protected":false},"featured_media":88171,"comment_status":"open","ping_status":"closed","template":"","meta":{"inline_featured_image":false},"product_brand":[],"product_cat":[1471],"product_tag":[1781,1793],"class_list":{"0":"post-47103","1":"product","2":"type-product","3":"status-publish","4":"has-post-thumbnail","6":"product_cat-barrages-routiers-fr","7":"product_tag-police-securite","8":"product_tag-vehicule-route","10":"first","11":"instock","12":"taxable","13":"shipping-taxable","14":"purchasable","15":"product-type-simple"},"_links":{"self":[{"href":"https:\/\/metal-badge.ch\/fr\/wp-json\/wp\/v2\/product\/47103","targetHints":{"allow":["GET"]}}],"collection":[{"href":"https:\/\/metal-badge.ch\/fr\/wp-json\/wp\/v2\/product"}],"about":[{"href":"https:\/\/metal-badge.ch\/fr\/wp-json\/wp\/v2\/types\/product"}],"replies":[{"embeddable":true,"href":"https:\/\/metal-badge.ch\/fr\/wp-json\/wp\/v2\/comments?post=47103"}],"wp:featuredmedia":[{"embeddable":true,"href":"https:\/\/metal-badge.ch\/fr\/wp-json\/wp\/v2\/media\/88171"}],"wp:attachment":[{"href":"https:\/\/metal-badge.ch\/fr\/wp-json\/wp\/v2\/media?parent=47103"}],"wp:term":[{"taxonomy":"product_brand","embeddable":true,"href":"https:\/\/metal-badge.ch\/fr\/wp-json\/wp\/v2\/product_brand?post=47103"},{"taxonomy":"product_cat","embeddable":true,"href":"https:\/\/metal-badge.ch\/fr\/wp-json\/wp\/v2\/product_cat?post=47103"},{"taxonomy":"product_tag","embeddable":true,"href":"https:\/\/metal-badge.ch\/fr\/wp-json\/wp\/v2\/product_tag?post=47103"}],"curies":[{"name":"wp","href":"https:\/\/api.w.org\/{rel}","templated":true}]}}