{"id":47093,"date":"2019-06-22T14:45:45","date_gmt":"2019-06-22T14:45:45","guid":{"rendered":"https:\/\/shop.metal-badge.ch\/?product=barrage-routier-ruban-a-pointes-quickstop"},"modified":"2020-09-29T16:57:34","modified_gmt":"2020-09-29T14:57:34","slug":"barrage-routier-ruban-a-pointes-quickstop-2","status":"publish","type":"product","link":"https:\/\/metal-badge.ch\/fr\/product\/47093\/barrage-routier-ruban-a-pointes-quickstop-2\/","title":{"rendered":"Barrage routier &#8211; Ruban \u00e0 pointes quickstop"},"content":{"rendered":"<p>Quickstop coupe tous les chemins ; il est brevet\u00e9 avec des boulons en acier rempla\u00e7ables et inviolables &#8211; soutient rapidement et efficacement la police, l&rsquo;arm\u00e9e, les services de s\u00e9curit\u00e9 dans la recherche, le contr\u00f4le et la s\u00e9curit\u00e9 des objets. Facile \u00e0 utiliser et \u00e0 manipuler. Si la barri\u00e8re est franchie, les pneus sont \u00e0 plat en quelques secondes. Quickstop est utilis\u00e9 dans de nombreux pays europ\u00e9ens ainsi qu&rsquo;\u00e0 l&rsquo;\u00e9tranger. Le contr\u00f4le policier et douanier s&rsquo;appuie sur un syst\u00e8me de s\u00e9curit\u00e9 efficace. Livr\u00e9 dans un coffret robuste en m\u00e9tal avec poign\u00e9e de transport, contient 1 bande de 480 cm avec une sangle en nylon PA88 extra solide de 8 m de long et des boulons zingu\u00e9s, plus des pi\u00e8ces de rechange. La bande est \u00e9quip\u00e9e de 95 pointes \/ boulons zingu\u00e9s d&rsquo;une longueur de 480 cm. Ces pointes sont interchangeables. Si la barri\u00e8re est franchie, les pointes p\u00e9n\u00e8trent imm\u00e9diatement dans les pneus du v\u00e9hicule. Les pointes restent coinc\u00e9es dans le pneu, l&rsquo;air s&rsquo;\u00e9chappe par la cavit\u00e9 des pics et le pneu est compl\u00e8tement \u00e0 plat en 15 secondes.<\/p>\n<p>Nous r\u00e9alisons ce mod\u00e8le dans diff\u00e9rentes longueurs. N\u2019h\u00e9sitez pas \u00e0 nous consulter.<\/p>\n<p>LZJ-6 6 m avec 119 boulons \/ pointes<br \/>\nLZJ-8 8 m avec 159 boulons \/ pointes<br \/>\nLZJ-10 10 m avec 199 boulons \/ pointes<\/p>\n<p><strong>Donn\u00e9es techniques :<\/strong><br \/>\nMod\u00e8le : LZJ-5<br \/>\nMarque : Golddeer Spike Road block<br \/>\nPoids : 7 kg sans coffret, avec coffret 12 kg<br \/>\nCouleur : argent\u00e9 \/ gris<br \/>\nDimensions : Longueur de sangle de 480 cm d\u00e9ploy\u00e9e<br \/>\nDimensions : Largeur de sangle 425 cm \/ Hauteur 7.6 cm<br \/>\nMati\u00e8re : Pointes \/ clous zingu\u00e9s en forme de pyramide<br \/>\nDimensions pointes : 6,3 cm de long et 1,1 cm de diam\u00e8tre<br \/>\nNombre de pointes \/ clous 95 pi\u00e8ces<br \/>\nLong ruban en nylon 800 cm<br \/>\nAvec coffret noir en m\u00e9tal<br \/>\nDimensions coffret : 49 cm de large \/ 46 cm de haut \/ 11 cm de large<br \/>\nAvec instructions d\u2019utilisation<br \/>\nAvec clous de remplacement<\/p>\n<p>Des pi\u00e8ces de rechange suppl\u00e9mentaires peuvent \u00eatre command\u00e9es ou achet\u00e9es \u00e0 tout moment.<br \/>\nNous r\u00e9alisons ce mod\u00e8le dans diff\u00e9rentes longueurs. N\u2019h\u00e9sitez pas \u00e0 nous consulter.<\/p>\n<p>LZJ-6 6 m avec 119 boulons \/ pointes<br \/>\nLZJ-8 8 m avec 159 boulons \/ pointes<br \/>\nLZJ-10 10 m avec 199 boulons \/ pointes<\/p>\n","protected":false},"excerpt":{"rendered":"<p>Quickstop coupe tous les chemins ; il est brevet\u00e9 avec des boulons en acier rempla\u00e7ables et inviolables &#8211; soutient rapidement et efficacement la police, l&rsquo;arm\u00e9e, les services de s\u00e9curit\u00e9 dans la recherche, le contr\u00f4le et la s\u00e9curit\u00e9 des objets. Facile \u00e0 utiliser et \u00e0 manipuler. Si la barri\u00e8re est franchie, les pneus sont \u00e0 plat [&hellip;]<\/p>\n","protected":false},"featured_media":47085,"comment_status":"open","ping_status":"closed","template":"","meta":{"inline_featured_image":false},"product_brand":[],"product_cat":[1471],"product_tag":[1781,1793],"class_list":{"0":"post-47093","1":"product","2":"type-product","3":"status-publish","4":"has-post-thumbnail","6":"product_cat-barrages-routiers-fr","7":"product_tag-police-securite","8":"product_tag-vehicule-route","10":"first","11":"instock","12":"taxable","13":"shipping-taxable","14":"purchasable","15":"product-type-simple"},"_links":{"self":[{"href":"https:\/\/metal-badge.ch\/fr\/wp-json\/wp\/v2\/product\/47093","targetHints":{"allow":["GET"]}}],"collection":[{"href":"https:\/\/metal-badge.ch\/fr\/wp-json\/wp\/v2\/product"}],"about":[{"href":"https:\/\/metal-badge.ch\/fr\/wp-json\/wp\/v2\/types\/product"}],"replies":[{"embeddable":true,"href":"https:\/\/metal-badge.ch\/fr\/wp-json\/wp\/v2\/comments?post=47093"}],"wp:featuredmedia":[{"embeddable":true,"href":"https:\/\/metal-badge.ch\/fr\/wp-json\/wp\/v2\/media\/47085"}],"wp:attachment":[{"href":"https:\/\/metal-badge.ch\/fr\/wp-json\/wp\/v2\/media?parent=47093"}],"wp:term":[{"taxonomy":"product_brand","embeddable":true,"href":"https:\/\/metal-badge.ch\/fr\/wp-json\/wp\/v2\/product_brand?post=47093"},{"taxonomy":"product_cat","embeddable":true,"href":"https:\/\/metal-badge.ch\/fr\/wp-json\/wp\/v2\/product_cat?post=47093"},{"taxonomy":"product_tag","embeddable":true,"href":"https:\/\/metal-badge.ch\/fr\/wp-json\/wp\/v2\/product_tag?post=47093"}],"curies":[{"name":"wp","href":"https:\/\/api.w.org\/{rel}","templated":true}]}}