{"id":47054,"date":"2019-06-20T15:23:32","date_gmt":"2019-06-20T15:23:32","guid":{"rendered":"https:\/\/shop.metal-badge.ch\/?product=capuchon-de-visiere-avec-velcro-taille-unique-pour-tous"},"modified":"2020-09-29T16:49:59","modified_gmt":"2020-09-29T14:49:59","slug":"capuchon-de-visiere-avec-velcro-taille-unique-pour-tous-2","status":"publish","type":"product","link":"https:\/\/metal-badge.ch\/fr\/product\/47054\/capuchon-de-visiere-avec-velcro-taille-unique-pour-tous-2\/","title":{"rendered":"Capuchon de visi\u00e8re avec velcro, taille unique pour tous"},"content":{"rendered":"<p>Le capuchon en nylon \u00e0 picots en python noir et taille unique peut \u00eatre ajust\u00e9 \u00e0 l&rsquo;aide des boutons de r\u00e9glage. Le velcro \u00e0 l&rsquo;arri\u00e8re peut \u00eatre ajust\u00e9 \u00e0 la forme de la t\u00eate. Le capuchon est \u00e9quip\u00e9 de 6 trous de ventilation et de deux velcros pour les patchs.<\/p>\n<p><strong>Informations du produit :<\/strong><br \/>\nMati\u00e8re : nylon ripstop<br \/>\nCouleur : noir python<br \/>\nDimensions velcro avant : 7,5 cm de largeur x 5 cm de hauteur<br \/>\nDimensions velcro haut : 2.5 cm x 2.5 cm<br \/>\nPoids : 65 g.<\/p>\n","protected":false},"excerpt":{"rendered":"<p>Le capuchon en nylon \u00e0 picots en python noir et taille unique peut \u00eatre ajust\u00e9 \u00e0 l&rsquo;aide des boutons de r\u00e9glage. Le velcro \u00e0 l&rsquo;arri\u00e8re peut \u00eatre ajust\u00e9 \u00e0 la forme de la t\u00eate. Le capuchon est \u00e9quip\u00e9 de 6 trous de ventilation et de deux velcros pour les patchs. Informations du produit : Mati\u00e8re [&hellip;]<\/p>\n","protected":false},"featured_media":47048,"comment_status":"open","ping_status":"closed","template":"","meta":{"inline_featured_image":false},"product_brand":[],"product_cat":[1622],"product_tag":[1777,1773,1765],"class_list":{"0":"post-47054","1":"product","2":"type-product","3":"status-publish","4":"has-post-thumbnail","6":"product_cat-cappes","7":"product_tag-camping-voyage","8":"product_tag-chasse-peche","9":"product_tag-sport-outdoor-fr","11":"first","12":"instock","13":"taxable","14":"shipping-taxable","15":"purchasable","16":"product-type-simple"},"_links":{"self":[{"href":"https:\/\/metal-badge.ch\/fr\/wp-json\/wp\/v2\/product\/47054","targetHints":{"allow":["GET"]}}],"collection":[{"href":"https:\/\/metal-badge.ch\/fr\/wp-json\/wp\/v2\/product"}],"about":[{"href":"https:\/\/metal-badge.ch\/fr\/wp-json\/wp\/v2\/types\/product"}],"replies":[{"embeddable":true,"href":"https:\/\/metal-badge.ch\/fr\/wp-json\/wp\/v2\/comments?post=47054"}],"wp:featuredmedia":[{"embeddable":true,"href":"https:\/\/metal-badge.ch\/fr\/wp-json\/wp\/v2\/media\/47048"}],"wp:attachment":[{"href":"https:\/\/metal-badge.ch\/fr\/wp-json\/wp\/v2\/media?parent=47054"}],"wp:term":[{"taxonomy":"product_brand","embeddable":true,"href":"https:\/\/metal-badge.ch\/fr\/wp-json\/wp\/v2\/product_brand?post=47054"},{"taxonomy":"product_cat","embeddable":true,"href":"https:\/\/metal-badge.ch\/fr\/wp-json\/wp\/v2\/product_cat?post=47054"},{"taxonomy":"product_tag","embeddable":true,"href":"https:\/\/metal-badge.ch\/fr\/wp-json\/wp\/v2\/product_tag?post=47054"}],"curies":[{"name":"wp","href":"https:\/\/api.w.org\/{rel}","templated":true}]}}