{"id":47040,"date":"2019-06-20T14:55:47","date_gmt":"2019-06-20T14:55:47","guid":{"rendered":"https:\/\/shop.metal-badge.ch\/?product=gants-m-safe-grippaz-nitrile-taille-9l-noir-50-pieces"},"modified":"2024-02-21T03:47:00","modified_gmt":"2024-02-21T02:47:00","slug":"gants-m-safe-grippaz-nitrile-taille-9l-noir-50-pieces","status":"publish","type":"product","link":"https:\/\/metal-badge.ch\/fr\/product\/47040\/gants-m-safe-grippaz-nitrile-taille-9l-noir-50-pieces\/","title":{"rendered":"Gants M-Safe, Grippaz nitrile taille 9\/L Noir 50 pi\u00e8ces"},"content":{"rendered":"<p>Excellente adh\u00e9rence sur surfaces humides et s\u00e8ches. Avec structure en mati\u00e8re doubl\u00e9e pour une tenue confortable et antid\u00e9rapante. Prot\u00e8gent vos mains de la salet\u00e9, de l&rsquo;huile, de la boue. Ils sont polyvalents, id\u00e9aux dans les ateliers, les cuisines, le montage, le nettoyage, etc. avec une sensation tactile optimale, convient \u00e9galement pour l&rsquo;utilisation des \u00e9crans tactiles. Haute r\u00e9sistance \u00e0 la traction et longue dur\u00e9e de vie gr\u00e2ce \u00e0 une \u00e9paisseur de mat\u00e9riau de 0,7 mm. Les gants en nitrile r\u00e9duisent le risque d&rsquo;allergies.<\/p>\n<p><strong>Description du produit :<\/strong><br \/>\nMati\u00e8re : nitrile<br \/>\nTaille : 9 \/ Large, \u00e9galement disponible dans d&rsquo;autres tailles<br \/>\nCouleur : noir<br \/>\nMod\u00e8le : Grippaz, structure \u00e0 picots<br \/>\nEmballage : contenu 50 pi\u00e8ces<br \/>\nL\u00e9g\u00e8rement poudr\u00e9<\/p>\n","protected":false},"excerpt":{"rendered":"<p>Excellente adh\u00e9rence sur surfaces humides et s\u00e8ches. Avec structure en mati\u00e8re doubl\u00e9e pour une tenue confortable et antid\u00e9rapante. Prot\u00e8gent vos mains de la salet\u00e9, de l&rsquo;huile, de la boue. Ils sont polyvalents, id\u00e9aux dans les ateliers, les cuisines, le montage, le nettoyage, etc. avec une sensation tactile optimale, convient \u00e9galement pour l&rsquo;utilisation des \u00e9crans tactiles. [&hellip;]<\/p>\n","protected":false},"featured_media":88179,"comment_status":"open","ping_status":"closed","template":"","meta":{"inline_featured_image":false},"product_brand":[],"product_cat":[1643],"product_tag":[1777,1781,1765],"class_list":{"0":"post-47040","1":"product","2":"type-product","3":"status-publish","4":"has-post-thumbnail","6":"product_cat-gants-gants-dintervention","7":"product_tag-camping-voyage","8":"product_tag-police-securite","9":"product_tag-sport-outdoor-fr","11":"first","12":"instock","13":"taxable","14":"shipping-taxable","15":"purchasable","16":"product-type-simple"},"_links":{"self":[{"href":"https:\/\/metal-badge.ch\/fr\/wp-json\/wp\/v2\/product\/47040","targetHints":{"allow":["GET"]}}],"collection":[{"href":"https:\/\/metal-badge.ch\/fr\/wp-json\/wp\/v2\/product"}],"about":[{"href":"https:\/\/metal-badge.ch\/fr\/wp-json\/wp\/v2\/types\/product"}],"replies":[{"embeddable":true,"href":"https:\/\/metal-badge.ch\/fr\/wp-json\/wp\/v2\/comments?post=47040"}],"wp:featuredmedia":[{"embeddable":true,"href":"https:\/\/metal-badge.ch\/fr\/wp-json\/wp\/v2\/media\/88179"}],"wp:attachment":[{"href":"https:\/\/metal-badge.ch\/fr\/wp-json\/wp\/v2\/media?parent=47040"}],"wp:term":[{"taxonomy":"product_brand","embeddable":true,"href":"https:\/\/metal-badge.ch\/fr\/wp-json\/wp\/v2\/product_brand?post=47040"},{"taxonomy":"product_cat","embeddable":true,"href":"https:\/\/metal-badge.ch\/fr\/wp-json\/wp\/v2\/product_cat?post=47040"},{"taxonomy":"product_tag","embeddable":true,"href":"https:\/\/metal-badge.ch\/fr\/wp-json\/wp\/v2\/product_tag?post=47040"}],"curies":[{"name":"wp","href":"https:\/\/api.w.org\/{rel}","templated":true}]}}