{"id":46976,"date":"2019-06-04T15:37:09","date_gmt":"2019-06-04T15:37:09","guid":{"rendered":"https:\/\/shop.metal-badge.ch\/?product=ceinture-a-inserer-avec-fermeture-de-securite"},"modified":"2020-08-02T03:58:58","modified_gmt":"2020-08-02T03:58:58","slug":"ceinture-a-inserer-avec-fermeture-de-securite","status":"publish","type":"product","link":"https:\/\/metal-badge.ch\/fr\/product\/46976\/ceinture-a-inserer-avec-fermeture-de-securite\/","title":{"rendered":"Ceinture \u00e0 ins\u00e9rer avec fermeture de s\u00e9curit\u00e9"},"content":{"rendered":"<p>La boucle \u00e0 cliquet de s\u00e9curit\u00e9 extr\u00eamement robuste et r\u00e9glable des deux c\u00f4t\u00e9s est id\u00e9ale pour tous les raccords de ceintures de s\u00e9curit\u00e9 expos\u00e9s \u00e0 des charges de traction \u00e9lev\u00e9es. Que ce soit pour un sac \u00e0 dos d&rsquo;avalanche, de l&rsquo;aviation ou un \u00e9quipement d&rsquo;escalade et d&rsquo;exp\u00e9dition, le syst\u00e8me de boucle fiable est \u00e9galement confortable \u00e0 utiliser avec des gants. De plus, une ouverture accidentelle en raison du d\u00e9verrouillage d&rsquo;un c\u00f4t\u00e9 de la boucle \u00e0 cliquet de s\u00e9curit\u00e9 n&rsquo;est pas possible. La fermeture de s\u00e9curit\u00e9 ne peut pas \u00eatre ouverte d&rsquo;un c\u00f4t\u00e9 ou sous charge.<br \/>\nPour ouvrir la boucle, il faut appuyer simultan\u00e9ment sur les deux curseurs lat\u00e9raux. La ceinture \u00e0 ins\u00e9rer peut \u00eatre port\u00e9e comme ceinture inf\u00e9rieure, mais aussi comme ceinture utilitaire avec salopette, pantalon \u00e0 ins\u00e9rer, jeans ou pantalon cargo.<br \/>\nFabriqu\u00e9 en nylon \u00e0 deux \u00e9paisseurs (sauf dans la zone de r\u00e9glage), avec 5 coutures longitudinales pour plus de stabilit\u00e9. Ceinture tactique en nylon 1000D durable.<\/p>\n<p><strong>Informations du produit :<\/strong><br \/>\nMod\u00e8le : Enniu<br \/>\nCouleur : Noir<br \/>\nLargeur : 47 mm.<br \/>\nLongueur : 125 cm.<br \/>\nsans crochet Velcro \u00e0 l&rsquo;int\u00e9rieur<\/p>\n<p>Structure de surface : structure tiss\u00e9e<br \/>\nMati\u00e8re : Nylon 1000 D<br \/>\nBoucle en m\u00e9tal :<br \/>\nPoids : 210 g<br \/>\nTr\u00e8s robuste et durable<\/p>\n","protected":false},"excerpt":{"rendered":"<p>La boucle \u00e0 cliquet de s\u00e9curit\u00e9 extr\u00eamement robuste et r\u00e9glable des deux c\u00f4t\u00e9s est id\u00e9ale pour tous les raccords de ceintures de s\u00e9curit\u00e9 expos\u00e9s \u00e0 des charges de traction \u00e9lev\u00e9es. Que ce soit pour un sac \u00e0 dos d&rsquo;avalanche, de l&rsquo;aviation ou un \u00e9quipement d&rsquo;escalade et d&rsquo;exp\u00e9dition, le syst\u00e8me de boucle fiable est \u00e9galement confortable [&hellip;]<\/p>\n","protected":false},"featured_media":88193,"comment_status":"open","ping_status":"closed","template":"","meta":{"inline_featured_image":false},"product_brand":[],"product_cat":[1347,1435,1646],"product_tag":[1769,1777,1773,1781,1765],"class_list":{"0":"post-46976","1":"product","2":"type-product","3":"status-publish","4":"has-post-thumbnail","6":"product_cat-accessoires-militaires-de-chasse","7":"product_cat-camping-voyage","8":"product_cat-ceintures-a-inserer","9":"product_tag-army-survival-fr","10":"product_tag-camping-voyage","11":"product_tag-chasse-peche","12":"product_tag-police-securite","13":"product_tag-sport-outdoor-fr","15":"first","16":"instock","17":"taxable","18":"shipping-taxable","19":"purchasable","20":"product-type-simple"},"_links":{"self":[{"href":"https:\/\/metal-badge.ch\/fr\/wp-json\/wp\/v2\/product\/46976","targetHints":{"allow":["GET"]}}],"collection":[{"href":"https:\/\/metal-badge.ch\/fr\/wp-json\/wp\/v2\/product"}],"about":[{"href":"https:\/\/metal-badge.ch\/fr\/wp-json\/wp\/v2\/types\/product"}],"replies":[{"embeddable":true,"href":"https:\/\/metal-badge.ch\/fr\/wp-json\/wp\/v2\/comments?post=46976"}],"wp:featuredmedia":[{"embeddable":true,"href":"https:\/\/metal-badge.ch\/fr\/wp-json\/wp\/v2\/media\/88193"}],"wp:attachment":[{"href":"https:\/\/metal-badge.ch\/fr\/wp-json\/wp\/v2\/media?parent=46976"}],"wp:term":[{"taxonomy":"product_brand","embeddable":true,"href":"https:\/\/metal-badge.ch\/fr\/wp-json\/wp\/v2\/product_brand?post=46976"},{"taxonomy":"product_cat","embeddable":true,"href":"https:\/\/metal-badge.ch\/fr\/wp-json\/wp\/v2\/product_cat?post=46976"},{"taxonomy":"product_tag","embeddable":true,"href":"https:\/\/metal-badge.ch\/fr\/wp-json\/wp\/v2\/product_tag?post=46976"}],"curies":[{"name":"wp","href":"https:\/\/api.w.org\/{rel}","templated":true}]}}