{"id":46904,"date":"2019-05-31T14:06:50","date_gmt":"2019-05-31T14:06:50","guid":{"rendered":"https:\/\/shop.metal-badge.ch\/?product=lunettes-de-tir-tactique-lunettes-de-securite-transparentes"},"modified":"2019-05-31T14:07:07","modified_gmt":"2019-05-31T14:07:07","slug":"lunettes-de-tir-tactique-lunettes-de-securite-transparentes","status":"publish","type":"product","link":"https:\/\/metal-badge.ch\/fr\/product\/46904\/lunettes-de-tir-tactique-lunettes-de-securite-transparentes\/","title":{"rendered":"Lunettes de tir tactique \/ Lunettes de s\u00e9curit\u00e9 transparentes"},"content":{"rendered":"<p>Ces lunettes de s\u00e9curit\u00e9 sont sportives et l\u00e9g\u00e8res. Autour des verres, il y a de la mousse qui scelle tout le pourtour. Les lunettes sont tr\u00e8s confortables \u00e0 porter, bien ajust\u00e9es, rembourr\u00e9es et avec un champ de vision relativement large. Des fentes d&rsquo;a\u00e9ration sont pr\u00e9vues \u00e0 l&rsquo;avant et au bas de la monture pour \u00e9viter la formation de bu\u00e9e sur les lentilles. La monture et les verres sont en polycarbonate et les verres sont prot\u00e9g\u00e9s UV 400 -100 % UVA \/ UVB et certifi\u00e9s CE EN 166. Les lunettes sont particuli\u00e8rement adapt\u00e9es \u00e0 un usage tactique, comme le tir, ou en tant que lunettes de protection, ainsi que pour tous les espaces ext\u00e9rieurs quotidiens. Un sac de protection en nylon est inclus dans la livraison. Les lunettes sont \u00e9quip\u00e9es d&rsquo;un \u00e9lastique qui s&rsquo;adapte \u00e0 la forme de la t\u00eate. Deux verres de rechange en gris fonc\u00e9 sont \u00e9galement inclus dans la livraison. Les verres peuvent \u00eatre \u00e9chang\u00e9s facilement.<\/p>\n<p><strong>Donn\u00e9es techniques :<\/strong><br \/>\nMarque : Robesbon<br \/>\nMod\u00e8le : Z-LQ02-C2<br \/>\nPoids : 35 g.<br \/>\nCouleur : noir<br \/>\nVerres : transparents et gris fonc\u00e9<br \/>\nMati\u00e8re : plastique \/ polycarbonate<br \/>\nProtection UVA \/ UVB 100 %<br \/>\nVerres a\u00e9r\u00e9s<br \/>\nConfort de port<br \/>\nChamp de vision relativement \u00e9lev\u00e9<br \/>\nAvec un ruban \u00e9lastique r\u00e9glable<br \/>\nAvec sac de protection en nylon<\/p>\n","protected":false},"excerpt":{"rendered":"<p>Ces lunettes de s\u00e9curit\u00e9 sont sportives et l\u00e9g\u00e8res. Autour des verres, il y a de la mousse qui scelle tout le pourtour. Les lunettes sont tr\u00e8s confortables \u00e0 porter, bien ajust\u00e9es, rembourr\u00e9es et avec un champ de vision relativement large. Des fentes d&rsquo;a\u00e9ration sont pr\u00e9vues \u00e0 l&rsquo;avant et au bas de la monture pour \u00e9viter [&hellip;]<\/p>\n","protected":false},"featured_media":88203,"comment_status":"open","ping_status":"closed","template":"","meta":{"inline_featured_image":false},"product_brand":[],"product_cat":[1115],"product_tag":[1781,1765],"class_list":{"0":"post-46904","1":"product","2":"type-product","3":"status-publish","4":"has-post-thumbnail","6":"product_cat-lunettes-de-protection-lunettes-de-soleil","7":"product_tag-police-securite","8":"product_tag-sport-outdoor-fr","10":"first","11":"instock","12":"taxable","13":"shipping-taxable","14":"purchasable","15":"product-type-simple"},"_links":{"self":[{"href":"https:\/\/metal-badge.ch\/fr\/wp-json\/wp\/v2\/product\/46904","targetHints":{"allow":["GET"]}}],"collection":[{"href":"https:\/\/metal-badge.ch\/fr\/wp-json\/wp\/v2\/product"}],"about":[{"href":"https:\/\/metal-badge.ch\/fr\/wp-json\/wp\/v2\/types\/product"}],"replies":[{"embeddable":true,"href":"https:\/\/metal-badge.ch\/fr\/wp-json\/wp\/v2\/comments?post=46904"}],"wp:featuredmedia":[{"embeddable":true,"href":"https:\/\/metal-badge.ch\/fr\/wp-json\/wp\/v2\/media\/88203"}],"wp:attachment":[{"href":"https:\/\/metal-badge.ch\/fr\/wp-json\/wp\/v2\/media?parent=46904"}],"wp:term":[{"taxonomy":"product_brand","embeddable":true,"href":"https:\/\/metal-badge.ch\/fr\/wp-json\/wp\/v2\/product_brand?post=46904"},{"taxonomy":"product_cat","embeddable":true,"href":"https:\/\/metal-badge.ch\/fr\/wp-json\/wp\/v2\/product_cat?post=46904"},{"taxonomy":"product_tag","embeddable":true,"href":"https:\/\/metal-badge.ch\/fr\/wp-json\/wp\/v2\/product_tag?post=46904"}],"curies":[{"name":"wp","href":"https:\/\/api.w.org\/{rel}","templated":true}]}}