{"id":46895,"date":"2019-05-31T13:58:30","date_gmt":"2019-05-31T13:58:30","guid":{"rendered":"https:\/\/shop.metal-badge.ch\/?product=lunettes-de-tir-tactique-lunettes-de-securite-transparentes"},"modified":"2020-09-29T17:26:06","modified_gmt":"2020-09-29T15:26:06","slug":"lunettes-de-tir-tactique-lunettes-de-securite-transparentes-2","status":"publish","type":"product","link":"https:\/\/metal-badge.ch\/fr\/product\/46895\/lunettes-de-tir-tactique-lunettes-de-securite-transparentes-2\/","title":{"rendered":"Lunettes de tir tactique \/ Lunettes de s\u00e9curit\u00e9 transparentes"},"content":{"rendered":"<p>Ces lunettes de s\u00e9curit\u00e9 sont sportives et l\u00e9g\u00e8res. Il y a de la mousse qui est ventil\u00e9e autour des verres. Les lunettes sont tr\u00e8s confortables \u00e0 porter, bien ajust\u00e9es, rembourr\u00e9es et avec un champ de vision relativement large. La monture et les verres sont en polycarbonate et les verres sont prot\u00e9g\u00e9s UV 400 -100 % UVA \/ UVB et certifi\u00e9s CE EN 166. Les lunettes sont particuli\u00e8rement adapt\u00e9es \u00e0 un usage tactique, comme le tir, ou en tant que lunettes de protection, ainsi que pour tous les espaces ext\u00e9rieurs quotidiens. Un sac de protection en nylon est inclus dans la livraison.<\/p>\n<p><strong>Donn\u00e9es techniques :<\/strong><br \/>\nMarque : Robesbon<br \/>\nMod\u00e8le : Z-LQ01-C4<br \/>\nPoids : 35 g.<br \/>\nCouleur : noir<br \/>\nVerres : transparents<br \/>\nMati\u00e8re : plastique \/ polycarbonate<br \/>\nProtection UVA \/ UVB 100 %<br \/>\nVerres a\u00e9r\u00e9s<br \/>\nConfort de port<br \/>\nChamp de vision relativement \u00e9lev\u00e9<br \/>\nAvec sac de protection en nylon<\/p>\n","protected":false},"excerpt":{"rendered":"<p>Ces lunettes de s\u00e9curit\u00e9 sont sportives et l\u00e9g\u00e8res. Il y a de la mousse qui est ventil\u00e9e autour des verres. Les lunettes sont tr\u00e8s confortables \u00e0 porter, bien ajust\u00e9es, rembourr\u00e9es et avec un champ de vision relativement large. La monture et les verres sont en polycarbonate et les verres sont prot\u00e9g\u00e9s UV 400 -100 % [&hellip;]<\/p>\n","protected":false},"featured_media":46889,"comment_status":"open","ping_status":"closed","template":"","meta":{"inline_featured_image":false},"product_brand":[],"product_cat":[1115],"product_tag":[1781,1765],"class_list":{"0":"post-46895","1":"product","2":"type-product","3":"status-publish","4":"has-post-thumbnail","6":"product_cat-lunettes-de-protection-lunettes-de-soleil","7":"product_tag-police-securite","8":"product_tag-sport-outdoor-fr","10":"first","11":"instock","12":"taxable","13":"shipping-taxable","14":"purchasable","15":"product-type-simple"},"_links":{"self":[{"href":"https:\/\/metal-badge.ch\/fr\/wp-json\/wp\/v2\/product\/46895","targetHints":{"allow":["GET"]}}],"collection":[{"href":"https:\/\/metal-badge.ch\/fr\/wp-json\/wp\/v2\/product"}],"about":[{"href":"https:\/\/metal-badge.ch\/fr\/wp-json\/wp\/v2\/types\/product"}],"replies":[{"embeddable":true,"href":"https:\/\/metal-badge.ch\/fr\/wp-json\/wp\/v2\/comments?post=46895"}],"wp:featuredmedia":[{"embeddable":true,"href":"https:\/\/metal-badge.ch\/fr\/wp-json\/wp\/v2\/media\/46889"}],"wp:attachment":[{"href":"https:\/\/metal-badge.ch\/fr\/wp-json\/wp\/v2\/media?parent=46895"}],"wp:term":[{"taxonomy":"product_brand","embeddable":true,"href":"https:\/\/metal-badge.ch\/fr\/wp-json\/wp\/v2\/product_brand?post=46895"},{"taxonomy":"product_cat","embeddable":true,"href":"https:\/\/metal-badge.ch\/fr\/wp-json\/wp\/v2\/product_cat?post=46895"},{"taxonomy":"product_tag","embeddable":true,"href":"https:\/\/metal-badge.ch\/fr\/wp-json\/wp\/v2\/product_tag?post=46895"}],"curies":[{"name":"wp","href":"https:\/\/api.w.org\/{rel}","templated":true}]}}