{"id":46886,"date":"2019-05-31T13:37:51","date_gmt":"2019-05-31T13:37:51","guid":{"rendered":"https:\/\/shop.metal-badge.ch\/?product=lunettes-et-masque-pour-la-bouche"},"modified":"2019-05-31T13:48:37","modified_gmt":"2019-05-31T13:48:37","slug":"lunettes-et-masque-pour-la-bouche","status":"publish","type":"product","link":"https:\/\/metal-badge.ch\/fr\/product\/46886\/lunettes-et-masque-pour-la-bouche\/","title":{"rendered":"Lunettes et masque pour la bouche"},"content":{"rendered":"<p>Lunettes et masque pour la bouche pratiques pour de nombreuses activit\u00e9s de plein air telles que le paintball, la moto, le ski, etc. Le masque est fabriqu\u00e9 en plastique ABS et \u00e9quip\u00e9 d&rsquo;un filtre confortable \u00e0 porter et \u00e0 l&rsquo;\u00e9preuve de la poussi\u00e8re. L&rsquo;ar\u00eate en aluminium sur l&rsquo;ar\u00eate du nez emp\u00eache tout glissement. A des trous d&rsquo;air respirable dans la zone de la bouche. L&rsquo;\u00e9lastique peut \u00eatre adapt\u00e9 \u00e0 la forme de la t\u00eate. Le prot\u00e8ge-dents peut \u00eatre s\u00e9par\u00e9 des lunettes de sorte que les lunettes peuvent \u00e9galement \u00eatre port\u00e9es sans masque pour la bouche.<\/p>\n<p><strong>Informations du produit :<\/strong><\/p>\n<p>Marque : Robesbon<br \/>\nMod\u00e8le : Z-MT009<br \/>\nCouleur : noir<br \/>\nMati\u00e8re : plastique<br \/>\nMasque avec filtre<br \/>\nBande \u00e9lastique pour adaptation \u00e0 la forme de la t\u00eate<br \/>\nLe masque peut \u00eatre s\u00e9par\u00e9 des lunettes<br \/>\nTaille d\u2019unit\u00e9<\/p>\n","protected":false},"excerpt":{"rendered":"<p>Lunettes et masque pour la bouche pratiques pour de nombreuses activit\u00e9s de plein air telles que le paintball, la moto, le ski, etc. Le masque est fabriqu\u00e9 en plastique ABS et \u00e9quip\u00e9 d&rsquo;un filtre confortable \u00e0 porter et \u00e0 l&rsquo;\u00e9preuve de la poussi\u00e8re. L&rsquo;ar\u00eate en aluminium sur l&rsquo;ar\u00eate du nez emp\u00eache tout glissement. A des [&hellip;]<\/p>\n","protected":false},"featured_media":88205,"comment_status":"open","ping_status":"closed","template":"","meta":{"inline_featured_image":false},"product_brand":[],"product_cat":[1115],"product_tag":[1781,1765],"class_list":{"0":"post-46886","1":"product","2":"type-product","3":"status-publish","4":"has-post-thumbnail","6":"product_cat-lunettes-de-protection-lunettes-de-soleil","7":"product_tag-police-securite","8":"product_tag-sport-outdoor-fr","10":"first","11":"instock","12":"taxable","13":"shipping-taxable","14":"purchasable","15":"product-type-simple"},"_links":{"self":[{"href":"https:\/\/metal-badge.ch\/fr\/wp-json\/wp\/v2\/product\/46886","targetHints":{"allow":["GET"]}}],"collection":[{"href":"https:\/\/metal-badge.ch\/fr\/wp-json\/wp\/v2\/product"}],"about":[{"href":"https:\/\/metal-badge.ch\/fr\/wp-json\/wp\/v2\/types\/product"}],"replies":[{"embeddable":true,"href":"https:\/\/metal-badge.ch\/fr\/wp-json\/wp\/v2\/comments?post=46886"}],"wp:featuredmedia":[{"embeddable":true,"href":"https:\/\/metal-badge.ch\/fr\/wp-json\/wp\/v2\/media\/88205"}],"wp:attachment":[{"href":"https:\/\/metal-badge.ch\/fr\/wp-json\/wp\/v2\/media?parent=46886"}],"wp:term":[{"taxonomy":"product_brand","embeddable":true,"href":"https:\/\/metal-badge.ch\/fr\/wp-json\/wp\/v2\/product_brand?post=46886"},{"taxonomy":"product_cat","embeddable":true,"href":"https:\/\/metal-badge.ch\/fr\/wp-json\/wp\/v2\/product_cat?post=46886"},{"taxonomy":"product_tag","embeddable":true,"href":"https:\/\/metal-badge.ch\/fr\/wp-json\/wp\/v2\/product_tag?post=46886"}],"curies":[{"name":"wp","href":"https:\/\/api.w.org\/{rel}","templated":true}]}}