{"id":46857,"date":"2019-05-30T19:45:55","date_gmt":"2019-05-30T19:45:55","guid":{"rendered":"https:\/\/shop.metal-badge.ch\/?product=lunettes-de-soleil-robesbon-sport-polarisees-ensemble-5-verres-interchangeables"},"modified":"2020-09-29T16:45:43","modified_gmt":"2020-09-29T14:45:43","slug":"lunettes-de-soleil-robesbon-sport-polarisees-ensemble-5-verres-interchangeables-3","status":"publish","type":"product","link":"https:\/\/metal-badge.ch\/fr\/product\/46857\/lunettes-de-soleil-robesbon-sport-polarisees-ensemble-5-verres-interchangeables-3\/","title":{"rendered":"Lunettes de soleil Robesbon Sport polaris\u00e9es &#8211; Ensemble 5 verres interchangeables"},"content":{"rendered":"<p>Vous allez adorer cet ensemble de lunettes de soleil de haute qualit\u00e9 !<br \/>\nDesign sportif ultime et fonctionnalit\u00e9 maximale. Ces lunettes de soleil conviennent \u00e0 toutes les occasions gr\u00e2ce aux 5 verres interchangeables et s&rsquo;adaptent \u00e0 vos yeux et aux environnements les plus vari\u00e9s, que ce soit pour le v\u00e9lo, le ski, le golf, la p\u00eache, la randonn\u00e9e ou la conduite automobile. Avec ces lunettes, vous prot\u00e9gez vos yeux avec une protection UV \u00e0 100 % du plus haut niveau.<\/p>\n<p><strong>La cerise sur le g\u00e2teau :<br \/>\nAvez-vous besoin de lunettes de soleil avec correction ? Ce n&rsquo;est pas un probl\u00e8me avec ces lunettes ! <\/strong><br \/>\nIns\u00e9rez simplement les verres dont vous avez besoin dans le cadre fourni par votre opticien et vous aurez la correction dont vous avez besoin.<br \/>\nDe plus, vous pouvez ajuster le pont nasal en caoutchouc pour qu&rsquo;il s&rsquo;adapte exactement \u00e0 votre nez et assure ainsi un confort de port \u00e9lev\u00e9 et un ajustement antid\u00e9rapant parfait.<\/p>\n<p><strong>La particularit\u00e9 :<\/strong><br \/>\nVous aimez faire du sport ? Dans ce cas, ces lunettes vous conviendront \u00e0 merveille. Pour un ajustement s\u00fbr, vous pouvez simplement enlever les branches et les remplacer par un ruban de sport.<br \/>\n5 verres interchangeables<br \/>\nId\u00e9al pour tous les sports tels que le v\u00e9lo, la p\u00eache, la randonn\u00e9e, le parapente, etc.<br \/>\n&#8211; Bleu clair (facteur de transmission de la lumi\u00e8re de 8 %) Pour une vision sans \u00e9blouissement dans tous les environnements lumineux. Id\u00e9al pour la lumi\u00e8re du jour ou dans la neige.<br \/>\n&#8211; Transparent \/ l\u00e9g\u00e8rement teint\u00e9 (facteur de transmission de la lumi\u00e8re de 64%). Pour prot\u00e9ger les yeux contre la poussi\u00e8re, le vent, les insectes, etc. Id\u00e9al pour le sport en soir\u00e9e ou au cr\u00e9puscule.<br \/>\n&#8211; Jaune (facteur de transmission de la lumi\u00e8re de 63 %) Pour une meilleure visibilit\u00e9 dans l&rsquo;obscurit\u00e9. Id\u00e9al dans le brouillard, le soir ou t\u00f4t le matin. La luminosit\u00e9 devient plus intensive.<br \/>\n&#8211; Lentille polarisante HD noire (facteur de transmission de la lumi\u00e8re de 16 %) pour une vision sans \u00e9blouissement pendant les journ\u00e9es ensoleill\u00e9es. Id\u00e9al pour les voyages en voiture ou les randonn\u00e9es.<br \/>\nCes lunettes de soleil conviennent aux femmes et aux hommes. Elles sont livr\u00e9es dans un \u00e9tui \u00e0 lunettes pratique. Avec un chiffon de nettoyage, 5 verres interchangeables, support pour verres individuels de correction, sac de protection, cha\u00eene de lunettes et bracelet sport.<\/p>\n<p><strong>Les avantages en un coup d&rsquo;\u0153il<\/strong><br \/>\nCouleur de la monture : rouge<br \/>\nMod\u00e8le : Z-pc308099<br \/>\n5 verres interchangeables + 1 monture de lunettes<br \/>\nSupport pour verres de correction<br \/>\nCha\u00eene \u00e0 lunettes, lani\u00e8re et lani\u00e8re de sport<br \/>\nSac de protection \/ chiffon de nettoyage<br \/>\nLa monture et les verres sont en polycarbonate de haute qualit\u00e9.<br \/>\nMonture l\u00e9g\u00e8re \/ verres r\u00e9sistants aux chocs<br \/>\nPont nasal r\u00e9glable en caoutchouc<br \/>\nProtection UV 100 %<br \/>\nVerre polaris\u00e9<br \/>\nPoids : Lunettes avec verre 32 g<\/p>\n","protected":false},"excerpt":{"rendered":"<p>Vous allez adorer cet ensemble de lunettes de soleil de haute qualit\u00e9 ! Design sportif ultime et fonctionnalit\u00e9 maximale. Ces lunettes de soleil conviennent \u00e0 toutes les occasions gr\u00e2ce aux 5 verres interchangeables et s&rsquo;adaptent \u00e0 vos yeux et aux environnements les plus vari\u00e9s, que ce soit pour le v\u00e9lo, le ski, le golf, la [&hellip;]<\/p>\n","protected":false},"featured_media":46849,"comment_status":"open","ping_status":"closed","template":"","meta":{"inline_featured_image":false},"product_brand":[],"product_cat":[1115],"product_tag":[1781,1765],"class_list":{"0":"post-46857","1":"product","2":"type-product","3":"status-publish","4":"has-post-thumbnail","6":"product_cat-lunettes-de-protection-lunettes-de-soleil","7":"product_tag-police-securite","8":"product_tag-sport-outdoor-fr","10":"first","11":"instock","12":"taxable","13":"shipping-taxable","14":"purchasable","15":"product-type-simple"},"_links":{"self":[{"href":"https:\/\/metal-badge.ch\/fr\/wp-json\/wp\/v2\/product\/46857","targetHints":{"allow":["GET"]}}],"collection":[{"href":"https:\/\/metal-badge.ch\/fr\/wp-json\/wp\/v2\/product"}],"about":[{"href":"https:\/\/metal-badge.ch\/fr\/wp-json\/wp\/v2\/types\/product"}],"replies":[{"embeddable":true,"href":"https:\/\/metal-badge.ch\/fr\/wp-json\/wp\/v2\/comments?post=46857"}],"wp:featuredmedia":[{"embeddable":true,"href":"https:\/\/metal-badge.ch\/fr\/wp-json\/wp\/v2\/media\/46849"}],"wp:attachment":[{"href":"https:\/\/metal-badge.ch\/fr\/wp-json\/wp\/v2\/media?parent=46857"}],"wp:term":[{"taxonomy":"product_brand","embeddable":true,"href":"https:\/\/metal-badge.ch\/fr\/wp-json\/wp\/v2\/product_brand?post=46857"},{"taxonomy":"product_cat","embeddable":true,"href":"https:\/\/metal-badge.ch\/fr\/wp-json\/wp\/v2\/product_cat?post=46857"},{"taxonomy":"product_tag","embeddable":true,"href":"https:\/\/metal-badge.ch\/fr\/wp-json\/wp\/v2\/product_tag?post=46857"}],"curies":[{"name":"wp","href":"https:\/\/api.w.org\/{rel}","templated":true}]}}