{"id":46846,"date":"2019-05-30T16:43:17","date_gmt":"2019-05-30T16:43:17","guid":{"rendered":"https:\/\/shop.metal-badge.ch\/?product=lunettes-de-soleil-robesbon-sport-polarisees-ensemble-3-verres-interchangeables"},"modified":"2020-09-29T16:38:13","modified_gmt":"2020-09-29T14:38:13","slug":"lunettes-de-soleil-robesbon-sport-polarisees-ensemble-3-verres-interchangeables-2","status":"publish","type":"product","link":"https:\/\/metal-badge.ch\/fr\/product\/46846\/lunettes-de-soleil-robesbon-sport-polarisees-ensemble-3-verres-interchangeables-2\/","title":{"rendered":"Lunettes de soleil Robesbon Sport polaris\u00e9es &#8211; Ensemble 3 verres interchangeables"},"content":{"rendered":"<p>Robesbon est une paire de lunettes de sport extr\u00eamement confortable avec des \u00e9l\u00e9ments de couleur saisissants. Le nez caoutchout\u00e9 et les branches offrent un confort de port agr\u00e9able et s\u00fbr.<br \/>\nSuper, des lunettes de soleil qui fonctionnent comme un cam\u00e9l\u00e9on ! Les verres photochromiques sont des verres qui s&rsquo;adaptent automatiquement aux conditions de lumi\u00e8re. Lorsqu&rsquo;ils entrent en contact avec le rayonnement solaire, ils s&rsquo;assombrissent automatiquement et lorsque les rayons du soleil disparaissent, ils laissent \u00e0 nouveau passer plus de lumi\u00e8re. Les verres \u00e0 adaptation automatique s&rsquo;ajustent sans probl\u00e8me \u00e0 toutes les conditions de visibilit\u00e9.<\/p>\n<p>Vous allez adorer cet ensemble de lunettes de soleil de haute qualit\u00e9 !<br \/>\nDesign sportif ultime et fonctionnalit\u00e9 maximale. Ces lunettes de soleil conviennent \u00e0 toutes les occasions gr\u00e2ce aux 3 verres interchangeables et s&rsquo;adaptent \u00e0 vos yeux et aux environnements les plus vari\u00e9s, que ce soit pour le v\u00e9lo, le ski, le golf, la p\u00eache, la randonn\u00e9e ou la conduite automobile. Avec ces lunettes, vous prot\u00e9gez vos yeux avec une protection UV \u00e0 100 % du plus haut niveau.<\/p>\n<p><strong>La cerise sur le g\u00e2teau :<\/strong><br \/>\n<strong>Avez-vous besoin de lunettes de soleil avec correction ? Ce n&rsquo;est pas un probl\u00e8me avec ces lunettes !<\/strong><br \/>\nIns\u00e9rez simplement les verres dont vous avez besoin dans le cadre fourni par votre opticien et vous aurez la correction dont vous avez besoin.<br \/>\nDe plus, vous pouvez ajuster le pont nasal en caoutchouc pour qu&rsquo;il s&rsquo;adapte exactement \u00e0 votre nez et assure ainsi un confort de port \u00e9lev\u00e9 et un ajustement antid\u00e9rapant parfait.<br \/>\n<strong>La particularit\u00e9 :<\/strong><br \/>\nVous aimez faire du sport ? Dans ce cas, ces lunettes vous conviendront \u00e0 merveille. Pour un ajustement s\u00fbr, vous pouvez simplement enlever les branches et les remplacer par un ruban de sport.<br \/>\n3 verres interchangeables<br \/>\nId\u00e9al pour tous les sports tels que le v\u00e9lo, la p\u00eache, la randonn\u00e9e, le parapente, etc.<\/p>\n<p>&#8211; Bleu clair (facteur de transmission de la lumi\u00e8re de 8 %) Pour une vision sans \u00e9blouissement dans tous les environnements lumineux. Id\u00e9al pour la lumi\u00e8re du jour ou dans la neige.<br \/>\n&#8211; Jaune (facteur de transmission de la lumi\u00e8re de 63 %) Pour une meilleure visibilit\u00e9 dans l&rsquo;obscurit\u00e9. Id\u00e9al dans le brouillard, le soir ou t\u00f4t le matin. La luminosit\u00e9 devient plus intensive.<br \/>\n&#8211; Lentille polarisante photochromique noire pour une vision sans \u00e9blouissement pendant les journ\u00e9es ensoleill\u00e9es. Id\u00e9al pour les voyages en voiture ou les randonn\u00e9es.<br \/>\nCes lunettes de soleil conviennent aux femmes et aux hommes. Elles sont livr\u00e9es dans un \u00e9tui \u00e0 lunettes pratique. Avec un chiffon de nettoyage, 3 verres interchangeables, support pour verres individuels de correction, sac de protection, cha\u00eene de lunettes et bracelet sport.<\/p>\n<p><strong>Les avantages en un coup d&rsquo;\u0153il<\/strong><br \/>\nCouleur de la monture : noir<br \/>\nMod\u00e8le : Z-PS 378-3<br \/>\n3 verres interchangeables + 1 monture de lunettes<br \/>\nConvient pour les verres avec correction<br \/>\nSupport pour verres de correction<\/p>\n<p>Cha\u00eene \u00e0 lunettes, lani\u00e8re et lani\u00e8re de sport<\/p>\n<p>Sac de protection \/ chiffon de nettoyage<\/p>\n<p>La monture et les verres sont en polycarbonate de haute qualit\u00e9.<br \/>\nVitre : Adaptation photochromique de la teinte des verres aux conditions d&rsquo;\u00e9clairage respectives<br \/>\nVerres : orange, bleu, noir<br \/>\nMonture l\u00e9g\u00e8re \/ verres r\u00e9sistants aux chocs<br \/>\nPont nasal en caoutchouc<br \/>\nProtection UV 100 %<br \/>\nVerre polaris\u00e9<br \/>\nLongueur des branches : 120 mm.<br \/>\nPoids : Lunettes avec verre 32 g<br \/>\nTous les mod\u00e8les remplissent la norme de s\u00e9curit\u00e9 EN Iso 12312<\/p>\n","protected":false},"excerpt":{"rendered":"<p>Robesbon est une paire de lunettes de sport extr\u00eamement confortable avec des \u00e9l\u00e9ments de couleur saisissants. Le nez caoutchout\u00e9 et les branches offrent un confort de port agr\u00e9able et s\u00fbr. Super, des lunettes de soleil qui fonctionnent comme un cam\u00e9l\u00e9on ! Les verres photochromiques sont des verres qui s&rsquo;adaptent automatiquement aux conditions de lumi\u00e8re. Lorsqu&rsquo;ils [&hellip;]<\/p>\n","protected":false},"featured_media":46838,"comment_status":"open","ping_status":"closed","template":"","meta":{"inline_featured_image":false},"product_brand":[],"product_cat":[1115],"product_tag":[1781,1765],"class_list":{"0":"post-46846","1":"product","2":"type-product","3":"status-publish","4":"has-post-thumbnail","6":"product_cat-lunettes-de-protection-lunettes-de-soleil","7":"product_tag-police-securite","8":"product_tag-sport-outdoor-fr","10":"first","11":"instock","12":"taxable","13":"shipping-taxable","14":"purchasable","15":"product-type-simple"},"_links":{"self":[{"href":"https:\/\/metal-badge.ch\/fr\/wp-json\/wp\/v2\/product\/46846","targetHints":{"allow":["GET"]}}],"collection":[{"href":"https:\/\/metal-badge.ch\/fr\/wp-json\/wp\/v2\/product"}],"about":[{"href":"https:\/\/metal-badge.ch\/fr\/wp-json\/wp\/v2\/types\/product"}],"replies":[{"embeddable":true,"href":"https:\/\/metal-badge.ch\/fr\/wp-json\/wp\/v2\/comments?post=46846"}],"wp:featuredmedia":[{"embeddable":true,"href":"https:\/\/metal-badge.ch\/fr\/wp-json\/wp\/v2\/media\/46838"}],"wp:attachment":[{"href":"https:\/\/metal-badge.ch\/fr\/wp-json\/wp\/v2\/media?parent=46846"}],"wp:term":[{"taxonomy":"product_brand","embeddable":true,"href":"https:\/\/metal-badge.ch\/fr\/wp-json\/wp\/v2\/product_brand?post=46846"},{"taxonomy":"product_cat","embeddable":true,"href":"https:\/\/metal-badge.ch\/fr\/wp-json\/wp\/v2\/product_cat?post=46846"},{"taxonomy":"product_tag","embeddable":true,"href":"https:\/\/metal-badge.ch\/fr\/wp-json\/wp\/v2\/product_tag?post=46846"}],"curies":[{"name":"wp","href":"https:\/\/api.w.org\/{rel}","templated":true}]}}