{"id":46829,"date":"2019-05-28T15:56:08","date_gmt":"2019-05-28T15:56:08","guid":{"rendered":"https:\/\/shop.metal-badge.ch\/?product=cle-de-menotte-zak-zt-13-bleue"},"modified":"2020-08-02T03:57:34","modified_gmt":"2020-08-02T03:57:34","slug":"cle-de-menotte-zak-zt-13-bleue","status":"publish","type":"product","link":"https:\/\/metal-badge.ch\/fr\/product\/46829\/cle-de-menotte-zak-zt-13-bleue\/","title":{"rendered":"Cl\u00e9 de menotte Zak ZT 13 bleue"},"content":{"rendered":"<p>Toutes les cl\u00e9s sont fabriqu\u00e9es en acier inoxydable trait\u00e9 thermiquement et sont con\u00e7ues pour une dur\u00e9e de vie ind\u00e9termin\u00e9e. Gr\u00e2ce \u00e0 des mat\u00e9riaux de haute qualit\u00e9 et \u00e0 une production professionnelle, nous vous garantissons une dur\u00e9e de vie illimit\u00e9e. Il s&rsquo;adapte \u00e0 la plupart des versions de menottes standard et est plus facile \u00e0 manipuler gr\u00e2ce \u00e0 son manche allong\u00e9 avec fonction de torsion.<\/p>\n<p>Poids : 25 g.<br \/>\nLongueur : 11.5 cm<br \/>\nCouleur : bleu<\/p>\n","protected":false},"excerpt":{"rendered":"<p>Toutes les cl\u00e9s sont fabriqu\u00e9es en acier inoxydable trait\u00e9 thermiquement et sont con\u00e7ues pour une dur\u00e9e de vie ind\u00e9termin\u00e9e. Gr\u00e2ce \u00e0 des mat\u00e9riaux de haute qualit\u00e9 et \u00e0 une production professionnelle, nous vous garantissons une dur\u00e9e de vie illimit\u00e9e. Il s&rsquo;adapte \u00e0 la plupart des versions de menottes standard et est plus facile \u00e0 manipuler [&hellip;]<\/p>\n","protected":false},"featured_media":88211,"comment_status":"open","ping_status":"closed","template":"","meta":{"inline_featured_image":false},"product_brand":[],"product_cat":[1463],"product_tag":[1781,1854],"class_list":{"0":"post-46829","1":"product","2":"type-product","3":"status-publish","4":"has-post-thumbnail","6":"product_cat-menottes-bracelets-de-cheville-zak-tool","7":"product_tag-police-securite","8":"product_tag-zak-tool-fr","10":"first","11":"instock","12":"taxable","13":"shipping-taxable","14":"purchasable","15":"product-type-simple"},"_links":{"self":[{"href":"https:\/\/metal-badge.ch\/fr\/wp-json\/wp\/v2\/product\/46829","targetHints":{"allow":["GET"]}}],"collection":[{"href":"https:\/\/metal-badge.ch\/fr\/wp-json\/wp\/v2\/product"}],"about":[{"href":"https:\/\/metal-badge.ch\/fr\/wp-json\/wp\/v2\/types\/product"}],"replies":[{"embeddable":true,"href":"https:\/\/metal-badge.ch\/fr\/wp-json\/wp\/v2\/comments?post=46829"}],"wp:featuredmedia":[{"embeddable":true,"href":"https:\/\/metal-badge.ch\/fr\/wp-json\/wp\/v2\/media\/88211"}],"wp:attachment":[{"href":"https:\/\/metal-badge.ch\/fr\/wp-json\/wp\/v2\/media?parent=46829"}],"wp:term":[{"taxonomy":"product_brand","embeddable":true,"href":"https:\/\/metal-badge.ch\/fr\/wp-json\/wp\/v2\/product_brand?post=46829"},{"taxonomy":"product_cat","embeddable":true,"href":"https:\/\/metal-badge.ch\/fr\/wp-json\/wp\/v2\/product_cat?post=46829"},{"taxonomy":"product_tag","embeddable":true,"href":"https:\/\/metal-badge.ch\/fr\/wp-json\/wp\/v2\/product_tag?post=46829"}],"curies":[{"name":"wp","href":"https:\/\/api.w.org\/{rel}","templated":true}]}}