{"id":46823,"date":"2019-05-28T15:47:47","date_gmt":"2019-05-28T15:47:47","guid":{"rendered":"https:\/\/shop.metal-badge.ch\/?product=menottes-en-aluminium-noir-menottes-noires"},"modified":"2019-05-28T15:50:21","modified_gmt":"2019-05-28T15:50:21","slug":"menottes-en-aluminium-noir-menottes-noires","status":"publish","type":"product","link":"https:\/\/metal-badge.ch\/fr\/product\/46823\/menottes-en-aluminium-noir-menottes-noires\/","title":{"rendered":"Menottes en aluminium noir \/ menottes noires"},"content":{"rendered":"<p>Menottes en aluminium avec fermeture de s\u00e9curit\u00e9 en noir. La taille est r\u00e9glable avec une cr\u00e9maill\u00e8re 21 positions. Ces menottes \u00e0 cha\u00eene sont fournies avec 2 cl\u00e9s et un sac en nylon avec passant de ceinture.<\/p>\n<p>Poids : 138 g<br \/>\nMat\u00e9riau : Aluminium<br \/>\nTaille : cr\u00e9maill\u00e8re r\u00e9glable<br \/>\nCouleur : noir mat<br \/>\n2 cl\u00e9s<br \/>\nSac en nylon noir<\/p>\n","protected":false},"excerpt":{"rendered":"<p>Menottes en aluminium avec fermeture de s\u00e9curit\u00e9 en noir. La taille est r\u00e9glable avec une cr\u00e9maill\u00e8re 21 positions. Ces menottes \u00e0 cha\u00eene sont fournies avec 2 cl\u00e9s et un sac en nylon avec passant de ceinture. Poids : 138 g Mat\u00e9riau : Aluminium Taille : cr\u00e9maill\u00e8re r\u00e9glable Couleur : noir mat 2 cl\u00e9s Sac en [&hellip;]<\/p>\n","protected":false},"featured_media":88213,"comment_status":"open","ping_status":"closed","template":"","meta":{"inline_featured_image":false},"product_brand":[],"product_cat":[1463],"product_tag":[1781],"class_list":{"0":"post-46823","1":"product","2":"type-product","3":"status-publish","4":"has-post-thumbnail","6":"product_cat-menottes-bracelets-de-cheville-zak-tool","7":"product_tag-police-securite","9":"first","10":"instock","11":"taxable","12":"shipping-taxable","13":"purchasable","14":"product-type-simple"},"_links":{"self":[{"href":"https:\/\/metal-badge.ch\/fr\/wp-json\/wp\/v2\/product\/46823","targetHints":{"allow":["GET"]}}],"collection":[{"href":"https:\/\/metal-badge.ch\/fr\/wp-json\/wp\/v2\/product"}],"about":[{"href":"https:\/\/metal-badge.ch\/fr\/wp-json\/wp\/v2\/types\/product"}],"replies":[{"embeddable":true,"href":"https:\/\/metal-badge.ch\/fr\/wp-json\/wp\/v2\/comments?post=46823"}],"wp:featuredmedia":[{"embeddable":true,"href":"https:\/\/metal-badge.ch\/fr\/wp-json\/wp\/v2\/media\/88213"}],"wp:attachment":[{"href":"https:\/\/metal-badge.ch\/fr\/wp-json\/wp\/v2\/media?parent=46823"}],"wp:term":[{"taxonomy":"product_brand","embeddable":true,"href":"https:\/\/metal-badge.ch\/fr\/wp-json\/wp\/v2\/product_brand?post=46823"},{"taxonomy":"product_cat","embeddable":true,"href":"https:\/\/metal-badge.ch\/fr\/wp-json\/wp\/v2\/product_cat?post=46823"},{"taxonomy":"product_tag","embeddable":true,"href":"https:\/\/metal-badge.ch\/fr\/wp-json\/wp\/v2\/product_tag?post=46823"}],"curies":[{"name":"wp","href":"https:\/\/api.w.org\/{rel}","templated":true}]}}