{"id":46799,"date":"2019-05-28T15:24:22","date_gmt":"2019-05-28T15:24:22","guid":{"rendered":"https:\/\/shop.metal-badge.ch\/?product=menottes-a-charnieres-menottes-argentees"},"modified":"2020-08-02T03:57:15","modified_gmt":"2020-08-02T03:57:15","slug":"menottes-a-charnieres-menottes-argentees","status":"publish","type":"product","link":"https:\/\/metal-badge.ch\/fr\/product\/46799\/menottes-a-charnieres-menottes-argentees\/","title":{"rendered":"Menottes \u00e0 charni\u00e8res \/ Menottes argent\u00e9es."},"content":{"rendered":"<p>Menottes \u00e0 charni\u00e8re en acier carbone avec serrure de s\u00e9curit\u00e9, argent\u00e9es La taille est r\u00e9glable avec une cr\u00e9maill\u00e8re 21 positions. Deux cl\u00e9s suppl\u00e9mentaires avec serrure s\u00e9par\u00e9e sont disponibles pour le verrouillage de s\u00e9curit\u00e9 sup\u00e9rieur. Ces menottes \u00e0 charni\u00e8res sont fournies avec 4 cl\u00e9s et un sac en nylon avec passant de ceinture.<\/p>\n<p>Poids : 405 g<br \/>\nMat\u00e9riau : Acier carbone<br \/>\nTaille : cr\u00e9maill\u00e8re r\u00e9glable<br \/>\nCouleur : argent\u00e9 brillant<br \/>\n4 cl\u00e9s<br \/>\nSac en nylon noir<\/p>\n","protected":false},"excerpt":{"rendered":"<p>Menottes \u00e0 charni\u00e8re en acier carbone avec serrure de s\u00e9curit\u00e9, argent\u00e9es La taille est r\u00e9glable avec une cr\u00e9maill\u00e8re 21 positions. Deux cl\u00e9s suppl\u00e9mentaires avec serrure s\u00e9par\u00e9e sont disponibles pour le verrouillage de s\u00e9curit\u00e9 sup\u00e9rieur. Ces menottes \u00e0 charni\u00e8res sont fournies avec 4 cl\u00e9s et un sac en nylon avec passant de ceinture. Poids : 405 [&hellip;]<\/p>\n","protected":false},"featured_media":88217,"comment_status":"open","ping_status":"closed","template":"","meta":{"inline_featured_image":false},"product_brand":[],"product_cat":[1463],"product_tag":[1781],"class_list":{"0":"post-46799","1":"product","2":"type-product","3":"status-publish","4":"has-post-thumbnail","6":"product_cat-menottes-bracelets-de-cheville-zak-tool","7":"product_tag-police-securite","9":"first","10":"instock","11":"taxable","12":"shipping-taxable","13":"purchasable","14":"product-type-simple"},"_links":{"self":[{"href":"https:\/\/metal-badge.ch\/fr\/wp-json\/wp\/v2\/product\/46799","targetHints":{"allow":["GET"]}}],"collection":[{"href":"https:\/\/metal-badge.ch\/fr\/wp-json\/wp\/v2\/product"}],"about":[{"href":"https:\/\/metal-badge.ch\/fr\/wp-json\/wp\/v2\/types\/product"}],"replies":[{"embeddable":true,"href":"https:\/\/metal-badge.ch\/fr\/wp-json\/wp\/v2\/comments?post=46799"}],"wp:featuredmedia":[{"embeddable":true,"href":"https:\/\/metal-badge.ch\/fr\/wp-json\/wp\/v2\/media\/88217"}],"wp:attachment":[{"href":"https:\/\/metal-badge.ch\/fr\/wp-json\/wp\/v2\/media?parent=46799"}],"wp:term":[{"taxonomy":"product_brand","embeddable":true,"href":"https:\/\/metal-badge.ch\/fr\/wp-json\/wp\/v2\/product_brand?post=46799"},{"taxonomy":"product_cat","embeddable":true,"href":"https:\/\/metal-badge.ch\/fr\/wp-json\/wp\/v2\/product_cat?post=46799"},{"taxonomy":"product_tag","embeddable":true,"href":"https:\/\/metal-badge.ch\/fr\/wp-json\/wp\/v2\/product_tag?post=46799"}],"curies":[{"name":"wp","href":"https:\/\/api.w.org\/{rel}","templated":true}]}}