{"id":46792,"date":"2019-05-28T10:46:42","date_gmt":"2019-05-28T10:46:42","guid":{"rendered":"https:\/\/shop.metal-badge.ch\/?product=menottes-chaine-a-deux-maillons"},"modified":"2020-08-02T03:57:10","modified_gmt":"2020-08-02T03:57:10","slug":"menottes-chaine-a-deux-maillons","status":"publish","type":"product","link":"https:\/\/metal-badge.ch\/fr\/product\/46792\/menottes-chaine-a-deux-maillons\/","title":{"rendered":"Menottes cha\u00eene \u00e0 deux maillons"},"content":{"rendered":"<p>La production de haute qualit\u00e9 ne se refl\u00e8te pas seulement dans la solidit\u00e9 des menottes, mais aussi du r\u00e9glage fluide des deux cr\u00e9maill\u00e8res. Elles sont toutes deux \u00e9quip\u00e9es de deux dents, offrant au total 20 positions de verrouillage diff\u00e9rentes et un verrouillage s\u00fbr. Convient \u00e0 la plupart des poignets.<\/p>\n<p>Menottes en titane avec fermeture de s\u00e9curit\u00e9 en argent\u00e9 \/ noir mat. La taille est r\u00e9glable avec une cr\u00e9maill\u00e8re 21 positions avec blocage de s\u00e9curit\u00e9. Ces menottes sont fournies avec 2 cl\u00e9s et un sac en nylon avec passant de ceinture.<\/p>\n<p>Poids : 195 g<br \/>\nMat\u00e9riau : Titane<br \/>\nTaille : cr\u00e9maill\u00e8re r\u00e9glable<br \/>\nCouleur : argent\u00e9 \/noir mat<br \/>\n2 cl\u00e9s<br \/>\nSac en nylon noir<br \/>\nNombre de dents : 2<br \/>\nType de construction : cha\u00eene<\/p>\n","protected":false},"excerpt":{"rendered":"<p>La production de haute qualit\u00e9 ne se refl\u00e8te pas seulement dans la solidit\u00e9 des menottes, mais aussi du r\u00e9glage fluide des deux cr\u00e9maill\u00e8res. Elles sont toutes deux \u00e9quip\u00e9es de deux dents, offrant au total 20 positions de verrouillage diff\u00e9rentes et un verrouillage s\u00fbr. Convient \u00e0 la plupart des poignets. Menottes en titane avec fermeture de [&hellip;]<\/p>\n","protected":false},"featured_media":88219,"comment_status":"open","ping_status":"closed","template":"","meta":{"inline_featured_image":false},"product_brand":[],"product_cat":[1463],"product_tag":[1781],"class_list":{"0":"post-46792","1":"product","2":"type-product","3":"status-publish","4":"has-post-thumbnail","6":"product_cat-menottes-bracelets-de-cheville-zak-tool","7":"product_tag-police-securite","9":"first","10":"instock","11":"taxable","12":"shipping-taxable","13":"purchasable","14":"product-type-simple"},"_links":{"self":[{"href":"https:\/\/metal-badge.ch\/fr\/wp-json\/wp\/v2\/product\/46792","targetHints":{"allow":["GET"]}}],"collection":[{"href":"https:\/\/metal-badge.ch\/fr\/wp-json\/wp\/v2\/product"}],"about":[{"href":"https:\/\/metal-badge.ch\/fr\/wp-json\/wp\/v2\/types\/product"}],"replies":[{"embeddable":true,"href":"https:\/\/metal-badge.ch\/fr\/wp-json\/wp\/v2\/comments?post=46792"}],"wp:featuredmedia":[{"embeddable":true,"href":"https:\/\/metal-badge.ch\/fr\/wp-json\/wp\/v2\/media\/88219"}],"wp:attachment":[{"href":"https:\/\/metal-badge.ch\/fr\/wp-json\/wp\/v2\/media?parent=46792"}],"wp:term":[{"taxonomy":"product_brand","embeddable":true,"href":"https:\/\/metal-badge.ch\/fr\/wp-json\/wp\/v2\/product_brand?post=46792"},{"taxonomy":"product_cat","embeddable":true,"href":"https:\/\/metal-badge.ch\/fr\/wp-json\/wp\/v2\/product_cat?post=46792"},{"taxonomy":"product_tag","embeddable":true,"href":"https:\/\/metal-badge.ch\/fr\/wp-json\/wp\/v2\/product_tag?post=46792"}],"curies":[{"name":"wp","href":"https:\/\/api.w.org\/{rel}","templated":true}]}}