{"id":46785,"date":"2019-05-28T10:36:38","date_gmt":"2019-05-28T10:36:38","guid":{"rendered":"https:\/\/shop.metal-badge.ch\/?product=menottes-en-acier-inoxydable-menottes-argentees"},"modified":"2020-08-02T03:57:05","modified_gmt":"2020-08-02T03:57:05","slug":"menottes-en-acier-inoxydable-menottes-argentees","status":"publish","type":"product","link":"https:\/\/metal-badge.ch\/fr\/product\/46785\/menottes-en-acier-inoxydable-menottes-argentees\/","title":{"rendered":"Menottes en acier inoxydable \/ Menottes argent\u00e9es."},"content":{"rendered":"<p>Menottes en acier inoxydable avec fermeture de s\u00e9curit\u00e9 en argent\u00e9. La taille est r\u00e9glable avec une cr\u00e9maill\u00e8re 19 positions. Ces menottes \u00e0 cha\u00eene \u00e0 2 maillons sont fournies avec 2 cl\u00e9s et un sac en nylon avec passant de ceinture.<\/p>\n<p>Poids : 260 g<br \/>\nMati\u00e8re : Acier inoxydable<br \/>\nTaille : cr\u00e9maill\u00e8re r\u00e9glable<br \/>\nCouleur : argent\u00e9<br \/>\n2 cl\u00e9s<br \/>\nSac en nylon noir<\/p>\n","protected":false},"excerpt":{"rendered":"<p>Menottes en acier inoxydable avec fermeture de s\u00e9curit\u00e9 en argent\u00e9. La taille est r\u00e9glable avec une cr\u00e9maill\u00e8re 19 positions. Ces menottes \u00e0 cha\u00eene \u00e0 2 maillons sont fournies avec 2 cl\u00e9s et un sac en nylon avec passant de ceinture. Poids : 260 g Mati\u00e8re : Acier inoxydable Taille : cr\u00e9maill\u00e8re r\u00e9glable Couleur : argent\u00e9 [&hellip;]<\/p>\n","protected":false},"featured_media":88221,"comment_status":"open","ping_status":"closed","template":"","meta":{"inline_featured_image":false},"product_brand":[],"product_cat":[1463],"product_tag":[1781],"class_list":{"0":"post-46785","1":"product","2":"type-product","3":"status-publish","4":"has-post-thumbnail","6":"product_cat-menottes-bracelets-de-cheville-zak-tool","7":"product_tag-police-securite","9":"first","10":"instock","11":"taxable","12":"shipping-taxable","13":"purchasable","14":"product-type-simple"},"_links":{"self":[{"href":"https:\/\/metal-badge.ch\/fr\/wp-json\/wp\/v2\/product\/46785","targetHints":{"allow":["GET"]}}],"collection":[{"href":"https:\/\/metal-badge.ch\/fr\/wp-json\/wp\/v2\/product"}],"about":[{"href":"https:\/\/metal-badge.ch\/fr\/wp-json\/wp\/v2\/types\/product"}],"replies":[{"embeddable":true,"href":"https:\/\/metal-badge.ch\/fr\/wp-json\/wp\/v2\/comments?post=46785"}],"wp:featuredmedia":[{"embeddable":true,"href":"https:\/\/metal-badge.ch\/fr\/wp-json\/wp\/v2\/media\/88221"}],"wp:attachment":[{"href":"https:\/\/metal-badge.ch\/fr\/wp-json\/wp\/v2\/media?parent=46785"}],"wp:term":[{"taxonomy":"product_brand","embeddable":true,"href":"https:\/\/metal-badge.ch\/fr\/wp-json\/wp\/v2\/product_brand?post=46785"},{"taxonomy":"product_cat","embeddable":true,"href":"https:\/\/metal-badge.ch\/fr\/wp-json\/wp\/v2\/product_cat?post=46785"},{"taxonomy":"product_tag","embeddable":true,"href":"https:\/\/metal-badge.ch\/fr\/wp-json\/wp\/v2\/product_tag?post=46785"}],"curies":[{"name":"wp","href":"https:\/\/api.w.org\/{rel}","templated":true}]}}