{"id":46753,"date":"2019-05-28T08:35:23","date_gmt":"2019-05-28T08:35:23","guid":{"rendered":"https:\/\/shop.metal-badge.ch\/?product=veste-dintervention-en-softshell-jaune-vifnoir"},"modified":"2021-01-15T09:23:29","modified_gmt":"2021-01-15T08:23:29","slug":"veste-dintervention-en-softshell-jaune-vifnoir","status":"publish","type":"product","link":"https:\/\/metal-badge.ch\/fr\/product\/46753\/veste-dintervention-en-softshell-jaune-vifnoir\/","title":{"rendered":"Veste d\u2019intervention en softshell jaune vif\/noir"},"content":{"rendered":"<p>Cette veste en softshell est \u00e9quip\u00e9e de bandes r\u00e9fl\u00e9chissantes de s\u00e9curit\u00e9 sur les manches, les \u00e9paules, le devant et le dos \u00e0 la verticale, ainsi que sur tout le pourtour en bas selon la norme EN 471, afin que l&rsquo;utilisateur puisse \u00e9galement \u00eatre vu dans l&rsquo;obscurit\u00e9. Une fen\u00eatre transparente pour document d\u2019identit\u00e9 est appos\u00e9e \u00e0 droite \u00e0 l&rsquo;avant. Veste 100 % polyester avec doublure int\u00e9rieure matelass\u00e9e, \u00e9galement adapt\u00e9e pour la saison froide. Avec une grande poche int\u00e9rieure \u00e0 fermeture \u00e9clair et trois grandes poches ext\u00e9rieurs \u00e0 fermeture \u00e9clair droite, gauche, et une poche sur la poitrine gauche, qui offrent un grand espace de stockage. Poignets r\u00e9glables avec une fermeture velcro. Des velcros ronds de 8 cm se trouvent sur les bras droit et gauche pour y fixer un patch. Cette veste a des rabats d&rsquo;\u00e9paule avec des boutons-pression des deux c\u00f4t\u00e9s. Cette veste est munie de velcro pour marquages \u00e0 l\u2019arri\u00e8re et \u00e0 l&rsquo;avant. \u00c0 l&rsquo;avant des \u00e9paules, des fermetures rapides pour micros et radio sont plac\u00e9s des deux c\u00f4t\u00e9s. \u00c0 la taille, la veste peut encore \u00eatre ajust\u00e9e au moyen d&rsquo;un \u00e9lastique et de la fermeture de la taille.<br \/>\nDimensions du panneau velcro avant : 12 cm x 4 cm<br \/>\nDimensions du panneau velcro arri\u00e8re : 29 cm x 10 cm<\/p>\n<p><strong>Sp\u00e9cification \/ mat\u00e9riau :<\/strong><br \/>\nMod\u00e8le : veste en softshell<br \/>\nMati\u00e8re : 310 GSM<br \/>\nRembourrage : Doublure int\u00e9rieure 100 % polyester matelass\u00e9e<br \/>\nCouleur : jaune brillant \/ noir<br \/>\nDes attaches rapides pour microphone de radio se trouvent \u00e0 l&rsquo;avant de l&rsquo;\u00e9paule des deux c\u00f4t\u00e9s.<br \/>\nCoupe-vent et \u00e9tanche<br \/>\nCol montant 8 cm<br \/>\nDes velcros ronds de 8 cm se trouvent sur des deux c\u00f4t\u00e9s sur les bras droit et gauche pour les logos, etc.<br \/>\nFen\u00eatre pour carte d\u2019identit\u00e9<br \/>\nVelcro pour le nom sous la fen\u00eatre pour carte<br \/>\nVelcro pour lettrage arri\u00e8re grand 29 cm x 10 cm<br \/>\nVelcro pour l&rsquo;\u00e9tiquetage frontal petit 12 cm x 4 cm<\/p>\n<p>Ceinture aux manches avec fermeture velcro pour le r\u00e9glage, confort de port \u00e9lev\u00e9<\/p>\n<p>3 poches ext\u00e9rieures avec beaucoup d&rsquo;espace de rangement et fermeture \u00e9clair<br \/>\n1 poche int\u00e9rieure avec fermeture \u00e9clair<br \/>\nCertifi\u00e9 classe EN 471, (v\u00eatements de signalisation)<br \/>\nTailles : S, M, L, XL<br \/>\nInscriptions avec velcro: <strong>POLICE, POLIZEI, Rettungsdienst, PARAMEDIC, Notarzt, SECURITY, SECURITE, Feuerwehr, etc.<\/strong><br \/>\nNous produisons d&rsquo;autres inscriptions velcro sur demande. Contactez-nous !<\/p>\n<p>Prix r\u00e9duit pour des commandes de plus de 20 pi\u00e8ces. Nous pouvons \u00e9galement adapter la veste \u00e0 vos souhaits en r\u00e9alisant diff\u00e9rentes modifications. Contactez-nous.<\/p>\n","protected":false},"excerpt":{"rendered":"<p>Cette veste en softshell est \u00e9quip\u00e9e de bandes r\u00e9fl\u00e9chissantes de s\u00e9curit\u00e9 sur les manches, les \u00e9paules, le devant et le dos \u00e0 la verticale, ainsi que sur tout le pourtour en bas selon la norme EN 471, afin que l&rsquo;utilisateur puisse \u00e9galement \u00eatre vu dans l&rsquo;obscurit\u00e9. Une fen\u00eatre transparente pour document d\u2019identit\u00e9 est appos\u00e9e \u00e0 [&hellip;]<\/p>\n","protected":false},"featured_media":88227,"comment_status":"open","ping_status":"closed","template":"","meta":{"inline_featured_image":false},"product_brand":[],"product_cat":[1347,1602,1606],"product_tag":[1769,1773,1765],"class_list":{"0":"post-46753","1":"product","2":"type-product","3":"status-publish","4":"has-post-thumbnail","6":"product_cat-accessoires-militaires-de-chasse","7":"product_cat-vestes-en-softshell-pantalons-et-vetements-haute-visibilite","8":"product_cat-vetements-haute-visibilite-et-lumineux","9":"product_tag-army-survival-fr","10":"product_tag-chasse-peche","11":"product_tag-sport-outdoor-fr","13":"first","14":"instock","15":"taxable","16":"shipping-taxable","17":"purchasable","18":"product-type-simple"},"_links":{"self":[{"href":"https:\/\/metal-badge.ch\/fr\/wp-json\/wp\/v2\/product\/46753","targetHints":{"allow":["GET"]}}],"collection":[{"href":"https:\/\/metal-badge.ch\/fr\/wp-json\/wp\/v2\/product"}],"about":[{"href":"https:\/\/metal-badge.ch\/fr\/wp-json\/wp\/v2\/types\/product"}],"replies":[{"embeddable":true,"href":"https:\/\/metal-badge.ch\/fr\/wp-json\/wp\/v2\/comments?post=46753"}],"wp:featuredmedia":[{"embeddable":true,"href":"https:\/\/metal-badge.ch\/fr\/wp-json\/wp\/v2\/media\/88227"}],"wp:attachment":[{"href":"https:\/\/metal-badge.ch\/fr\/wp-json\/wp\/v2\/media?parent=46753"}],"wp:term":[{"taxonomy":"product_brand","embeddable":true,"href":"https:\/\/metal-badge.ch\/fr\/wp-json\/wp\/v2\/product_brand?post=46753"},{"taxonomy":"product_cat","embeddable":true,"href":"https:\/\/metal-badge.ch\/fr\/wp-json\/wp\/v2\/product_cat?post=46753"},{"taxonomy":"product_tag","embeddable":true,"href":"https:\/\/metal-badge.ch\/fr\/wp-json\/wp\/v2\/product_tag?post=46753"}],"curies":[{"name":"wp","href":"https:\/\/api.w.org\/{rel}","templated":true}]}}