{"id":46732,"date":"2019-05-27T10:37:09","date_gmt":"2019-05-27T10:37:09","guid":{"rendered":"https:\/\/shop.metal-badge.ch\/?product=pantalon-en-softshell-realtree"},"modified":"2020-10-13T14:33:03","modified_gmt":"2020-10-13T12:33:03","slug":"pantalon-en-softshell-realtree","status":"publish","type":"product","link":"https:\/\/metal-badge.ch\/fr\/product\/46732\/pantalon-en-softshell-realtree\/","title":{"rendered":"Pantalon en softshell realtree"},"content":{"rendered":"<p>Id\u00e9al pour l&rsquo;ext\u00e9rieur, prot\u00e8ge du vent et de la pluie. \u00c9quip\u00e9 de deux poches lat\u00e9rales sur les jambes ainsi que deux poches avant et deux grandes poches arri\u00e8re avec fermeture \u00e9clair \u00e9tanche YKK (scell\u00e9e). De plus, les deux jambes du pantalon sont \u00e9galement \u00e9quip\u00e9es ci-dessous d&rsquo;une fermeture \u00e9clair lat\u00e9rale \u00e9tanche YKK (scell\u00e9e). Le pantalon est enduit \u00e0 l&rsquo;int\u00e9rieur d&rsquo;un molleton l\u00e9ger, confortable \u00e0 porter, garde au chaud pendant les saisons interm\u00e9diaires, tout en \u00e9tant respirant et imperm\u00e9able.<\/p>\n<p><strong>Description du produit :<\/strong><br \/>2 poches lat\u00e9rales sur les jambes avec fermeture \u00e9clair YKK scell\u00e9e<br \/>2 poches frontales avec fermeture \u00e9clair YKK scell\u00e9e<br \/>2 poches arri\u00e8res avec fermeture \u00e9clair YKK scell\u00e9e<br \/>2 fermetures \u00e9clair YKK scell\u00e9es sur la jambe du pantalon<br \/>Polaire en couche int\u00e9rieure<br \/>Fermetures \u00e9clair YKK<br \/>Poids : 350 GSM<br \/>Couleurs : realtree avec insert kaki sur les fesses et les genoux<br \/>Respirant<br \/>Mat\u00e9riau : 85 % polyester \/ 15 % \u00e9lasthanne<br \/>100 % imperm\u00e9able \u00e0 l&rsquo;eau avec coque en polyester enduit PU \u00e0 3 couches<br \/>Tailles : Small, Medium, Large, XLarge, XXLarge<\/p>\n<p>Voir \u00e9galement la veste assortie.<\/p>\n<div class=\"woocommerce \"><ul class=\"products columns-5\">\n<li class=\"product type-product post-46743 status-publish first instock product_cat-accessoires-militaires-de-chasse product_cat-vestes-en-softshell-pantalons-et-vetements-haute-visibilite product_tag-army-survival-fr product_tag-camping-voyage product_tag-chasse-peche product_tag-sport-outdoor-fr has-post-thumbnail taxable shipping-taxable purchasable product-type-simple\">\r\n\r\n\t\r\n    <div class=\"product_thumbnail_wrapper \">\r\n\r\n\t\t<a href=\"https:\/\/metal-badge.ch\/fr\/product\/46743\/veste-en-softshell-realtree\/\" class=\"woocommerce-LoopProduct-link woocommerce-loop-product__link\">\r\n\r\n\t        <div class=\"product_thumbnail \">\r\n\t            <img decoding=\"async\" width=\"360\" height=\"240\" src=\"https:\/\/metal-badge.ch\/wp-content\/uploads\/content\/2019-05-27_11.01.55_D7X_0448a_01_large-360x240.jpg\" class=\"attachment-woocommerce_thumbnail size-woocommerce_thumbnail\" alt=\"Veste en softshell realtree\" srcset=\"https:\/\/metal-badge.ch\/wp-content\/uploads\/content\/2019-05-27_11.01.55_D7X_0448a_01_large-360x240.jpg 360w, https:\/\/metal-badge.ch\/wp-content\/uploads\/content\/2019-05-27_11.01.55_D7X_0448a_01_large-64x43.jpg 64w, https:\/\/metal-badge.ch\/wp-content\/uploads\/content\/2019-05-27_11.01.55_D7X_0448a_01_large-300x200.jpg 300w, https:\/\/metal-badge.ch\/wp-content\/uploads\/content\/2019-05-27_11.01.55_D7X_0448a_01_large-150x100.jpg 150w, https:\/\/metal-badge.ch\/wp-content\/uploads\/content\/2019-05-27_11.01.55_D7X_0448a_01_large-768x513.jpg 768w, https:\/\/metal-badge.ch\/wp-content\/uploads\/content\/2019-05-27_11.01.55_D7X_0448a_01_large-90x60.jpg 90w, https:\/\/metal-badge.ch\/wp-content\/uploads\/content\/2019-05-27_11.01.55_D7X_0448a_01_large-135x90.jpg 135w, https:\/\/metal-badge.ch\/wp-content\/uploads\/content\/2019-05-27_11.01.55_D7X_0448a_01_large.jpg 1024w\" sizes=\"(max-width: 360px) 100vw, 360px\" \/>\t            \t        <\/div><!--.product_thumbnail-->\r\n\t\t<\/a>\r\n\r\n\t\t\t\t\t\t\t\r\n\t\t\r\n\t\t        <div class=\"product_thumbnail_icons\">\r\n            <div class=\"yith-add-to-wishlist-button-block\" data-product-id=\"46743\" data-attributes=\"{&quot;kind&quot;:&quot;button&quot;}\"><\/div>        <\/div>\r\n    \r\n\t\t\r\n    <\/div><!--.product_thumbnail_wrapper-->\r\n\r\n    \r\n\t<h2 class=\"woocommerce-loop-product__title\">\r\n\t\t<a href=\"https:\/\/metal-badge.ch\/fr\/product\/46743\/veste-en-softshell-realtree\/\">Veste en softshell realtree<\/a>\r\n\t<\/h2>\r\n\r\n\t\r\n        <div class=\"product_after_shop_loop\">\r\n        <div class=\"product_after_shop_loop_switcher\">\r\n    \r\n            \n\t<span class=\"price\"><span class=\"woocommerce-Price-amount amount\"><bdi><span class=\"woocommerce-Price-currencySymbol\">CHF <\/span>95.00<\/bdi><\/span><\/span>\n<a href=\"https:\/\/metal-badge.ch\/fr\/product\/46743\/veste-en-softshell-realtree\/\" aria-describedby=\"woocommerce_loop_add_to_cart_link_describedby_46743\" data-quantity=\"1\" class=\"button product_type_simple add_to_cart_button\" data-product_id=\"46743\" data-product_sku=\"62_193_318\" aria-label=\"Ajouter au panier\u00a0: &ldquo;Veste en softshell realtree&rdquo;\" rel=\"nofollow\" data-success_message=\"\u00ab\u00a0Veste en softshell realtree\u00a0\u00bb a \u00e9t\u00e9 ajout\u00e9 \u00e0 votre panier\">Choix des options<\/a>\t<span id=\"woocommerce_loop_add_to_cart_link_describedby_46743\" class=\"screen-reader-text\">\n\t\t\t<\/span>\n\r\n            <\/div>\r\n    <\/div>\r\n    \r\n\t\r\n<\/li>\r\n<\/ul>\n<\/div>\n","protected":false},"excerpt":{"rendered":"<p>Id\u00e9al pour l&rsquo;ext\u00e9rieur, prot\u00e8ge du vent et de la pluie. \u00c9quip\u00e9 de deux poches lat\u00e9rales sur les jambes ainsi que deux poches avant et deux grandes poches arri\u00e8re avec fermeture \u00e9clair \u00e9tanche YKK (scell\u00e9e). De plus, les deux jambes du pantalon sont \u00e9galement \u00e9quip\u00e9es ci-dessous d&rsquo;une fermeture \u00e9clair lat\u00e9rale \u00e9tanche YKK (scell\u00e9e). Le pantalon est [&hellip;]<\/p>\n","protected":false},"featured_media":46728,"comment_status":"open","ping_status":"closed","template":"","meta":{"inline_featured_image":false},"product_brand":[],"product_cat":[1347,1614,1602],"product_tag":[1769,1777,1773,1781,1765],"class_list":{"0":"post-46732","1":"product","2":"type-product","3":"status-publish","4":"has-post-thumbnail","6":"product_cat-accessoires-militaires-de-chasse","7":"product_cat-pantalons-et-shorts","8":"product_cat-vestes-en-softshell-pantalons-et-vetements-haute-visibilite","9":"product_tag-army-survival-fr","10":"product_tag-camping-voyage","11":"product_tag-chasse-peche","12":"product_tag-police-securite","13":"product_tag-sport-outdoor-fr","15":"first","16":"instock","17":"taxable","18":"shipping-taxable","19":"purchasable","20":"product-type-simple"},"_links":{"self":[{"href":"https:\/\/metal-badge.ch\/fr\/wp-json\/wp\/v2\/product\/46732","targetHints":{"allow":["GET"]}}],"collection":[{"href":"https:\/\/metal-badge.ch\/fr\/wp-json\/wp\/v2\/product"}],"about":[{"href":"https:\/\/metal-badge.ch\/fr\/wp-json\/wp\/v2\/types\/product"}],"replies":[{"embeddable":true,"href":"https:\/\/metal-badge.ch\/fr\/wp-json\/wp\/v2\/comments?post=46732"}],"wp:featuredmedia":[{"embeddable":true,"href":"https:\/\/metal-badge.ch\/fr\/wp-json\/wp\/v2\/media\/46728"}],"wp:attachment":[{"href":"https:\/\/metal-badge.ch\/fr\/wp-json\/wp\/v2\/media?parent=46732"}],"wp:term":[{"taxonomy":"product_brand","embeddable":true,"href":"https:\/\/metal-badge.ch\/fr\/wp-json\/wp\/v2\/product_brand?post=46732"},{"taxonomy":"product_cat","embeddable":true,"href":"https:\/\/metal-badge.ch\/fr\/wp-json\/wp\/v2\/product_cat?post=46732"},{"taxonomy":"product_tag","embeddable":true,"href":"https:\/\/metal-badge.ch\/fr\/wp-json\/wp\/v2\/product_tag?post=46732"}],"curies":[{"name":"wp","href":"https:\/\/api.w.org\/{rel}","templated":true}]}}