{"id":46725,"date":"2019-05-27T09:57:02","date_gmt":"2019-05-27T09:57:02","guid":{"rendered":"https:\/\/shop.metal-badge.ch\/?product=pantalon-tactique-ix7-wasteland-python"},"modified":"2019-05-27T11:58:59","modified_gmt":"2019-05-27T11:58:59","slug":"pantalon-tactique-ix7-wasteland-python","status":"publish","type":"product","link":"https:\/\/metal-badge.ch\/fr\/product\/46725\/pantalon-tactique-ix7-wasteland-python\/","title":{"rendered":"Pantalon tactique IX7 Wasteland Python"},"content":{"rendered":"<p>Pantalon de camouflage python en nylon \/ coton et mat\u00e9riel ripstop. Le pantalon est tr\u00e8s robuste et durable, et offre un grand confort de port. Le pantalon a deux poches avant et deux poches arri\u00e8re avec fermeture velcro. Deux poches lat\u00e9rales zipp\u00e9es sur les jambes et deux poches avant avec fermeture velcro offrent beaucoup d&rsquo;espace de rangement. \u00c0 l&rsquo;avant du pantalon, un anneau triangulaire en plastique est attach\u00e9 \u00e0 la ceinture pour le porte-cl\u00e9s, etc.<\/p>\n<p><strong>Informations du produit :<\/strong><br \/>\nMod\u00e8le : Wasteland IX7 Python Skin<br \/>\nMati\u00e8re : 65 % nylon, 35 % coton, tissu ripstop<br \/>\nCouleur : camouflage python skin brun<br \/>\nPoids : 220 GSM<br \/>\n2 poches d\u2019insertion avant<br \/>\n2 poches revolver avec fermeture velcro<br \/>\n2 compartiments d\u2019insertion sur les fesses<br \/>\n2 grandes poches \u00e0 fermeture \u00e9clair sur les c\u00f4t\u00e9s<br \/>\n2 poches d\u2019insertion avant avec fermeture velcro<br \/>\nTailles : S, M, L, XL, XXL<\/p>\n<p><img decoding=\"async\" alt=\"Size Table\" src=\"https:\/\/metal-badge.ch\/wp-content\/uploads\/content\/pants_spec_tarnhose.png\" style=\"height:auto; width:100%;\" \/><\/p>\n","protected":false},"excerpt":{"rendered":"<p>Pantalon de camouflage python en nylon \/ coton et mat\u00e9riel ripstop. Le pantalon est tr\u00e8s robuste et durable, et offre un grand confort de port. Le pantalon a deux poches avant et deux poches arri\u00e8re avec fermeture velcro. Deux poches lat\u00e9rales zipp\u00e9es sur les jambes et deux poches avant avec fermeture velcro offrent beaucoup d&rsquo;espace [&hellip;]<\/p>\n","protected":false},"featured_media":88229,"comment_status":"open","ping_status":"closed","template":"","meta":{"inline_featured_image":false},"product_brand":[],"product_cat":[1347,1614],"product_tag":[1769,1777,1773,1781,1765],"class_list":{"0":"post-46725","1":"product","2":"type-product","3":"status-publish","4":"has-post-thumbnail","6":"product_cat-accessoires-militaires-de-chasse","7":"product_cat-pantalons-et-shorts","8":"product_tag-army-survival-fr","9":"product_tag-camping-voyage","10":"product_tag-chasse-peche","11":"product_tag-police-securite","12":"product_tag-sport-outdoor-fr","14":"first","15":"instock","16":"taxable","17":"shipping-taxable","18":"purchasable","19":"product-type-simple"},"_links":{"self":[{"href":"https:\/\/metal-badge.ch\/fr\/wp-json\/wp\/v2\/product\/46725","targetHints":{"allow":["GET"]}}],"collection":[{"href":"https:\/\/metal-badge.ch\/fr\/wp-json\/wp\/v2\/product"}],"about":[{"href":"https:\/\/metal-badge.ch\/fr\/wp-json\/wp\/v2\/types\/product"}],"replies":[{"embeddable":true,"href":"https:\/\/metal-badge.ch\/fr\/wp-json\/wp\/v2\/comments?post=46725"}],"wp:featuredmedia":[{"embeddable":true,"href":"https:\/\/metal-badge.ch\/fr\/wp-json\/wp\/v2\/media\/88229"}],"wp:attachment":[{"href":"https:\/\/metal-badge.ch\/fr\/wp-json\/wp\/v2\/media?parent=46725"}],"wp:term":[{"taxonomy":"product_brand","embeddable":true,"href":"https:\/\/metal-badge.ch\/fr\/wp-json\/wp\/v2\/product_brand?post=46725"},{"taxonomy":"product_cat","embeddable":true,"href":"https:\/\/metal-badge.ch\/fr\/wp-json\/wp\/v2\/product_cat?post=46725"},{"taxonomy":"product_tag","embeddable":true,"href":"https:\/\/metal-badge.ch\/fr\/wp-json\/wp\/v2\/product_tag?post=46725"}],"curies":[{"name":"wp","href":"https:\/\/api.w.org\/{rel}","templated":true}]}}