{"id":46719,"date":"2019-05-17T14:11:56","date_gmt":"2019-05-17T14:11:56","guid":{"rendered":"https:\/\/shop.metal-badge.ch\/?product=veste-tactique-jaune-fluo-avec-3-poches-supplementaires"},"modified":"2024-08-02T23:57:56","modified_gmt":"2024-08-02T21:57:56","slug":"veste-tactique-jaune-fluo-avec-3-poches-supplementaires","status":"publish","type":"product","link":"https:\/\/metal-badge.ch\/fr\/product\/46719\/veste-tactique-jaune-fluo-avec-3-poches-supplementaires\/","title":{"rendered":"Veste tactique jaune fluo avec 3 poches suppl\u00e9mentaires"},"content":{"rendered":"<p>Veste tactique jaune fluo en maille polyester robuste 425 GSM, mat\u00e9riau basique en nylon 1000 deniers avec un rev\u00eatement en PU hydrophobe. Cette veste est disponible en diff\u00e9rentes tailles et se ferme \u00e0 l&rsquo;avant avec une fermeture \u00e9clair YKK. Le dos de la veste est muni d&rsquo;un grand velcro, de sorte que toutes nos inscriptions velcro puissent \u00eatre appos\u00e9es. Nous proposons une large gamme de panneaux r\u00e9fl\u00e9chissants en velcro et pouvons \u00e9galement les produire avec un logo sur demande et moyennant un suppl\u00e9ment de prix. La taille de l&rsquo;inscription en velcro au dos est de 29 cm x 10 cm.<\/p>\n<p>\u00c0 l&rsquo;avant, sur le c\u00f4t\u00e9 droit de la poitrine, se trouve une fen\u00eatre pour documents d&rsquo;identit\u00e9 et \u00e0 gauche, un velcro pour fixer une inscription comme <strong>SECURITY \/ POLICE \/ PARAMEDIC \/ FEUERWEHR, etc.<\/strong> qui mesure 12 x 4 cm. Deux grands compartiments pour pistolets ou pour d&rsquo;autres \u00e9quipements des deux c\u00f4t\u00e9s, pour droitiers et gauches, sont appos\u00e9s sous les poches \u00e0 l&rsquo;avant avec fermeture \u00e9clair ; ils sont faciles d&rsquo;acc\u00e8s. \u00c0 l&rsquo;avant des \u00e9paules se trouvent des fixations rapides des deux c\u00f4t\u00e9s pour le casque de la radio ainsi que des supports pour attacher les casques, etc.<\/p>\n<p>Des bandes r\u00e9fl\u00e9chissantes conformes \u00e0 la norme EN 471 sont cousues \u00e0 l&rsquo;avant et \u00e0 l&rsquo;arri\u00e8re sur la veste ainsi que sur les \u00e9paules. Il est ainsi possible de voir son porteur m\u00eame dans l\u2019obscurit\u00e9.<br \/>\nCette veste peut \u00eatre \u00e9quip\u00e9e par une fermeture \u00e9clair \u00e0 la taille qui correspond. La veste peut \u00eatre ouverte en bas des deux c\u00f4t\u00e9s des hanches et au niveau des \u00e9paules par une fermeture \u00e9clair et donc s&rsquo;adapter encore mieux au porteur.<\/p>\n<p>2 poches radio sont cousues sur le c\u00f4t\u00e9 gauche de la veste. Ce sont des poches radio universelles qui peuvent \u00eatre r\u00e9gl\u00e9es individuellement pour votre appareil de radio avec des velcro et des rubans \u00e9lastiques. Il y a aussi une plus petite poche avec fermeture velcro pour un spray au poivre ou des menottes.<br \/>\nLes dimensions des 3 poches sont les suivantes.<\/p>\n<p>1. Poche radio : 15 cm x 9 cm avec bande \u00e9lastique et velcro en haut pour la fixation.<br \/>\n2. Poche radio : 11 cm x 7,5 cm avec bande \u00e9lastique et velcro en haut pour la fixation.<br \/>\n3. Poche pour spray au poivre, menottes. 7,5 cm x 6,5 cm avec rabat \u00e0 fermeture velcro.<\/p>\n<p>Sur le c\u00f4t\u00e9 droit, \u00e0 l&rsquo;avant, se trouvent 3 poches fix\u00e9es avec le syst\u00e8me Molle et qui peuvent \u00eatre enlev\u00e9es de la veste ou ajust\u00e9es. Ainsi, ces 3 poches suppl\u00e9mentaires peuvent \u00eatre fix\u00e9es ou enlev\u00e9es \u00e0 l&rsquo;avant droit au choix. Les dimensions des 3 poches Molle sont les suivantes.<\/p>\n<p>1. Poche 15 cm de hauteur x 10 cm de largeur avec le syst\u00e8me Molle, peut \u00eatre retir\u00e9e.<br \/>\n2. Poche 16,5 cm de hauteur x 10 cm de largeur avec le syst\u00e8me Molle, peut \u00eatre retir\u00e9e.<br \/>\n3. Poche 14,5 cm de hauteur x 8 cm de largeur avec le syst\u00e8me Molle, peut \u00eatre retir\u00e9e.<\/p>\n<p><strong>Informations sur le produit :<\/strong><\/p>\n<ul>\n<li>La veste peut \u00eatre ouverte sur le c\u00f4t\u00e9 et au niveau des \u00e9paules par une fermeture \u00e9clair et donc s&rsquo;adapter encore mieux au porteur.<\/li>\n<li>Mati\u00e8re : maille polyester robuste 425 GSM, mat\u00e9riau basique comme le nylon \u00e0 1000 deniers avec un rev\u00eatement en PU hydrophobe<\/li>\n<li>Avec des bandes r\u00e9fl\u00e9chissantes cousues selon la norme EN 471<\/li>\n<li>Inscriptions : Velcro amovible<\/li>\n<li>2 fermetures rapides \u00e0 l&rsquo;avant des \u00e9paules pour casque audio<\/li>\n<li>2 supports avec bande pour suspension d\u2019un casque audio<\/li>\n<li>Couleur : jaune fluorescent<\/li>\n<li>Taille :S, M, L, XL, 2XL<\/li>\n<li>Poids : 695 g<\/li>\n<li>Certifi\u00e9 classe 2 EN 471<\/li>\n<li>2 poches \u00e0 fermeture \u00e9clair sur le c\u00f4t\u00e9 \u00e0 l&rsquo;avant<\/li>\n<li>3 poches Molle suppl\u00e9mentaires peuvent \u00eatre fix\u00e9es \u00e0<\/li>\n<li>l&rsquo;avant de la veste et sont comprises.<\/li>\n<\/ul>\n<p><strong>Pour les commandes \u00e0 partir de 20 pi\u00e8ces, inscription personnalis\u00e9e sur demande et prix r\u00e9duit garanti, contactez-nous.<\/strong><\/p>\n","protected":false},"excerpt":{"rendered":"<p>Veste tactique jaune fluo en maille polyester robuste 425 GSM, mat\u00e9riau basique en nylon 1000 deniers avec un rev\u00eatement en PU hydrophobe : la veste avec beaucoup d&rsquo;avantages. La veste est disponible en diff\u00e9rentes tailles et se ferme \u00e0 l&rsquo;avant avec une fermeture \u00e9clair YKK. Sur le dos de la veste est muni d&rsquo;un grand velcro, de sorte que toutes nos inscriptions velcro puissent \u00eatre appos\u00e9es. Nous proposons une large gamme de panneaux r\u00e9fl\u00e9chissants en velcro et pouvons \u00e9galement les produire avec un logo sur demande et moyennant un suppl\u00e9ment de prix. La taille de l&rsquo;inscription en velcro au dos est de 29 cm x 10 cm.<\/p>\n<p>&nbsp;<\/p>\n","protected":false},"featured_media":88231,"comment_status":"open","ping_status":"closed","template":"","meta":{"inline_featured_image":false},"product_brand":[],"product_cat":[2215,1606],"product_tag":[1765],"class_list":{"0":"post-46719","1":"product","2":"type-product","3":"status-publish","4":"has-post-thumbnail","6":"product_cat-vestes_tactiques","7":"product_cat-vetements-haute-visibilite-et-lumineux","8":"product_tag-sport-outdoor-fr","10":"first","11":"instock","12":"taxable","13":"shipping-taxable","14":"purchasable","15":"product-type-simple"},"_links":{"self":[{"href":"https:\/\/metal-badge.ch\/fr\/wp-json\/wp\/v2\/product\/46719","targetHints":{"allow":["GET"]}}],"collection":[{"href":"https:\/\/metal-badge.ch\/fr\/wp-json\/wp\/v2\/product"}],"about":[{"href":"https:\/\/metal-badge.ch\/fr\/wp-json\/wp\/v2\/types\/product"}],"replies":[{"embeddable":true,"href":"https:\/\/metal-badge.ch\/fr\/wp-json\/wp\/v2\/comments?post=46719"}],"wp:featuredmedia":[{"embeddable":true,"href":"https:\/\/metal-badge.ch\/fr\/wp-json\/wp\/v2\/media\/88231"}],"wp:attachment":[{"href":"https:\/\/metal-badge.ch\/fr\/wp-json\/wp\/v2\/media?parent=46719"}],"wp:term":[{"taxonomy":"product_brand","embeddable":true,"href":"https:\/\/metal-badge.ch\/fr\/wp-json\/wp\/v2\/product_brand?post=46719"},{"taxonomy":"product_cat","embeddable":true,"href":"https:\/\/metal-badge.ch\/fr\/wp-json\/wp\/v2\/product_cat?post=46719"},{"taxonomy":"product_tag","embeddable":true,"href":"https:\/\/metal-badge.ch\/fr\/wp-json\/wp\/v2\/product_tag?post=46719"}],"curies":[{"name":"wp","href":"https:\/\/api.w.org\/{rel}","templated":true}]}}