{"id":46697,"date":"2019-05-17T10:39:18","date_gmt":"2019-05-17T10:39:18","guid":{"rendered":"https:\/\/shop.metal-badge.ch\/?product=veste-tactique-verte"},"modified":"2024-08-03T04:59:40","modified_gmt":"2024-08-03T02:59:40","slug":"veste-tactique-verte","status":"publish","type":"product","link":"https:\/\/metal-badge.ch\/fr\/product\/46697\/veste-tactique-verte\/","title":{"rendered":"Veste tactique verte"},"content":{"rendered":"<p>Veste verte en nylon 100 deniers avec enduit PU hydrofuge, la veste avec de nombreux extras. La veste est disponible en diff\u00e9rentes tailles et se ferme \u00e0 l&rsquo;avant avec une fermeture \u00e9clair. Sur le dos de la veste est muni d&rsquo;un grand velcro, de sorte que toutes les inscriptions velcro puissent \u00eatre retir\u00e9es ou fix\u00e9es facilement. Les mesures du panneau de l&rsquo;inscription sont de 30 cm x 10 cm.<\/p>\n<p>Un velcro de 12 cm x 4 cm se trouve \u00e9galement \u00e0 l&rsquo;avant \u00e0 droite pour la fixation d&rsquo;\u00e9tiquettes r\u00e9fl\u00e9chissantes telles que : <strong>SECURITY \/ POLICE \/ PARAMEDIC \/ FEUERWEHR etc.<\/strong> Une poche radio universelle qui peut \u00eatre r\u00e9gl\u00e9e individuellement pour votre appareil de radio avec des velcros et des rubans \u00e9lastiques se trouve \u00e0 gauche sur la poitrine. De plus, deux porte-stylos sont mont\u00e9s \u00e0 la m\u00eame hauteur. Au total, 5 poches spacieuses sont dispos\u00e9es \u00e0 l&rsquo;avant. Les deux grandes poches inf\u00e9rieures sont munies chacune d&rsquo;une fermeture \u00e9clair sur tout le pourtour. Les deux poches sont con\u00e7ues en tant que poches pour m\u00e9dicaments, etc., et comportent de nombreux supports \u00e9lastiques et compartiments. Les trois autres poches sont munies d&rsquo;une fermeture velcro. Ces sacs offrent \u00e9galement beaucoup d&rsquo;espace de rangement.<\/p>\n<p>Des bandes r\u00e9fl\u00e9chissantes conformes \u00e0 la norme EN 471 sont cousues \u00e0 l&rsquo;avant et \u00e0 l&rsquo;arri\u00e8re sur la veste. Il est ainsi possible de voir son porteur m\u00eame dans l\u2019obscurit\u00e9. \u00c0 l&rsquo;arri\u00e8re, il y a une grande poche suppl\u00e9mentaire avec fermeture \u00e9clair sur tout le pourtour. Cette poche a pour dimensions largeur 30 cm \/ hauteur 17 cm \/ profondeur 6 cm et offre un grand espace de rangement pour diff\u00e9rentes choses.<br \/>\nDans la zone avant, 4x poches int\u00e9rieures avec fermeture \u00e9clair sont cousues \u00e0 l&rsquo;int\u00e9rieur.<\/p>\n<p><strong>Informations sur le produit :<\/strong><\/p>\n<ul>\n<li>La veste peut \u00eatre encore mieux ajust\u00e9e au porteur avec les trois bandes en nylon et la fermeture rapide sur le c\u00f4t\u00e9. Mat\u00e9riau : Fabriqu\u00e9 en nylon denier 1000 robuste avec enduction PU hydrofuge.<\/li>\n<li>Couleur : Vert<\/li>\n<li>Panneau d\u2019inscription : Velcro interchangeable<\/li>\n<li>Dimensions 1 poche ext\u00e9rieure avant en haut : Largeur 14 cm \/ hauteur 14cm \/ profondeur 4 cm avec fermeture velcro<\/li>\n<li>Dimensions 2 poches ext\u00e9rieurs avant au milieu : Largeur 18 cm \/ hauteur 10 cm \/ profondeur 5 cm avec fermeture velcro<\/li>\n<li>Dimensions 2 poches ext\u00e9rieurs avant en bas : Largeur 21 cm \/ hauteur 17 cm \/ profondeur 7 cm avec fermeture \u00e9clair sur le pourtour<\/li>\n<li>Dimensions 2 poches ext\u00e9rieurs dos : Largeur 30 cm \/ hauteur 17 cm \/ profondeur 6 cm avec fermeture \u00e9clair sur le pourtour :<br \/>\n4 poches int\u00e9rieures cousues avec fermeture \u00e9clair et beaucoup d&rsquo;espace de rangement.<\/li>\n<li>Taille : S, &nbsp;M, L, XL, 2XL<\/li>\n<li>Poids : 640 g<\/li>\n<\/ul>\n<p><strong>R\u00e9glage lat\u00e9ral de la taille \u00e0 l&rsquo;aide de boucles en nylon et de fermetures rapides<\/strong><br \/>\n<strong>Pour les commandes \u00e0 partir de 20 pi\u00e8ces, inscription personnalis\u00e9e sur demande et prix r\u00e9duit garanti, contactez-nous.<\/strong><\/p>\n","protected":false},"excerpt":{"rendered":"<p>Veste verte en nylon 100 deniers avec enduit PU hydrofuge, la veste avec de nombreux extras. La veste est disponible en diff\u00e9rentes tailles et se ferme \u00e0 l&rsquo;avant avec une fermeture \u00e9clair. Sur le dos de la veste est muni d&rsquo;un grand velcro, de sorte que toutes les inscriptions velcro puissent \u00eatre retir\u00e9es ou fix\u00e9es facilement. Les mesures du panneau de l&rsquo;inscription sont de 30 cm x 10 cm.<\/p>\n","protected":false},"featured_media":46690,"comment_status":"open","ping_status":"closed","template":"","meta":{"inline_featured_image":false},"product_brand":[],"product_cat":[2215,1606],"product_tag":[1765],"class_list":{"0":"post-46697","1":"product","2":"type-product","3":"status-publish","4":"has-post-thumbnail","6":"product_cat-vestes_tactiques","7":"product_cat-vetements-haute-visibilite-et-lumineux","8":"product_tag-sport-outdoor-fr","10":"first","11":"instock","12":"taxable","13":"shipping-taxable","14":"purchasable","15":"product-type-simple"},"_links":{"self":[{"href":"https:\/\/metal-badge.ch\/fr\/wp-json\/wp\/v2\/product\/46697","targetHints":{"allow":["GET"]}}],"collection":[{"href":"https:\/\/metal-badge.ch\/fr\/wp-json\/wp\/v2\/product"}],"about":[{"href":"https:\/\/metal-badge.ch\/fr\/wp-json\/wp\/v2\/types\/product"}],"replies":[{"embeddable":true,"href":"https:\/\/metal-badge.ch\/fr\/wp-json\/wp\/v2\/comments?post=46697"}],"wp:featuredmedia":[{"embeddable":true,"href":"https:\/\/metal-badge.ch\/fr\/wp-json\/wp\/v2\/media\/46690"}],"wp:attachment":[{"href":"https:\/\/metal-badge.ch\/fr\/wp-json\/wp\/v2\/media?parent=46697"}],"wp:term":[{"taxonomy":"product_brand","embeddable":true,"href":"https:\/\/metal-badge.ch\/fr\/wp-json\/wp\/v2\/product_brand?post=46697"},{"taxonomy":"product_cat","embeddable":true,"href":"https:\/\/metal-badge.ch\/fr\/wp-json\/wp\/v2\/product_cat?post=46697"},{"taxonomy":"product_tag","embeddable":true,"href":"https:\/\/metal-badge.ch\/fr\/wp-json\/wp\/v2\/product_tag?post=46697"}],"curies":[{"name":"wp","href":"https:\/\/api.w.org\/{rel}","templated":true}]}}