{"id":46676,"date":"2019-05-17T09:42:49","date_gmt":"2019-05-17T09:42:49","guid":{"rendered":"https:\/\/shop.metal-badge.ch\/?product=veste-dutilisation-tactique-420-gsm"},"modified":"2025-07-04T02:32:00","modified_gmt":"2025-07-04T00:32:00","slug":"veste-dutilisation-tactique-jaune-systeme-molle-420-gsm","status":"publish","type":"product","link":"https:\/\/metal-badge.ch\/fr\/product\/46676\/veste-dutilisation-tactique-jaune-systeme-molle-420-gsm\/","title":{"rendered":"Veste d\u2019utilisation tactique jaune syst\u00e9me-Molle 420 GSM"},"content":{"rendered":"<p><span style=\"font-weight: 400;\">Veste tactique Molle. La veste permet d\u2019apposer des \u00e9l\u00e9ments Molle suppl\u00e9mentaires comme des poches de diff\u00e9rentes tailles qui sont \u00e9galement disponibles chez nous. Veste tr\u00e8s bien finie. Cette veste tactique est adapt\u00e9e \u00e0 vos exigences professionnelles. Le r\u00e9sultat est la solution id\u00e9ale pour le transport pratique d\u2019\u00e9quipements lourds. La veste est en nylon et en maille de polyester 420 GSM et enduit PU r\u00e9sistant \u00e0 l\u2019eau, r\u00e9alis\u00e9e dans la technologie de maille. La fabrication robuste et le mat\u00e9riau utilis\u00e9 rendent la veste extr\u00eamement r\u00e9sistante et solide. Malgr\u00e9 sa structure stable, la veste est tr\u00e8s respirante et donc confortable \u00e0 porter, m\u00eame apr\u00e8s de longues p\u00e9riodes d\u2019utilisation. La veste a une circonf\u00e9rence r\u00e9glable \u00e0 l\u2019aide de velcros et de sangles et peut donc \u00eatre adapt\u00e9e \u00e0 vos besoins. L\u2019avant de la veste peut \u00eatre ferm\u00e9 par une fermeture \u00e9clair.et deux sangles r\u00e9glables \u00e0 attaches rapides.<\/span><\/p>\n<p><span style=\"font-weight: 400;\">Un velcro pour inscription se trouve devant, \u00e0 gauche sur la poitrine L\u2019inscription velcro de 12,5 cm x 4 cm \u00e0 l\u2019avant et de 24 cm x 10 cm \u00e0 l\u2019arri\u00e8re est incluse dans la livraison. Les velcros sont plastifi\u00e9s et r\u00e9fl\u00e9chissants, et peuvent \u00eatre facilement enlev\u00e9s ou remis. Une poign\u00e9e de transport confortable en nylon robuste est fix\u00e9e sur le haut \u00e0 l\u2019int\u00e9rieur de l\u2019arri\u00e8re. Une grande poche en filet se trouve \u00e0 l\u2019int\u00e9rieur \u00e0 l\u2019arri\u00e8re, avec beaucoup d\u2019espace de rangement pour les gants, la veste de pluie, etc.<\/span><\/p>\n<p><span style=\"font-weight: 400;\">Deux bandes r\u00e9fl\u00e9chissantes conformes \u00e0 la norme EN 471 sont cousues sur tout le pourtour de la veste. Il est ainsi possible de voir son porteur m\u00eame dans l\u2019obscurit\u00e9.<\/span><\/p>\n<p><span style=\"font-weight: 400;\">La veste s\u2019ajuste \u00e0 la ceinture s\u2019ajuste avec quatre cordons en nylons : deux \u00e0 l\u2019avant et deux \u00e0 l\u2019arri\u00e8re. Ceux-ci peuvent \u00eatre remplac\u00e9s par une fermeture \u00e9clair \u00e0 la taille qui correspond. La veste peut \u00eatre ouverte sur le c\u00f4t\u00e9 et au niveau des \u00e9paules par une fermeture \u00e9clair des sangles et donc s\u2019adapter encore mieux au porteur.<\/span><\/p>\n<p><b>Donn\u00e9es techniques:<\/b><\/p>\n<ul>\n<li style=\"font-weight: 400;\" aria-level=\"1\"><span style=\"font-weight: 400;\">Mat\u00e9riau : En maille polyester robuste 420 GSM, mat\u00e9riau basique comme le nylon \u00e0 1000 deniers avec un rev\u00eatement en PU hydrophobe<\/span><\/li>\n<li style=\"font-weight: 400;\" aria-level=\"1\"><span style=\"font-weight: 400;\">Couleur :&nbsp; jaune lumineux<\/span><\/li>\n<li style=\"font-weight: 400;\" aria-level=\"1\"><span style=\"font-weight: 400;\">Inscription : Velcro rempla\u00e7able<\/span><\/li>\n<li style=\"font-weight: 400;\" aria-level=\"1\"><span style=\"font-weight: 400;\">S, M, L, XL, 2XL<\/span><\/li>\n<li style=\"font-weight: 400;\" aria-level=\"1\"><span style=\"font-weight: 400;\">Poids : 850 g<\/span><\/li>\n<\/ul>\n<p><b>Pour les commandes \u00e0 partir de 30 pi\u00e8ces, impression personnalis\u00e9e sur demande et prix r\u00e9duit, contactez-nous.<\/b><\/p>\n<p><strong>Pochettes polyvalentes Molle pouvant \u00eatre mont\u00e9es sur tous les gilets, sacs \u00e0 dos ou \u00e0 la ceinture du syst\u00e8me Molle.<\/strong><\/p>\n<p><strong>Avez-vous besoin de pochettes et d&rsquo;\u00e9tuis modulaires pour accompagner votre gilet et votre sac \u00e0 dos ?<\/strong><\/p>\n<p>Nous stockons des sacs et des \u00e9tuis modulaires de diff\u00e9rentes couleurs telles que : citron, orange, noir, kaki, vert. Nous fabriquons \u00e9galement selon les sp\u00e9cifications du client.<br \/>\nLes pochettes modulaires robustes avec syst\u00e8me Molle peuvent \u00eatre facilement attach\u00e9es aux ceintures, aux sacs \u00e0 dos ou \u00e0 nos gilets avec syst\u00e8me de fixation Molle. Les pochettes multi-usages sont disponibles en diff\u00e9rentes tailles et designs.<br \/>\nNous avons en stock 11 mod\u00e8les et tailles diff\u00e9rents de ces pochettes modulaires jaunes\/oranges et adapt\u00e9es \u00e0 la fixation sur tous les gilets ou sacs \u00e0 dos Molle.<\/p>\n<p><strong>Cliquez sur le lien ci-dessous pour nos pochettes et \u00e9tuis Molle. Et trouvez votre pochette Molle. <span style=\"color: #0000ff;\"><a style=\"color: #0000ff;\" href=\"https:\/\/metal-badge.ch\/fr\/product-category\/equipement\/sacs\/sacs-modulaires\/?v=772de803edb4\">SACS MODULAIRES<\/a><\/span><\/strong><\/p>\n<p><br style=\"font-weight: 400;\" \/><br style=\"font-weight: 400;\" \/><\/p>\n","protected":false},"excerpt":{"rendered":"<p><span style=\"font-weight: 400;\">Veste tactique Molle. La veste permet d\u2019apposer des \u00e9l\u00e9ments Molle suppl\u00e9mentaires comme des poches de diff\u00e9rentes tailles qui sont \u00e9galement disponibles chez nous. Veste tr\u00e8s bien finie. Cette veste tactique est adapt\u00e9e \u00e0 vos exigences professionnelles. Le r\u00e9sultat est la solution id\u00e9ale pour le transport pratique d\u2019\u00e9quipements lourds. La veste est en nylon et en maille de polyester 420 GSM et enduit PU r\u00e9sistant \u00e0 l\u2019eau, r\u00e9alis\u00e9e dans la technologie de maille.<\/span><\/p>\n<p><strong>Avez-vous besoin de pochettes et d&rsquo;\u00e9tuis modulaires pour accompagner votre gilet et votre sac \u00e0 dos ?<\/strong><\/p>\n<p><strong>Cliquez sur le lien ci-dessous pour nos pochettes et \u00e9tuis Molle. Et trouvez votre pochette Molle. <span style=\"color: #0000ff;\"><a style=\"color: #0000ff;\" href=\"https:\/\/metal-badge.ch\/fr\/product-category\/equipement\/sacs\/sacs-modulaires\/?v=772de803edb4\">SACS MODULAIRES<\/a><\/span><\/strong><\/p>\n","protected":false},"featured_media":127620,"comment_status":"open","ping_status":"closed","template":"","meta":{"inline_featured_image":false},"product_brand":[],"product_cat":[2215,1606],"product_tag":[1765],"class_list":{"0":"post-46676","1":"product","2":"type-product","3":"status-publish","4":"has-post-thumbnail","6":"product_cat-vestes_tactiques","7":"product_cat-vetements-haute-visibilite-et-lumineux","8":"product_tag-sport-outdoor-fr","10":"first","11":"instock","12":"taxable","13":"shipping-taxable","14":"purchasable","15":"product-type-simple"},"_links":{"self":[{"href":"https:\/\/metal-badge.ch\/fr\/wp-json\/wp\/v2\/product\/46676","targetHints":{"allow":["GET"]}}],"collection":[{"href":"https:\/\/metal-badge.ch\/fr\/wp-json\/wp\/v2\/product"}],"about":[{"href":"https:\/\/metal-badge.ch\/fr\/wp-json\/wp\/v2\/types\/product"}],"replies":[{"embeddable":true,"href":"https:\/\/metal-badge.ch\/fr\/wp-json\/wp\/v2\/comments?post=46676"}],"wp:featuredmedia":[{"embeddable":true,"href":"https:\/\/metal-badge.ch\/fr\/wp-json\/wp\/v2\/media\/127620"}],"wp:attachment":[{"href":"https:\/\/metal-badge.ch\/fr\/wp-json\/wp\/v2\/media?parent=46676"}],"wp:term":[{"taxonomy":"product_brand","embeddable":true,"href":"https:\/\/metal-badge.ch\/fr\/wp-json\/wp\/v2\/product_brand?post=46676"},{"taxonomy":"product_cat","embeddable":true,"href":"https:\/\/metal-badge.ch\/fr\/wp-json\/wp\/v2\/product_cat?post=46676"},{"taxonomy":"product_tag","embeddable":true,"href":"https:\/\/metal-badge.ch\/fr\/wp-json\/wp\/v2\/product_tag?post=46676"}],"curies":[{"name":"wp","href":"https:\/\/api.w.org\/{rel}","templated":true}]}}