{"id":46655,"date":"2019-05-17T08:56:05","date_gmt":"2019-05-17T08:56:05","guid":{"rendered":"https:\/\/shop.metal-badge.ch\/?product=veste-davertissement-bleue-reflechissante"},"modified":"2021-04-26T02:05:34","modified_gmt":"2021-04-26T00:05:34","slug":"veste-davertissement-bleue-reflechissante","status":"publish","type":"product","link":"https:\/\/metal-badge.ch\/fr\/product\/46655\/veste-davertissement-bleue-reflechissante\/","title":{"rendered":"Veste d&rsquo;avertissement bleue r\u00e9fl\u00e9chissante"},"content":{"rendered":"<p>Avec nos vestes, vous serez toujours visible. Qualit\u00e9 sup\u00e9rieure \u00e0 bon prix.<br \/>\nVeste d\u2019avertissement avec une fermeture \u00e9clair \u00e0 l&rsquo;avant. En polyester 120 GSM. La veste avec une inscription velcro au choix. Avec velcro \u00e0 l&rsquo;avant et \u00e0 l&rsquo;arri\u00e8re, ce qui permet de l&rsquo;enlever ou de la remplacer par une autre inscription selon vos besoins. L&rsquo;inscription est r\u00e9fl\u00e9chissante. La veste de signalisation bleue comporte deux bandes r\u00e9fl\u00e9chissantes \u00e0 la ceinture et deux bandes verticales.<br \/>\nDeux grandes poches se trouvent \u00e0 l&rsquo;avant.<br \/>\nDe plus, une fen\u00eatre pour la carte d&rsquo;identit\u00e9 et des bandes Velcro pour les badges d&rsquo;identification sont fix\u00e9es \u00e0 la hauteur de la poitrine \u00e0 gauche. Un deuxi\u00e8me velcro pour inscription se trouve sur la poitrine \u00e0 droite, ainsi qu&rsquo;une poche pour torche, deux poches pour stylos et un porte-cl\u00e9s qui compl\u00e8tent cette veste de signalisation fonctionnelle. Ces vestes peuvent \u00eatre lav\u00e9es.<\/p>\n<p>Couleur : bleu<br \/>\nTaille : S, M, L, XL<br \/>\nMati\u00e8re : 100 % polyester 120 GSM<br \/>\nBandes r\u00e9fl\u00e9chissantes sur tout le pourtour certifi\u00e9 classe 2 EN 471<br \/>\nDimensions velcro dos. 30 cm x 10 cm<br \/>\nDimensions velcro poitrine gauche : Porte-noms 9 cm x 2,5 cm<br \/>\nDimensions velcro poitrine droite : 12 cm x 4 cm<br \/>\nDimensions de la fen\u00eatre pour carte d&rsquo;identit\u00e9 : largeur 10 cm x hauteur 8,5 cm, insertion de la carte par le haut<\/p>\n<p>Impression propre disponible sur demande \u00e0 partir de 50 pi\u00e8ces command\u00e9es.<br \/>\nSur demande et \u00e0 partir de 50 pi\u00e8ces, disponible \u00e9galement en orange.<br \/>\nPrix r\u00e9duit pour des commandes de plus de 100 pi\u00e8ces : contactez-nous.<\/p>\n","protected":false},"excerpt":{"rendered":"<p>Avec nos vestes, vous serez toujours visible. Qualit\u00e9 sup\u00e9rieure \u00e0 bon prix. Veste d\u2019avertissement avec une fermeture \u00e9clair \u00e0 l&rsquo;avant. En polyester 120 GSM. La veste avec une inscription velcro au choix. Avec velcro \u00e0 l&rsquo;avant et \u00e0 l&rsquo;arri\u00e8re, ce qui permet de l&rsquo;enlever ou de la remplacer par une autre inscription selon vos besoins. [&hellip;]<\/p>\n","protected":false},"featured_media":46649,"comment_status":"open","ping_status":"closed","template":"","meta":{"inline_featured_image":false},"product_brand":[],"product_cat":[2215,1606],"product_tag":[1765],"class_list":{"0":"post-46655","1":"product","2":"type-product","3":"status-publish","4":"has-post-thumbnail","6":"product_cat-vestes_tactiques","7":"product_cat-vetements-haute-visibilite-et-lumineux","8":"product_tag-sport-outdoor-fr","10":"first","11":"instock","12":"taxable","13":"shipping-taxable","14":"purchasable","15":"product-type-simple"},"_links":{"self":[{"href":"https:\/\/metal-badge.ch\/fr\/wp-json\/wp\/v2\/product\/46655","targetHints":{"allow":["GET"]}}],"collection":[{"href":"https:\/\/metal-badge.ch\/fr\/wp-json\/wp\/v2\/product"}],"about":[{"href":"https:\/\/metal-badge.ch\/fr\/wp-json\/wp\/v2\/types\/product"}],"replies":[{"embeddable":true,"href":"https:\/\/metal-badge.ch\/fr\/wp-json\/wp\/v2\/comments?post=46655"}],"wp:featuredmedia":[{"embeddable":true,"href":"https:\/\/metal-badge.ch\/fr\/wp-json\/wp\/v2\/media\/46649"}],"wp:attachment":[{"href":"https:\/\/metal-badge.ch\/fr\/wp-json\/wp\/v2\/media?parent=46655"}],"wp:term":[{"taxonomy":"product_brand","embeddable":true,"href":"https:\/\/metal-badge.ch\/fr\/wp-json\/wp\/v2\/product_brand?post=46655"},{"taxonomy":"product_cat","embeddable":true,"href":"https:\/\/metal-badge.ch\/fr\/wp-json\/wp\/v2\/product_cat?post=46655"},{"taxonomy":"product_tag","embeddable":true,"href":"https:\/\/metal-badge.ch\/fr\/wp-json\/wp\/v2\/product_tag?post=46655"}],"curies":[{"name":"wp","href":"https:\/\/api.w.org\/{rel}","templated":true}]}}