{"id":46646,"date":"2019-05-16T18:04:19","date_gmt":"2019-05-16T18:04:19","guid":{"rendered":"https:\/\/shop.metal-badge.ch\/?product=poche-pour-veste-de-chasse-orange-avec-systeme-molle"},"modified":"2022-11-22T18:08:51","modified_gmt":"2022-11-22T17:08:51","slug":"poche-pour-veste-de-chasse-orange-avec-systeme-molle","status":"publish","type":"product","link":"https:\/\/metal-badge.ch\/fr\/product\/46646\/poche-pour-veste-de-chasse-orange-avec-systeme-molle\/","title":{"rendered":"Poche pour Veste de chasse orange avec syst\u00e8me Molle"},"content":{"rendered":"<p>Poche pour <a href=\"https:\/\/metal-badge.ch\/product\/46632\/jagdweste-orange-molle-system\/\">Veste de chasse orange avec syst\u00e8me Molle<\/a><\/p>\n<p>Prix \u200b\u200bPetit sac de Munitions 17cm x 11 cm avec boucle en plastique: 20.-<\/p>\n<p>Prix Grande poche zipp\u00e9e 21cm x 17cm avec double zip et 2x compartiments ext\u00e9rieurs : 20.-<\/p>\n<p>Prix Grand sac zipp\u00e9 21cm x 18cm avec double zip et poign\u00e9e de transport : 20.-<\/p>\n","protected":false},"excerpt":{"rendered":"<p>Poche pour Veste de chasse orange avec syst\u00e8me Molle Prix \u200b\u200bPetit sac de Munitions 17cm x 11 cm avec boucle en plastique: 20.- Prix Grande poche zipp\u00e9e 21cm x 17cm avec double zip et 2x compartiments ext\u00e9rieurs : 20.- Prix Grand sac zipp\u00e9 21cm x 18cm avec double zip et poign\u00e9e de transport : 20.-<\/p>\n","protected":false},"featured_media":46643,"comment_status":"open","ping_status":"closed","template":"","meta":{"inline_featured_image":false},"product_brand":[],"product_cat":[1347,1435,1059,1815,1606],"product_tag":[1769,1777,1773,1765,1822],"class_list":{"0":"post-46646","1":"product","2":"type-product","3":"status-publish","4":"has-post-thumbnail","6":"product_cat-accessoires-militaires-de-chasse","7":"product_cat-camping-voyage","8":"product_cat-sacs","9":"product_cat-sacs-de-transport-de-voyage","10":"product_cat-vetements-haute-visibilite-et-lumineux","11":"product_tag-army-survival-fr","12":"product_tag-camping-voyage","13":"product_tag-chasse-peche","14":"product_tag-sport-outdoor-fr","15":"product_tag-systeme-molle","17":"first","18":"instock","19":"taxable","20":"shipping-taxable","21":"purchasable","22":"product-type-simple"},"_links":{"self":[{"href":"https:\/\/metal-badge.ch\/fr\/wp-json\/wp\/v2\/product\/46646","targetHints":{"allow":["GET"]}}],"collection":[{"href":"https:\/\/metal-badge.ch\/fr\/wp-json\/wp\/v2\/product"}],"about":[{"href":"https:\/\/metal-badge.ch\/fr\/wp-json\/wp\/v2\/types\/product"}],"replies":[{"embeddable":true,"href":"https:\/\/metal-badge.ch\/fr\/wp-json\/wp\/v2\/comments?post=46646"}],"wp:featuredmedia":[{"embeddable":true,"href":"https:\/\/metal-badge.ch\/fr\/wp-json\/wp\/v2\/media\/46643"}],"wp:attachment":[{"href":"https:\/\/metal-badge.ch\/fr\/wp-json\/wp\/v2\/media?parent=46646"}],"wp:term":[{"taxonomy":"product_brand","embeddable":true,"href":"https:\/\/metal-badge.ch\/fr\/wp-json\/wp\/v2\/product_brand?post=46646"},{"taxonomy":"product_cat","embeddable":true,"href":"https:\/\/metal-badge.ch\/fr\/wp-json\/wp\/v2\/product_cat?post=46646"},{"taxonomy":"product_tag","embeddable":true,"href":"https:\/\/metal-badge.ch\/fr\/wp-json\/wp\/v2\/product_tag?post=46646"}],"curies":[{"name":"wp","href":"https:\/\/api.w.org\/{rel}","templated":true}]}}