{"id":46630,"date":"2019-05-12T10:54:41","date_gmt":"2019-05-12T10:54:41","guid":{"rendered":"https:\/\/shop.metal-badge.ch\/?product=ceinture-resistante-vert-olive-avec-boucle-3-points"},"modified":"2019-05-12T10:55:03","modified_gmt":"2019-05-12T10:55:03","slug":"ceinture-resistante-vert-olive-avec-boucle-3-points","status":"publish","type":"product","link":"https:\/\/metal-badge.ch\/fr\/product\/46630\/ceinture-resistante-vert-olive-avec-boucle-3-points\/","title":{"rendered":"Ceinture r\u00e9sistante vert olive avec boucle 3 points"},"content":{"rendered":"<p>La ceinture 3 points vert olive, un produit de qualit\u00e9 en nylon 1000 deniers, pour vous accompagner dans toutes vos missions. \u00c9quip\u00e9e d&rsquo;une boucle de s\u00e9curit\u00e9 \u00e0 trois points ind\u00e9chirable. Pour ouvrir la boucle, il faut appuyer simultan\u00e9ment sur les 3 s\u00e9curit\u00e9s de la boucle. Avec une largeur de 50 mm, elle s&rsquo;adapte aux ceintures de confort et aux couplages. Le tissu est hydrofuge et donc prot\u00e9g\u00e9 contre la pluie et l&rsquo;humidit\u00e9. La ceinture est tr\u00e8s confortable \u00e0 porter.<\/p>\n<p><strong>Informations du produit :<\/strong><br \/>\nCeinture r\u00e9sistante<br \/>\nCouleur : vert olive<br \/>\nLargeur : 5 cm.<br \/>\nLongueur max. : 120 cm, peut \u00eatre r\u00e9gl\u00e9e plus courte<br \/>\nMati\u00e8re : Nylon 1000 D<br \/>\nBoucle : plastique<br \/>\nBoucle triple s\u00e9curit\u00e9<br \/>\nPoids : 145 g<\/p>\n","protected":false},"excerpt":{"rendered":"<p>La ceinture 3 points vert olive, un produit de qualit\u00e9 en nylon 1000 deniers, pour vous accompagner dans toutes vos missions. \u00c9quip\u00e9e d&rsquo;une boucle de s\u00e9curit\u00e9 \u00e0 trois points ind\u00e9chirable. Pour ouvrir la boucle, il faut appuyer simultan\u00e9ment sur les 3 s\u00e9curit\u00e9s de la boucle. Avec une largeur de 50 mm, elle s&rsquo;adapte aux ceintures [&hellip;]<\/p>\n","protected":false},"featured_media":88237,"comment_status":"open","ping_status":"closed","template":"","meta":{"inline_featured_image":false},"product_brand":[],"product_cat":[1347,1435,1646],"product_tag":[1769,1777,1773,1781,1765],"class_list":{"0":"post-46630","1":"product","2":"type-product","3":"status-publish","4":"has-post-thumbnail","6":"product_cat-accessoires-militaires-de-chasse","7":"product_cat-camping-voyage","8":"product_cat-ceintures-a-inserer","9":"product_tag-army-survival-fr","10":"product_tag-camping-voyage","11":"product_tag-chasse-peche","12":"product_tag-police-securite","13":"product_tag-sport-outdoor-fr","15":"first","16":"instock","17":"taxable","18":"shipping-taxable","19":"purchasable","20":"product-type-simple"},"_links":{"self":[{"href":"https:\/\/metal-badge.ch\/fr\/wp-json\/wp\/v2\/product\/46630","targetHints":{"allow":["GET"]}}],"collection":[{"href":"https:\/\/metal-badge.ch\/fr\/wp-json\/wp\/v2\/product"}],"about":[{"href":"https:\/\/metal-badge.ch\/fr\/wp-json\/wp\/v2\/types\/product"}],"replies":[{"embeddable":true,"href":"https:\/\/metal-badge.ch\/fr\/wp-json\/wp\/v2\/comments?post=46630"}],"wp:featuredmedia":[{"embeddable":true,"href":"https:\/\/metal-badge.ch\/fr\/wp-json\/wp\/v2\/media\/88237"}],"wp:attachment":[{"href":"https:\/\/metal-badge.ch\/fr\/wp-json\/wp\/v2\/media?parent=46630"}],"wp:term":[{"taxonomy":"product_brand","embeddable":true,"href":"https:\/\/metal-badge.ch\/fr\/wp-json\/wp\/v2\/product_brand?post=46630"},{"taxonomy":"product_cat","embeddable":true,"href":"https:\/\/metal-badge.ch\/fr\/wp-json\/wp\/v2\/product_cat?post=46630"},{"taxonomy":"product_tag","embeddable":true,"href":"https:\/\/metal-badge.ch\/fr\/wp-json\/wp\/v2\/product_tag?post=46630"}],"curies":[{"name":"wp","href":"https:\/\/api.w.org\/{rel}","templated":true}]}}