{"id":46605,"date":"2019-05-12T10:13:29","date_gmt":"2019-05-12T10:13:29","guid":{"rendered":"https:\/\/shop.metal-badge.ch\/?product=ceinture-en-cuir-de-vachette-marron-avec-belle-boucle-en-metal"},"modified":"2020-10-13T14:51:42","modified_gmt":"2020-10-13T12:51:42","slug":"ceinture-en-cuir-de-vachette-marron-avec-belle-boucle-en-metal","status":"publish","type":"product","link":"https:\/\/metal-badge.ch\/fr\/product\/46605\/ceinture-en-cuir-de-vachette-marron-avec-belle-boucle-en-metal\/","title":{"rendered":"Ceinture en cuir de vachette marron avec belle boucle en m\u00e9tal"},"content":{"rendered":"<p>Ceinture extr\u00eamement r\u00e9sistante et durable en cuir de vachette v\u00e9ritable pour r\u00e9pondre \u00e0 des exigences extr\u00eames. Mod\u00e8le tendance et \u00e9l\u00e9gant. Largeur 37 mm (convient aussi bien pour un costume qu&rsquo;en tant que pantalon pour les loisirs). Mati\u00e8re \/ cuir : cuir de vachette finement tann\u00e9. Boucle : boucle argent\u00e9e, en alliage de zinc nickel\u00e9, poli et mat. Longueurs de ceinture s\u00e9lectionnable de 110 \u00e0 120 cm , la ceinture peut \u00eatre facilement raccourcie en ouvrant la boucle elle-m\u00eame.<\/p>\n<p>Informations du produit :<br \/>En cuir de vachette v\u00e9ritable<br \/>Longueur jusqu\u2019\u00e0 110 \u00e0 120 cm<br \/>Largeur 3,7 cm<br \/>Fermeture : M\u00e9canisme de pliage pour un raccourcissement pratique par vous-m\u00eame<br \/>Boucle en m\u00e9tal nickel\u00e9, poli, mat et galb\u00e9<br \/>Label de qualit\u00e9 cuir<br \/>Pour des commandes plus importantes \u00e0 partir de 30 pi\u00e8ces : remise de prix, contactez-nous.<br \/>Couleur de la ceinture : marron<br \/>Poids : environ 173 g<\/p>\n<p><img decoding=\"async\" class=\"alignnone size-full wp-image-71985\" src=\"https:\/\/metal-badge.ch\/wp-content\/uploads\/2019\/05\/guertel_groessentabelle.jpg\" alt=\"G\u00fcrtel Gr\u00f6ssentabelle\" width=\"401\" height=\"830\" srcset=\"https:\/\/metal-badge.ch\/wp-content\/uploads\/2019\/05\/guertel_groessentabelle.jpg 401w, https:\/\/metal-badge.ch\/wp-content\/uploads\/2019\/05\/guertel_groessentabelle-64x132.jpg 64w, https:\/\/metal-badge.ch\/wp-content\/uploads\/2019\/05\/guertel_groessentabelle-145x300.jpg 145w, https:\/\/metal-badge.ch\/wp-content\/uploads\/2019\/05\/guertel_groessentabelle-72x150.jpg 72w, https:\/\/metal-badge.ch\/wp-content\/uploads\/2019\/05\/guertel_groessentabelle-29x60.jpg 29w, https:\/\/metal-badge.ch\/wp-content\/uploads\/2019\/05\/guertel_groessentabelle-43x90.jpg 43w\" sizes=\"(max-width: 401px) 100vw, 401px\" \/><\/p>\n","protected":false},"excerpt":{"rendered":"<p>Ceinture extr\u00eamement r\u00e9sistante et durable en cuir de vachette v\u00e9ritable pour r\u00e9pondre \u00e0 des exigences extr\u00eames. Mod\u00e8le tendance et \u00e9l\u00e9gant. Largeur 37 mm (convient aussi bien pour un costume qu&rsquo;en tant que pantalon pour les loisirs). Mati\u00e8re \/ cuir : cuir de vachette finement tann\u00e9. Boucle : boucle argent\u00e9e, en alliage de zinc nickel\u00e9, poli [&hellip;]<\/p>\n","protected":false},"featured_media":46599,"comment_status":"open","ping_status":"closed","template":"","meta":{"inline_featured_image":false},"product_brand":[],"product_cat":[1347,1435,1646],"product_tag":[1769,1777,1773,1781,1765],"class_list":{"0":"post-46605","1":"product","2":"type-product","3":"status-publish","4":"has-post-thumbnail","6":"product_cat-accessoires-militaires-de-chasse","7":"product_cat-camping-voyage","8":"product_cat-ceintures-a-inserer","9":"product_tag-army-survival-fr","10":"product_tag-camping-voyage","11":"product_tag-chasse-peche","12":"product_tag-police-securite","13":"product_tag-sport-outdoor-fr","15":"first","16":"instock","17":"taxable","18":"shipping-taxable","19":"purchasable","20":"product-type-simple"},"_links":{"self":[{"href":"https:\/\/metal-badge.ch\/fr\/wp-json\/wp\/v2\/product\/46605","targetHints":{"allow":["GET"]}}],"collection":[{"href":"https:\/\/metal-badge.ch\/fr\/wp-json\/wp\/v2\/product"}],"about":[{"href":"https:\/\/metal-badge.ch\/fr\/wp-json\/wp\/v2\/types\/product"}],"replies":[{"embeddable":true,"href":"https:\/\/metal-badge.ch\/fr\/wp-json\/wp\/v2\/comments?post=46605"}],"wp:featuredmedia":[{"embeddable":true,"href":"https:\/\/metal-badge.ch\/fr\/wp-json\/wp\/v2\/media\/46599"}],"wp:attachment":[{"href":"https:\/\/metal-badge.ch\/fr\/wp-json\/wp\/v2\/media?parent=46605"}],"wp:term":[{"taxonomy":"product_brand","embeddable":true,"href":"https:\/\/metal-badge.ch\/fr\/wp-json\/wp\/v2\/product_brand?post=46605"},{"taxonomy":"product_cat","embeddable":true,"href":"https:\/\/metal-badge.ch\/fr\/wp-json\/wp\/v2\/product_cat?post=46605"},{"taxonomy":"product_tag","embeddable":true,"href":"https:\/\/metal-badge.ch\/fr\/wp-json\/wp\/v2\/product_tag?post=46605"}],"curies":[{"name":"wp","href":"https:\/\/api.w.org\/{rel}","templated":true}]}}