{"id":46572,"date":"2019-05-10T10:58:29","date_gmt":"2019-05-10T10:58:29","guid":{"rendered":"https:\/\/shop.metal-badge.ch\/?product=ceinture-en-nylon-38-mm-de-large-110-a-130-cm-de-long"},"modified":"2020-09-29T16:26:07","modified_gmt":"2020-09-29T14:26:07","slug":"ceinture-en-nylon-38-mm-de-large-110-a-130-cm-de-long-3","status":"publish","type":"product","link":"https:\/\/metal-badge.ch\/fr\/product\/46572\/ceinture-en-nylon-38-mm-de-large-110-a-130-cm-de-long-3\/","title":{"rendered":"Ceinture en nylon 38 mm de large, 110 \u00e0 130 cm de long"},"content":{"rendered":"<p>Comme c&rsquo;est ennuyeux d&rsquo;avoir une ceinture qu\u2019on ne peut pas r\u00e9gler exactement parce qu&rsquo;il faut suivre les trous ! Avec cette ceinture en nylon, vous ne rencontrerez pas de tels probl\u00e8mes. La ceinture est extr\u00eamement robuste et durable. Disponible en trois tailles de 110 cm \u00e0 130 cm. La boucle en plastique de ce mod\u00e8le peut \u00e9galement \u00eatre ouverte, ce qui permet de couper et d&rsquo;ajuster la courroie au besoin. La boucle de ceinture est facile \u00e0 utiliser. Tirez l&rsquo;extr\u00e9mit\u00e9 de la ceinture \u00e0 travers la boucle et cliquez.<\/p>\n<p><strong>Informations du produit :<\/strong><br \/>\nLargeur : 38 mm.<br \/>\nMati\u00e8re : fermeture en plastique et nylon<br \/>\nCouleur : kaki \/ sable<br \/>\nLongueur : 110 cm \/ 120 cm \/ 130 cm<br \/>\nAvantages : tr\u00e8s robuste et durable<br \/>\nBoucle de ceinture : peut \u00eatre ouverte pour que la ceinture puisse encore \u00eatre coup\u00e9e et ajust\u00e9e.<br \/>\nAutres couleurs en stock : noir et vert olive<br \/>\nPoids : 130 g<\/p>\n","protected":false},"excerpt":{"rendered":"<p>Comme c&rsquo;est ennuyeux d&rsquo;avoir une ceinture qu\u2019on ne peut pas r\u00e9gler exactement parce qu&rsquo;il faut suivre les trous ! Avec cette ceinture en nylon, vous ne rencontrerez pas de tels probl\u00e8mes. La ceinture est extr\u00eamement robuste et durable. Disponible en trois tailles de 110 cm \u00e0 130 cm. La boucle en plastique de ce mod\u00e8le [&hellip;]<\/p>\n","protected":false},"featured_media":46567,"comment_status":"open","ping_status":"closed","template":"","meta":{"inline_featured_image":false},"product_brand":[],"product_cat":[1347,1435,1646],"product_tag":[1769,1777,1773,1781,1765],"class_list":{"0":"post-46572","1":"product","2":"type-product","3":"status-publish","4":"has-post-thumbnail","6":"product_cat-accessoires-militaires-de-chasse","7":"product_cat-camping-voyage","8":"product_cat-ceintures-a-inserer","9":"product_tag-army-survival-fr","10":"product_tag-camping-voyage","11":"product_tag-chasse-peche","12":"product_tag-police-securite","13":"product_tag-sport-outdoor-fr","15":"first","16":"instock","17":"taxable","18":"shipping-taxable","19":"purchasable","20":"product-type-simple"},"_links":{"self":[{"href":"https:\/\/metal-badge.ch\/fr\/wp-json\/wp\/v2\/product\/46572","targetHints":{"allow":["GET"]}}],"collection":[{"href":"https:\/\/metal-badge.ch\/fr\/wp-json\/wp\/v2\/product"}],"about":[{"href":"https:\/\/metal-badge.ch\/fr\/wp-json\/wp\/v2\/types\/product"}],"replies":[{"embeddable":true,"href":"https:\/\/metal-badge.ch\/fr\/wp-json\/wp\/v2\/comments?post=46572"}],"wp:featuredmedia":[{"embeddable":true,"href":"https:\/\/metal-badge.ch\/fr\/wp-json\/wp\/v2\/media\/46567"}],"wp:attachment":[{"href":"https:\/\/metal-badge.ch\/fr\/wp-json\/wp\/v2\/media?parent=46572"}],"wp:term":[{"taxonomy":"product_brand","embeddable":true,"href":"https:\/\/metal-badge.ch\/fr\/wp-json\/wp\/v2\/product_brand?post=46572"},{"taxonomy":"product_cat","embeddable":true,"href":"https:\/\/metal-badge.ch\/fr\/wp-json\/wp\/v2\/product_cat?post=46572"},{"taxonomy":"product_tag","embeddable":true,"href":"https:\/\/metal-badge.ch\/fr\/wp-json\/wp\/v2\/product_tag?post=46572"}],"curies":[{"name":"wp","href":"https:\/\/api.w.org\/{rel}","templated":true}]}}