{"id":46544,"date":"2019-05-10T09:47:00","date_gmt":"2019-05-10T09:47:00","guid":{"rendered":"https:\/\/shop.metal-badge.ch\/?product=etui-pour-arme-etui-pour-fusil"},"modified":"2020-09-29T14:59:12","modified_gmt":"2020-09-29T12:59:12","slug":"etui-pour-arme-etui-pour-fusil-2","status":"publish","type":"product","link":"https:\/\/metal-badge.ch\/fr\/product\/46544\/etui-pour-arme-etui-pour-fusil-2\/","title":{"rendered":"\u00c9tui pour arme, \u00e9tui pour fusil"},"content":{"rendered":"<p>\u00c9tui robuste pour fusil avec poche ext\u00e9rieure \u00e0 fermeture \u00e9clair. Le sac est \u00e9quip\u00e9 de deux bretelles robustes. L&rsquo;int\u00e9rieur de l&rsquo;\u00e9tui est rembourr\u00e9 de laine polaire et cousu. L&rsquo;\u00e9tui offre ainsi une protection optimale pour votre fusil gr\u00e2ce \u00e0 sa doublure int\u00e9rieure qui n&rsquo;endommage pas les armes. L&rsquo;ext\u00e9rieur du sac est en nylon 600 D d\u00e9perlant. La poche de la carabine est munie d&rsquo;une fermeture \u00e9clair qui permet d&rsquo;ouvrir compl\u00e8tement un c\u00f4t\u00e9 de l&rsquo;\u00e9tui.<\/p>\n<p><strong>Informations du produit :<\/strong><br \/>\nCouleur : brun, noir<br \/>\nMati\u00e8re : Nylon 600 D<br \/>\nDoublure int\u00e9rieure : rembourr\u00e9e de polaire et cousue.<br \/>\nPoids : 485 g<br \/>\nLongueur : 122 cm.<br \/>\nHauteur : 21 cm \u00e0 l\u2019arri\u00e8re<br \/>\nHauteur : 17 cm \u00e0 l&rsquo;avant<br \/>\nAvec poign\u00e9es de transport<br \/>\nFermeture \u00e9clair sur tout le c\u00f4t\u00e9 de la doublure<br \/>\nDimensions de la poche ext\u00e9rieure avec fermeture \u00e9clair : 24 cm de large x 16 cm de haut<\/p>\n","protected":false},"excerpt":{"rendered":"<p>\u00c9tui robuste pour fusil avec poche ext\u00e9rieure \u00e0 fermeture \u00e9clair. Le sac est \u00e9quip\u00e9 de deux bretelles robustes. L&rsquo;int\u00e9rieur de l&rsquo;\u00e9tui est rembourr\u00e9 de laine polaire et cousu. L&rsquo;\u00e9tui offre ainsi une protection optimale pour votre fusil gr\u00e2ce \u00e0 sa doublure int\u00e9rieure qui n&rsquo;endommage pas les armes. L&rsquo;ext\u00e9rieur du sac est en nylon 600 D [&hellip;]<\/p>\n","protected":false},"featured_media":46539,"comment_status":"open","ping_status":"closed","template":"","meta":{"inline_featured_image":false},"product_brand":[],"product_cat":[1347,1658,1059],"product_tag":[1769,1773,1765],"class_list":{"0":"post-46544","1":"product","2":"type-product","3":"status-publish","4":"has-post-thumbnail","6":"product_cat-accessoires-militaires-de-chasse","7":"product_cat-etuis-a-arme","8":"product_cat-sacs","9":"product_tag-army-survival-fr","10":"product_tag-chasse-peche","11":"product_tag-sport-outdoor-fr","13":"first","14":"instock","15":"taxable","16":"shipping-taxable","17":"purchasable","18":"product-type-simple"},"_links":{"self":[{"href":"https:\/\/metal-badge.ch\/fr\/wp-json\/wp\/v2\/product\/46544","targetHints":{"allow":["GET"]}}],"collection":[{"href":"https:\/\/metal-badge.ch\/fr\/wp-json\/wp\/v2\/product"}],"about":[{"href":"https:\/\/metal-badge.ch\/fr\/wp-json\/wp\/v2\/types\/product"}],"replies":[{"embeddable":true,"href":"https:\/\/metal-badge.ch\/fr\/wp-json\/wp\/v2\/comments?post=46544"}],"wp:featuredmedia":[{"embeddable":true,"href":"https:\/\/metal-badge.ch\/fr\/wp-json\/wp\/v2\/media\/46539"}],"wp:attachment":[{"href":"https:\/\/metal-badge.ch\/fr\/wp-json\/wp\/v2\/media?parent=46544"}],"wp:term":[{"taxonomy":"product_brand","embeddable":true,"href":"https:\/\/metal-badge.ch\/fr\/wp-json\/wp\/v2\/product_brand?post=46544"},{"taxonomy":"product_cat","embeddable":true,"href":"https:\/\/metal-badge.ch\/fr\/wp-json\/wp\/v2\/product_cat?post=46544"},{"taxonomy":"product_tag","embeddable":true,"href":"https:\/\/metal-badge.ch\/fr\/wp-json\/wp\/v2\/product_tag?post=46544"}],"curies":[{"name":"wp","href":"https:\/\/api.w.org\/{rel}","templated":true}]}}