{"id":46497,"date":"2019-05-07T16:34:34","date_gmt":"2019-05-07T16:34:34","guid":{"rendered":"https:\/\/shop.metal-badge.ch\/?product=moustiquaire-1-personne-exterieur-gris-en-pyramide"},"modified":"2019-05-07T16:35:27","modified_gmt":"2019-05-07T16:35:27","slug":"moustiquaire-1-personne-exterieur-gris-en-pyramide","status":"publish","type":"product","link":"https:\/\/metal-badge.ch\/fr\/product\/46497\/moustiquaire-1-personne-exterieur-gris-en-pyramide\/","title":{"rendered":"Moustiquaire 1 personne ext\u00e9rieur, gris, en pyramide"},"content":{"rendered":"<p>Cette moustiquaire d&rsquo;ext\u00e9rieur \u00e0 mailles fines et serr\u00e9es pour une personne est l\u00e9g\u00e8re avec un poids de 170 g seulement, et est id\u00e9ale pour les voyages et le camping avec son petit volume de rangement. La moustiquaire 100 % polyester 50D est fix\u00e9e au point le plus haut par une boucle. La livraison comprend \u00e9galement un mousqueton en plastique \u00e0 accrocher et une ligne. Sont \u00e9galement inclus 4 chevilles m\u00e9talliques de 17 cm de long chacune. Aux coins ext\u00e9rieurs, le filet peut \u00eatre tendu avec un piquet \u00e0 chaque angle. Cette moustiquaire se monte en un tour de main et offre une protection id\u00e9ale contre tous les insectes. Soulevez bri\u00e8vement la moustiquaire pour y entrer.<\/p>\n<p><strong>Description du produit :<\/strong><br \/>\nD\u00e9nomination : Moustiquaire ext\u00e9rieure 1 personne<br \/>\nCouleur : gris<br \/>\nPoids : 150 g.<br \/>\nDimensions : mont\u00e9e, 120 cm de large, 150 cm de haut, 220 cm de long<br \/>\nMati\u00e8re : 100 % nylon 50 D<br \/>\nForme : Pyramide<br \/>\n4 piquets sont inclus dans la livraison, ainsi qu&rsquo;un cordon de suspension et un mousqueton en plastique.<br \/>\nSacoche pour cordon noire inclus dans le prix<br \/>\nTaille de l&#8217;emballage : 15 cm x 10 cm<\/p>\n","protected":false},"excerpt":{"rendered":"<p>Cette moustiquaire d&rsquo;ext\u00e9rieur \u00e0 mailles fines et serr\u00e9es pour une personne est l\u00e9g\u00e8re avec un poids de 170 g seulement, et est id\u00e9ale pour les voyages et le camping avec son petit volume de rangement. La moustiquaire 100 % polyester 50D est fix\u00e9e au point le plus haut par une boucle. La livraison comprend \u00e9galement [&hellip;]<\/p>\n","protected":false},"featured_media":74464,"comment_status":"open","ping_status":"closed","template":"","meta":{"inline_featured_image":false},"product_brand":[],"product_cat":[1347,1435,1683],"product_tag":[1769,1777,1773,1765],"class_list":{"0":"post-46497","1":"product","2":"type-product","3":"status-publish","4":"has-post-thumbnail","6":"product_cat-accessoires-militaires-de-chasse","7":"product_cat-camping-voyage","8":"product_cat-moustiquaires","9":"product_tag-army-survival-fr","10":"product_tag-camping-voyage","11":"product_tag-chasse-peche","12":"product_tag-sport-outdoor-fr","14":"first","15":"instock","16":"taxable","17":"shipping-taxable","18":"purchasable","19":"product-type-simple"},"_links":{"self":[{"href":"https:\/\/metal-badge.ch\/fr\/wp-json\/wp\/v2\/product\/46497","targetHints":{"allow":["GET"]}}],"collection":[{"href":"https:\/\/metal-badge.ch\/fr\/wp-json\/wp\/v2\/product"}],"about":[{"href":"https:\/\/metal-badge.ch\/fr\/wp-json\/wp\/v2\/types\/product"}],"replies":[{"embeddable":true,"href":"https:\/\/metal-badge.ch\/fr\/wp-json\/wp\/v2\/comments?post=46497"}],"wp:featuredmedia":[{"embeddable":true,"href":"https:\/\/metal-badge.ch\/fr\/wp-json\/wp\/v2\/media\/74464"}],"wp:attachment":[{"href":"https:\/\/metal-badge.ch\/fr\/wp-json\/wp\/v2\/media?parent=46497"}],"wp:term":[{"taxonomy":"product_brand","embeddable":true,"href":"https:\/\/metal-badge.ch\/fr\/wp-json\/wp\/v2\/product_brand?post=46497"},{"taxonomy":"product_cat","embeddable":true,"href":"https:\/\/metal-badge.ch\/fr\/wp-json\/wp\/v2\/product_cat?post=46497"},{"taxonomy":"product_tag","embeddable":true,"href":"https:\/\/metal-badge.ch\/fr\/wp-json\/wp\/v2\/product_tag?post=46497"}],"curies":[{"name":"wp","href":"https:\/\/api.w.org\/{rel}","templated":true}]}}