{"id":46475,"date":"2019-05-06T16:44:40","date_gmt":"2019-05-06T16:44:40","guid":{"rendered":"https:\/\/shop.metal-badge.ch\/?product=hamac-camouflage-avec-moustiquaire"},"modified":"2019-05-07T16:21:44","modified_gmt":"2019-05-07T16:21:44","slug":"hamac-camouflage-avec-moustiquaire","status":"publish","type":"product","link":"https:\/\/metal-badge.ch\/fr\/product\/46475\/hamac-camouflage-avec-moustiquaire\/","title":{"rendered":"Hamac camouflage avec moustiquaire"},"content":{"rendered":"<p>Avec un hamac en nylon, vous avez toujours votre lit avec vous et dormez confortablement au-dessus du sol. Ce hamac ultra-l\u00e9ger est livr\u00e9 avec une moustiquaire int\u00e9gr\u00e9e pratique. Le sac d&#8217;emballage est cousu au hamac et ne se perd jamais. Vous y entrez lat\u00e9ralement par une double fermeture \u00e9clair. Le hamac est con\u00e7u pour une charge allant jusqu&rsquo;\u00e0 190 kg. Inclus dans la livraison sont deux crochets de carabine ainsi que deux Paracord, chacun de 2 m\u00e8tres de long, avec lesquels vous pouvez attacher et \u00e9tirer le hamac entre deux arbres. De plus il y a 2 Paracord de 4 m\u00e8tres chacun, pour \u00e9tirer la moustiquaire. Il suffit de tirer le filet \u00e0 travers les \u0153illets et de le fixer \u00e0 un arbre. Ce hamac est tr\u00e8s l\u00e9ger et fabriqu\u00e9 en nylon durable. Avantage : prend tr\u00e8s peu de place dans le sac \u00e0 dos, les bagages. Profitez de la brise fra\u00eeche \u00e0 l&rsquo;ext\u00e9rieur en camping, en randonn\u00e9e, \u00e0 la chasse, en voyage ou simplement dans le jardin ou sur le balcon. Le hamac est lavable.<\/p>\n<p><strong>Description du produit :<\/strong><br \/>\nPoids : 550 g<br \/>\nTaille : 260 x 140 cm<br \/>\nCouleur : Couleurs camouflage avec moustiquaire int\u00e9gr\u00e9e<br \/>\nCapacit\u00e9 de charge : 190 kg<br \/>\nAvec deux mousquetons<br \/>\nAvec deux cordes en nylon de 2 m de long<br \/>\nAvec deux cordons pour moustiquaire de 4 m\u00e8tres Paracord<br \/>\nEntr\u00e9e lat\u00e9rale avec syst\u00e8me \u00e0 deux fermetures \u00e9clair<br \/>\nAvec sachet d&#8217;emballage sur hamac<\/p>\n","protected":false},"excerpt":{"rendered":"<p>Avec un hamac en nylon, vous avez toujours votre lit avec vous et dormez confortablement au-dessus du sol. Ce hamac ultra-l\u00e9ger est livr\u00e9 avec une moustiquaire int\u00e9gr\u00e9e pratique. Le sac d&#8217;emballage est cousu au hamac et ne se perd jamais. Vous y entrez lat\u00e9ralement par une double fermeture \u00e9clair. Le hamac est con\u00e7u pour une [&hellip;]<\/p>\n","protected":false},"featured_media":88249,"comment_status":"open","ping_status":"closed","template":"","meta":{"inline_featured_image":false},"product_brand":[],"product_cat":[1347,1435,1683,1694],"product_tag":[1769,1777,1773,1765],"class_list":{"0":"post-46475","1":"product","2":"type-product","3":"status-publish","4":"has-post-thumbnail","6":"product_cat-accessoires-militaires-de-chasse","7":"product_cat-camping-voyage","8":"product_cat-moustiquaires","9":"product_cat-sacs-de-couchage-sacs-de-bivouac-hamacs","10":"product_tag-army-survival-fr","11":"product_tag-camping-voyage","12":"product_tag-chasse-peche","13":"product_tag-sport-outdoor-fr","15":"first","16":"instock","17":"taxable","18":"shipping-taxable","19":"purchasable","20":"product-type-simple"},"_links":{"self":[{"href":"https:\/\/metal-badge.ch\/fr\/wp-json\/wp\/v2\/product\/46475","targetHints":{"allow":["GET"]}}],"collection":[{"href":"https:\/\/metal-badge.ch\/fr\/wp-json\/wp\/v2\/product"}],"about":[{"href":"https:\/\/metal-badge.ch\/fr\/wp-json\/wp\/v2\/types\/product"}],"replies":[{"embeddable":true,"href":"https:\/\/metal-badge.ch\/fr\/wp-json\/wp\/v2\/comments?post=46475"}],"wp:featuredmedia":[{"embeddable":true,"href":"https:\/\/metal-badge.ch\/fr\/wp-json\/wp\/v2\/media\/88249"}],"wp:attachment":[{"href":"https:\/\/metal-badge.ch\/fr\/wp-json\/wp\/v2\/media?parent=46475"}],"wp:term":[{"taxonomy":"product_brand","embeddable":true,"href":"https:\/\/metal-badge.ch\/fr\/wp-json\/wp\/v2\/product_brand?post=46475"},{"taxonomy":"product_cat","embeddable":true,"href":"https:\/\/metal-badge.ch\/fr\/wp-json\/wp\/v2\/product_cat?post=46475"},{"taxonomy":"product_tag","embeddable":true,"href":"https:\/\/metal-badge.ch\/fr\/wp-json\/wp\/v2\/product_tag?post=46475"}],"curies":[{"name":"wp","href":"https:\/\/api.w.org\/{rel}","templated":true}]}}