{"id":46465,"date":"2019-05-05T10:35:48","date_gmt":"2019-05-05T10:35:48","guid":{"rendered":"https:\/\/shop.metal-badge.ch\/?product=set-batterie-de-cuisine-dexterieur-6-pieces-grand-format"},"modified":"2019-05-07T16:23:58","modified_gmt":"2019-05-07T16:23:58","slug":"set-batterie-de-cuisine-dexterieur-6-pieces-grand-format","status":"publish","type":"product","link":"https:\/\/metal-badge.ch\/fr\/product\/46465\/set-batterie-de-cuisine-dexterieur-6-pieces-grand-format\/","title":{"rendered":"Set batterie de cuisine d&rsquo;ext\u00e9rieur 6 pi\u00e8ces grand format"},"content":{"rendered":"<p>Batterie de cuisine tr\u00e8s l\u00e9g\u00e8re et pratique, en aluminium anodis\u00e9. Batterie de cuisine pour les amateurs de plein air en aluminium anodis\u00e9. Le set contient : 1 po\u00eale \u00e0 frire de 210 mm de diam\u00e8tre x 40 mm, avec 2 poign\u00e9es d\u00e9montables. 1 grande casserole avec 2 poign\u00e9es d\u00e9montables et un couvercle (205 de diam\u00e8tre x 100 mm de hauteur) 1x casserole avec poign\u00e9es d\u00e9montables et un couvercle (180 de diam\u00e8tre x 90 mm de hauteur ) 1 bouilloire \u00e0 th\u00e9 ou caf\u00e9 avec couvercle, 145 mm de diam\u00e8tre de base x 90 mm de hauteur). Tous les \u00e9l\u00e9ments du set seront rang\u00e9s les uns dans les autres pour gagner de la place et livr\u00e9s dans un sac de transport assorti. Tout est emball\u00e9. Dimensions totales de l\u2019emballage : 210 mm de diam\u00e8tre x 125 mm de hauteur. La batterie de cuisine est id\u00e9ale pour le camping, les balades en v\u00e9lo, la randonn\u00e9e, etc.<\/p>\n<p>\n<strong>Description du produit :<\/strong><br \/>\nAluminium anodis\u00e9<br \/>\nDimensions Po\u00eale \u00e0 frire, diam\u00e8tre 210 x 40 mm<br \/>\nDimensions : Grande casserole avec couvercle, 205 mm de diam\u00e8tre x 100 mm de hauteur.<br \/>\nDimensions : Petite casserole avec couvercle, 180 mm de diam\u00e8tre x 90 mm de hauteur.<br \/>\nDimensions : Bouilloire \u00e0 th\u00e9 ou caf\u00e9 avec couvercle, 145 mm de diam\u00e8tre de base x 90 mm de hauteur.<br \/>\nPoids : 1100 g en tout<br \/>\n\u00c9conomise de la place, avec un sac de transport<br \/>\nDes batteries de cuisine dans d&rsquo;autres tailles sont \u00e9galement disponibles sur demande.<\/p>\n","protected":false},"excerpt":{"rendered":"<p>Batterie de cuisine tr\u00e8s l\u00e9g\u00e8re et pratique, en aluminium anodis\u00e9. Batterie de cuisine pour les amateurs de plein air en aluminium anodis\u00e9. Le set contient : 1 po\u00eale \u00e0 frire de 210 mm de diam\u00e8tre x 40 mm, avec 2 poign\u00e9es d\u00e9montables. 1 grande casserole avec 2 poign\u00e9es d\u00e9montables et un couvercle (205 de diam\u00e8tre [&hellip;]<\/p>\n","protected":false},"featured_media":88251,"comment_status":"open","ping_status":"closed","template":"","meta":{"inline_featured_image":false},"product_brand":[],"product_cat":[1347,1435],"product_tag":[1769,1777,1773],"class_list":{"0":"post-46465","1":"product","2":"type-product","3":"status-publish","4":"has-post-thumbnail","6":"product_cat-accessoires-militaires-de-chasse","7":"product_cat-camping-voyage","8":"product_tag-army-survival-fr","9":"product_tag-camping-voyage","10":"product_tag-chasse-peche","12":"first","13":"instock","14":"taxable","15":"shipping-taxable","16":"purchasable","17":"product-type-simple"},"_links":{"self":[{"href":"https:\/\/metal-badge.ch\/fr\/wp-json\/wp\/v2\/product\/46465","targetHints":{"allow":["GET"]}}],"collection":[{"href":"https:\/\/metal-badge.ch\/fr\/wp-json\/wp\/v2\/product"}],"about":[{"href":"https:\/\/metal-badge.ch\/fr\/wp-json\/wp\/v2\/types\/product"}],"replies":[{"embeddable":true,"href":"https:\/\/metal-badge.ch\/fr\/wp-json\/wp\/v2\/comments?post=46465"}],"wp:featuredmedia":[{"embeddable":true,"href":"https:\/\/metal-badge.ch\/fr\/wp-json\/wp\/v2\/media\/88251"}],"wp:attachment":[{"href":"https:\/\/metal-badge.ch\/fr\/wp-json\/wp\/v2\/media?parent=46465"}],"wp:term":[{"taxonomy":"product_brand","embeddable":true,"href":"https:\/\/metal-badge.ch\/fr\/wp-json\/wp\/v2\/product_brand?post=46465"},{"taxonomy":"product_cat","embeddable":true,"href":"https:\/\/metal-badge.ch\/fr\/wp-json\/wp\/v2\/product_cat?post=46465"},{"taxonomy":"product_tag","embeddable":true,"href":"https:\/\/metal-badge.ch\/fr\/wp-json\/wp\/v2\/product_tag?post=46465"}],"curies":[{"name":"wp","href":"https:\/\/api.w.org\/{rel}","templated":true}]}}