{"id":46443,"date":"2019-05-05T10:07:31","date_gmt":"2019-05-05T10:07:31","guid":{"rendered":"https:\/\/shop.metal-badge.ch\/?product=barbecue-grill-acier-inoxydable-pliable-30-x-28-cm"},"modified":"2020-08-02T03:53:44","modified_gmt":"2020-08-02T03:53:44","slug":"barbecue-grill-acier-inoxydable-pliable-30-x-28-cm","status":"publish","type":"product","link":"https:\/\/metal-badge.ch\/fr\/product\/46443\/barbecue-grill-acier-inoxydable-pliable-30-x-28-cm\/","title":{"rendered":"Barbecue grill, acier inoxydable, pliable, 30 x 28 cm"},"content":{"rendered":"<p>La grille pliante en acier inoxydable est id\u00e9ale pour faire des barbecues sur le pouce. Avec une surface de 28 x 30 cm, il y a assez de place pour toutes sortes de grillades : viande, saucisses, poisson, l\u00e9gumes et plus encore. Avec une hauteur de 27 cm, la grille peut \u00eatre utilis\u00e9e aussi bien sur des feux que sur des sources de chaleur telles que les po\u00eales \u00e0 gaz et \u00e0 alcool. Gr\u00e2ce \u00e0 ses dimensions r\u00e9duites (30 x 28 x 1,5 cm seulement), la grille du barbecue est particuli\u00e8rement adapt\u00e9e aux randonn\u00e9es, aux trekkings et \u00e0 toutes les activit\u00e9s de plein air.<\/p>\n<p><strong>Donn\u00e9es du produit :<\/strong><br \/>\nManipulation facile<br \/>\nDimensions du petit emballage : 30 x 28 x 1,5 cm<br \/>\nPoids : 410 g.<br \/>\nHauteur d\u2019installation : 27 cm<br \/>\nMati\u00e8re : acier inoxydable<\/p>\n","protected":false},"excerpt":{"rendered":"<p>La grille pliante en acier inoxydable est id\u00e9ale pour faire des barbecues sur le pouce. Avec une surface de 28 x 30 cm, il y a assez de place pour toutes sortes de grillades : viande, saucisses, poisson, l\u00e9gumes et plus encore. Avec une hauteur de 27 cm, la grille peut \u00eatre utilis\u00e9e aussi bien [&hellip;]<\/p>\n","protected":false},"featured_media":88255,"comment_status":"open","ping_status":"closed","template":"","meta":{"inline_featured_image":false},"product_brand":[],"product_cat":[1347,1435],"product_tag":[1769,1777,1773],"class_list":{"0":"post-46443","1":"product","2":"type-product","3":"status-publish","4":"has-post-thumbnail","6":"product_cat-accessoires-militaires-de-chasse","7":"product_cat-camping-voyage","8":"product_tag-army-survival-fr","9":"product_tag-camping-voyage","10":"product_tag-chasse-peche","12":"first","13":"instock","14":"taxable","15":"shipping-taxable","16":"purchasable","17":"product-type-simple"},"_links":{"self":[{"href":"https:\/\/metal-badge.ch\/fr\/wp-json\/wp\/v2\/product\/46443","targetHints":{"allow":["GET"]}}],"collection":[{"href":"https:\/\/metal-badge.ch\/fr\/wp-json\/wp\/v2\/product"}],"about":[{"href":"https:\/\/metal-badge.ch\/fr\/wp-json\/wp\/v2\/types\/product"}],"replies":[{"embeddable":true,"href":"https:\/\/metal-badge.ch\/fr\/wp-json\/wp\/v2\/comments?post=46443"}],"wp:featuredmedia":[{"embeddable":true,"href":"https:\/\/metal-badge.ch\/fr\/wp-json\/wp\/v2\/media\/88255"}],"wp:attachment":[{"href":"https:\/\/metal-badge.ch\/fr\/wp-json\/wp\/v2\/media?parent=46443"}],"wp:term":[{"taxonomy":"product_brand","embeddable":true,"href":"https:\/\/metal-badge.ch\/fr\/wp-json\/wp\/v2\/product_brand?post=46443"},{"taxonomy":"product_cat","embeddable":true,"href":"https:\/\/metal-badge.ch\/fr\/wp-json\/wp\/v2\/product_cat?post=46443"},{"taxonomy":"product_tag","embeddable":true,"href":"https:\/\/metal-badge.ch\/fr\/wp-json\/wp\/v2\/product_tag?post=46443"}],"curies":[{"name":"wp","href":"https:\/\/api.w.org\/{rel}","templated":true}]}}